{"id":204845,"date":"2023-09-12T00:04:02","date_gmt":"2023-09-11T22:04:02","guid":{"rendered":"https:\/\/desdropi.com\/elparque\/secador-irene-rios-diavolo-2400w-motor-ac-rojo\/"},"modified":"2025-04-14T01:14:56","modified_gmt":"2025-04-13T23:14:56","slug":"secador-irene-rios-diavolo-2400w-motor-ac-rojo","status":"publish","type":"product","link":"https:\/\/desdropi.com\/elparque\/secador-irene-rios-diavolo-2400w-motor-ac-rojo\/","title":{"rendered":"secador irene rios diavolo 2400w motor ac rojo"},"content":{"rendered":"<div class=\"descripcion-tab\">\n<p><strong>Secador Profesional Diavolo Irene Rios<\/strong>Secador de pelo profesional Diavolo Ionic Edition 2200-2400WEl secador profesional Diavolo de Irene Rios es una edici\u00f3n especial y elegante. Adem\u00e1s es la Edici\u00f3n limitada I\u00f3nica.<strong>\u00bfPor que elegir un secador como Diavolo de Irene Rios Ionic Diavolo?<\/strong><\/p>\n<ul>\n<li>La abundancia de iones negativos rompen las part\u00edculas de agua dividi\u00e9ndolas en mol\u00e9culas.<\/li>\n<li>Las mol\u00e9culas de agua penetran en el cabello r\u00e1pida y profundamente previniendo la actuaci\u00f3n de bacterias y residuos, produciendo un efecto antiest\u00e1tico y antiencrespado.<\/li>\n<li>El cabello queda hidratado y obtiene as\u00ed mayor flexibilidad, suavidad y brillo.<\/li>\n<\/ul>\n<p><strong>Caracter\u00edsticas t\u00e9cnicas:<\/strong><\/p>\n<ul>\n<li>Secador Profesional 2200 &#8211; 2400W<\/li>\n<li>Tecnolog\u00eda Alemana de ultima generaci\u00f3n<\/li>\n<li>Larga duraci\u00f3n<\/li>\n<li>Peso reducido<\/li>\n<li>1 Difusor<\/li>\n<li>2 Boquillas<\/li>\n<li>Indicadores luminosos de potencia y temperatura<\/li>\n<li>Bot\u00f3n de aire fr\u00edo<\/li>\n<li>Disponible en varios colores.<\/li>\n<\/ul>\n<\/div>\n","protected":false},"excerpt":{"rendered":"<p>Secador Profesional Diavolo Irene RiosSecador de pelo profesional Diavolo Ionic Edition 2200-2400WEl secador profesional Diavolo de Irene Rios es una<\/p>\n","protected":false},"featured_media":134335,"comment_status":"open","ping_status":"closed","template":"","meta":{"_joinchat":[]},"product_cat":[6511,6510,825,6097],"product_tag":[],"class_list":{"0":"post-204845","1":"product","2":"type-product","3":"status-publish","4":"has-post-thumbnail","6":"product_cat-secadores-de-pelo","7":"product_cat-vello-y-pelo","8":"product_cat-pequeno-electrodomestico","9":"product_cat-cuidado-personal","10":"pa_marca-irene-rios","11":"pa_potenica-2400w","13":"first","14":"instock","15":"taxable","16":"shipping-taxable","17":"purchasable","18":"product-type-simple"},"_links":{"self":[{"href":"https:\/\/desdropi.com\/elparque\/wp-json\/wp\/v2\/product\/204845"}],"collection":[{"href":"https:\/\/desdropi.com\/elparque\/wp-json\/wp\/v2\/product"}],"about":[{"href":"https:\/\/desdropi.com\/elparque\/wp-json\/wp\/v2\/types\/product"}],"replies":[{"embeddable":true,"href":"https:\/\/desdropi.com\/elparque\/wp-json\/wp\/v2\/comments?post=204845"}],"version-history":[{"count":1,"href":"https:\/\/desdropi.com\/elparque\/wp-json\/wp\/v2\/product\/204845\/revisions"}],"predecessor-version":[{"id":224834,"href":"https:\/\/desdropi.com\/elparque\/wp-json\/wp\/v2\/product\/204845\/revisions\/224834"}],"wp:featuredmedia":[{"embeddable":true,"href":"https:\/\/desdropi.com\/elparque\/wp-json\/wp\/v2\/media\/134335"}],"wp:attachment":[{"href":"https:\/\/desdropi.com\/elparque\/wp-json\/wp\/v2\/media?parent=204845"}],"wp:term":[{"taxonomy":"product_cat","embeddable":true,"href":"https:\/\/desdropi.com\/elparque\/wp-json\/wp\/v2\/product_cat?post=204845"},{"taxonomy":"product_tag","embeddable":true,"href":"https:\/\/desdropi.com\/elparque\/wp-json\/wp\/v2\/product_tag?post=204845"}],"curies":[{"name":"wp","href":"https:\/\/api.w.org\/{rel}","templated":true}]}}