{"id":204995,"date":"2023-09-12T19:31:18","date_gmt":"2023-09-12T17:31:18","guid":{"rendered":"https:\/\/desdropi.com\/elparque\/?post_type=product&#038;p=204995"},"modified":"2023-10-31T21:11:37","modified_gmt":"2023-10-31T20:11:37","slug":"instalacion-de-aire-acondicionado-de-6000-frigorias-maximo","status":"publish","type":"product","link":"https:\/\/desdropi.com\/elparque\/instalacion-de-aire-acondicionado-de-6000-frigorias-maximo\/","title":{"rendered":"INSTALACI\u00d3N DE AIRE ACONDICIONADO DE 6000 FRIGOR\u00cdAS M\u00c1XIMO"},"content":{"rendered":"<div class=\"descripcion-tab\">\n<p><strong>Servicio SOLO DISPONIBLE en la Regi\u00f3n de Murcia.<\/strong><\/p>\n<p>Instalaci\u00f3n de Aire Acondicionado de\u00a0<strong>hasta 6000 Frigor\u00edas (sin canaleta).<\/strong>\u00a0Conexi\u00f3n de la Unidad Interior con la Unidad Exterior con tubo de cobre e instalaci\u00f3n el\u00e9ctrica. Soporte para la Unidad Exterior. Instalaci\u00f3n b\u00e1sica hasta 3 metros. Las instalaciones de\u00a0<strong>m\u00e1s de 3 metros<\/strong>\u00a0se deber\u00e1 pagar\u00a0<strong>suplemento de 40 euros<\/strong>\u00a0para los Aires Acondicionados de hasta 6000 Frigor\u00edas.<\/p>\n<p>Si fuera necesario el suplemento, se le pagar\u00e1 directamente al instalador.<\/p>\n<p>Se le dar\u00e1<strong>\u00a0cita para la instalaci\u00f3n<\/strong>\u00a0seg\u00fan la demanda en un plazo de\u00a0<strong>24-72 horas.<\/strong><\/p>\n<\/div>\n","protected":false},"excerpt":{"rendered":"<p>Servicio SOLO DISPONIBLE en la Regi\u00f3n de Murcia. Instalaci\u00f3n de Aire Acondicionado de\u00a0hasta 6000 Frigor\u00edas (sin canaleta).\u00a0Conexi\u00f3n de la Unidad<\/p>\n","protected":false},"featured_media":197530,"comment_status":"open","ping_status":"closed","template":"","meta":{"_joinchat":[]},"product_cat":[6409],"product_tag":[],"class_list":{"0":"post-204995","1":"product","2":"type-product","3":"status-publish","4":"has-post-thumbnail","6":"product_cat-instalaciones","8":"first","9":"instock","10":"taxable","11":"shipping-taxable","12":"purchasable","13":"product-type-simple"},"_links":{"self":[{"href":"https:\/\/desdropi.com\/elparque\/wp-json\/wp\/v2\/product\/204995"}],"collection":[{"href":"https:\/\/desdropi.com\/elparque\/wp-json\/wp\/v2\/product"}],"about":[{"href":"https:\/\/desdropi.com\/elparque\/wp-json\/wp\/v2\/types\/product"}],"replies":[{"embeddable":true,"href":"https:\/\/desdropi.com\/elparque\/wp-json\/wp\/v2\/comments?post=204995"}],"version-history":[{"count":0,"href":"https:\/\/desdropi.com\/elparque\/wp-json\/wp\/v2\/product\/204995\/revisions"}],"wp:featuredmedia":[{"embeddable":true,"href":"https:\/\/desdropi.com\/elparque\/wp-json\/wp\/v2\/media\/197530"}],"wp:attachment":[{"href":"https:\/\/desdropi.com\/elparque\/wp-json\/wp\/v2\/media?parent=204995"}],"wp:term":[{"taxonomy":"product_cat","embeddable":true,"href":"https:\/\/desdropi.com\/elparque\/wp-json\/wp\/v2\/product_cat?post=204995"},{"taxonomy":"product_tag","embeddable":true,"href":"https:\/\/desdropi.com\/elparque\/wp-json\/wp\/v2\/product_tag?post=204995"}],"curies":[{"name":"wp","href":"https:\/\/api.w.org\/{rel}","templated":true}]}}