{"id":205001,"date":"2023-09-12T19:44:17","date_gmt":"2023-09-12T17:44:17","guid":{"rendered":"https:\/\/desdropi.com\/elparque\/?post_type=product&#038;p=205001"},"modified":"2023-10-31T21:11:37","modified_gmt":"2023-10-31T20:11:37","slug":"carga-de-gas-de-aire-acondicionado-de-2000-a-3000-frigorias-maximo","status":"publish","type":"product","link":"https:\/\/desdropi.com\/elparque\/carga-de-gas-de-aire-acondicionado-de-2000-a-3000-frigorias-maximo\/","title":{"rendered":"CARGA DE GAS DE AIRE ACONDICIONADO DE 2000 A 3000 FRIGOR\u00cdAS M\u00c1XIMO"},"content":{"rendered":"<div class=\"descripcion-tab\">\n<p><strong>Servicio SOLO DISPONIBLE en la Regi\u00f3n de Murcia.<\/strong><\/p>\n<p>Precio aproximado por realizaci\u00f3n de carga de gas de aires acondicionados de 2000 a 3000 frigor\u00edas M\u00e1ximo. (O bien seg\u00fan el modelo las m\u00e1quinas 09, 12, 25 o 35).<\/p>\n<p>Se le dar\u00e1<strong>\u00a0cita para la instalaci\u00f3n<\/strong>\u00a0seg\u00fan la demanda en un plazo de\u00a0<strong>24-72 horas.<\/strong><\/p>\n<\/div>\n","protected":false},"excerpt":{"rendered":"<p>Servicio SOLO DISPONIBLE en la Regi\u00f3n de Murcia. Precio aproximado por realizaci\u00f3n de carga de gas de aires acondicionados de<\/p>\n","protected":false},"featured_media":197530,"comment_status":"open","ping_status":"closed","template":"","meta":{"_joinchat":[]},"product_cat":[6409],"product_tag":[],"class_list":{"0":"post-205001","1":"product","2":"type-product","3":"status-publish","4":"has-post-thumbnail","6":"product_cat-instalaciones","8":"first","9":"instock","10":"taxable","11":"shipping-taxable","12":"purchasable","13":"product-type-simple"},"_links":{"self":[{"href":"https:\/\/desdropi.com\/elparque\/wp-json\/wp\/v2\/product\/205001"}],"collection":[{"href":"https:\/\/desdropi.com\/elparque\/wp-json\/wp\/v2\/product"}],"about":[{"href":"https:\/\/desdropi.com\/elparque\/wp-json\/wp\/v2\/types\/product"}],"replies":[{"embeddable":true,"href":"https:\/\/desdropi.com\/elparque\/wp-json\/wp\/v2\/comments?post=205001"}],"version-history":[{"count":0,"href":"https:\/\/desdropi.com\/elparque\/wp-json\/wp\/v2\/product\/205001\/revisions"}],"wp:featuredmedia":[{"embeddable":true,"href":"https:\/\/desdropi.com\/elparque\/wp-json\/wp\/v2\/media\/197530"}],"wp:attachment":[{"href":"https:\/\/desdropi.com\/elparque\/wp-json\/wp\/v2\/media?parent=205001"}],"wp:term":[{"taxonomy":"product_cat","embeddable":true,"href":"https:\/\/desdropi.com\/elparque\/wp-json\/wp\/v2\/product_cat?post=205001"},{"taxonomy":"product_tag","embeddable":true,"href":"https:\/\/desdropi.com\/elparque\/wp-json\/wp\/v2\/product_tag?post=205001"}],"curies":[{"name":"wp","href":"https:\/\/api.w.org\/{rel}","templated":true}]}}