{"id":205014,"date":"2023-09-12T23:56:02","date_gmt":"2023-09-12T21:56:02","guid":{"rendered":"https:\/\/desdropi.com\/elparque\/carro-compra-karways-voss-vo-bk-negro-65-litros11-litros-congelados\/"},"modified":"2025-04-14T01:32:05","modified_gmt":"2025-04-13T23:32:05","slug":"carro-compra-karways-voss-vo-bk-negro-65-litros11-litros-congelados","status":"publish","type":"product","link":"https:\/\/desdropi.com\/elparque\/carro-compra-karways-voss-vo-bk-negro-65-litros11-litros-congelados\/","title":{"rendered":"carro compra karways voss-vo-bk negro 65\/litros+11\/litros congelados"},"content":{"rendered":"<div class=\"descripcion-tab\">\n<strong>Color<\/strong><\/p>\n<ul>\n<li>Negro<\/li>\n<\/ul>\n<p><strong>Marca<\/strong><\/p>\n<ul>\n<li>Karways<\/li>\n<\/ul>\n<p><strong>Capacidad<\/strong><\/p>\n<ul>\n<li>65 L<\/li>\n<\/ul>\n<p><strong>Dimensiones carro plegado<\/strong><\/p>\n<ul>\n<li>(66,5 x 50,5 x 34) cm<\/li>\n<\/ul>\n<p><strong>Dimensiones carro abierto<\/strong><\/p>\n<ul>\n<li>(63,5 x 50,5 x 105) cm<\/li>\n<\/ul>\n<p><strong>Caracter\u00edsticas Principales<\/strong><\/p>\n<ul>\n<li>Manillar Ajustable: Equipado con un manillar cubierto con espuma EVA ajustable en 5 posiciones, lo que garantiza un confort \u00f3ptimo.<\/li>\n<li>Capacidad Espaciosa: La bolsa ofrece un amplio espacio de almacenamiento con una incre\u00edble capacidad de 65 litros. Adem\u00e1s, cuenta con un espacio aislado de 11 litros para art\u00edculos congelados o sensibles a la temperatura.<\/li>\n<li>Almacenamiento Adicional: Incluye un bolsillo con cremallera en la parte posterior y un bolsillo lateral doble que brindan posibilidades de almacenamiento adicionales.<\/li>\n<\/ul>\n<p><strong>Facilidad de Uso<\/strong><\/p>\n<ul>\n<li>Sistema de Plegado F\u00e1cil: El Voss Trolley tiene un sistema de plegado f\u00e1cil, que se activa con solo tocar un bot\u00f3n. Esto lo hace conveniente para transportar y almacenar.<\/li>\n<li>Bloqueo Autom\u00e1tico: Cuenta con un bloqueo autom\u00e1tico para mayor seguridad.<\/li>\n<li>Versatilidad: Puede convertirse en una configuraci\u00f3n de dos ruedas para adaptarse a diferentes situaciones.<\/li>\n<\/ul>\n<p><strong>Construcci\u00f3n Duradera<\/strong><\/p>\n<ul>\n<li>Marco de Aluminio: El marco de aluminio le da al carro una estructura ligera y robusta.<\/li>\n<li>Ruedas Silenciosas: Las ruedas est\u00e1n fabricadas en material EVA silencioso, son desmontables y las ruedas delanteras se pueden girar 360\u00b0 para facilitar el movimiento del carro.<\/li>\n<\/ul>\n<p><strong>Otras caracter\u00edsticas<\/strong><\/p>\n<ul>\n<li>Ruedas delanteras giratorias 360\u00b0<\/li>\n<li>Chasis de aluminio<\/li>\n<li>Cierre autom\u00e1tico de seguridad<\/li>\n<li>Bolsillo trasero con cremallera<\/li>\n<li>Bolsa cargo 65 litros<\/li>\n<li>Bolsa desmontable<\/li>\n<li>Tela impermeable<\/li>\n<li>Doble bolsillo lateral<\/li>\n<li>Sistema de plegado f\u00e1cil activado con bot\u00f3n<\/li>\n<li>Bolsa principal extensible con cierre de cord\u00f3n<\/li>\n<li>Bolsa Frozen 11 litros<\/li>\n<li>Manillar con espuma EVA, regulable en 5 posiciones<\/li>\n<li>Carga m\u00e1xima recomendada 32 kg<\/li>\n<li>Freno rueda trasera accionado desde el lateral del manillar<\/li>\n<li>Ruedas desmontables<\/li>\n<li>Material EVA silencioso<\/li>\n<\/ul>\n<p><strong>Zona de isoterma<\/strong><\/p>\n<ul>\n<li>11 L<\/li>\n<\/ul>\n<p><strong>Modelo<\/strong><\/p>\n<ul>\n<li>Karways Voss<\/li>\n<\/ul>\n<\/div>\n","protected":false},"excerpt":{"rendered":"<p>Color Negro Marca Karways Capacidad 65 L Dimensiones carro plegado (66,5 x 50,5 x 34) cm Dimensiones carro abierto (63,5<\/p>\n","protected":false},"featured_media":205015,"comment_status":"open","ping_status":"closed","template":"","meta":{"_joinchat":[]},"product_cat":[6932,5661,5822],"product_tag":[],"class_list":{"0":"post-205014","1":"product","2":"type-product","3":"status-publish","4":"has-post-thumbnail","6":"product_cat-carros-de-la-compra","7":"product_cat-menaje","8":"product_cat-menaje-del-hogar","9":"pa_marca-karways","11":"first","12":"instock","13":"taxable","14":"shipping-taxable","15":"purchasable","16":"product-type-simple"},"_links":{"self":[{"href":"https:\/\/desdropi.com\/elparque\/wp-json\/wp\/v2\/product\/205014"}],"collection":[{"href":"https:\/\/desdropi.com\/elparque\/wp-json\/wp\/v2\/product"}],"about":[{"href":"https:\/\/desdropi.com\/elparque\/wp-json\/wp\/v2\/types\/product"}],"replies":[{"embeddable":true,"href":"https:\/\/desdropi.com\/elparque\/wp-json\/wp\/v2\/comments?post=205014"}],"version-history":[{"count":1,"href":"https:\/\/desdropi.com\/elparque\/wp-json\/wp\/v2\/product\/205014\/revisions"}],"predecessor-version":[{"id":224861,"href":"https:\/\/desdropi.com\/elparque\/wp-json\/wp\/v2\/product\/205014\/revisions\/224861"}],"wp:featuredmedia":[{"embeddable":true,"href":"https:\/\/desdropi.com\/elparque\/wp-json\/wp\/v2\/media\/205015"}],"wp:attachment":[{"href":"https:\/\/desdropi.com\/elparque\/wp-json\/wp\/v2\/media?parent=205014"}],"wp:term":[{"taxonomy":"product_cat","embeddable":true,"href":"https:\/\/desdropi.com\/elparque\/wp-json\/wp\/v2\/product_cat?post=205014"},{"taxonomy":"product_tag","embeddable":true,"href":"https:\/\/desdropi.com\/elparque\/wp-json\/wp\/v2\/product_tag?post=205014"}],"curies":[{"name":"wp","href":"https:\/\/api.w.org\/{rel}","templated":true}]}}