{"id":205041,"date":"2023-09-13T10:16:15","date_gmt":"2023-09-13T08:16:15","guid":{"rendered":"https:\/\/desdropi.com\/elparque\/?post_type=product&#038;p=205041"},"modified":"2024-04-23T09:21:24","modified_gmt":"2024-04-23T07:21:24","slug":"instalacion-de-soporte-de-televisor","status":"publish","type":"product","link":"https:\/\/desdropi.com\/elparque\/instalacion-de-soporte-de-televisor\/","title":{"rendered":"INSTALACI\u00d3N DE SOPORTE DE TELEVISOR"},"content":{"rendered":"<div class=\"descripcion-tab\">\n<p><strong>Servicio SOLO DISPONIBLE en la Regi\u00f3n de Murcia.<\/strong><\/p>\n<p\/>\n<p>Instalaci\u00f3n del soporte de televisor en la pared. Si la pared es de escayola el instalador tendr\u00e1 que valorar si se puede o no realizar la instalaci\u00f3n.<\/p>\n<p>Se le dar\u00e1<strong>\u00a0cita para la instalaci\u00f3n<\/strong>\u00a0seg\u00fan la demanda en un plazo de\u00a0<strong>24-72 horas.<\/strong><\/p>\n<\/div>\n","protected":false},"excerpt":{"rendered":"<p>Servicio SOLO DISPONIBLE en la Regi\u00f3n de Murcia. Instalaci\u00f3n del soporte de televisor en la pared. Si la pared es<\/p>\n","protected":false},"featured_media":197530,"comment_status":"open","ping_status":"closed","template":"","meta":{"_joinchat":[]},"product_cat":[6409],"product_tag":[],"class_list":{"0":"post-205041","1":"product","2":"type-product","3":"status-publish","4":"has-post-thumbnail","6":"product_cat-instalaciones","8":"first","9":"instock","10":"taxable","11":"shipping-taxable","12":"purchasable","13":"product-type-simple"},"_links":{"self":[{"href":"https:\/\/desdropi.com\/elparque\/wp-json\/wp\/v2\/product\/205041"}],"collection":[{"href":"https:\/\/desdropi.com\/elparque\/wp-json\/wp\/v2\/product"}],"about":[{"href":"https:\/\/desdropi.com\/elparque\/wp-json\/wp\/v2\/types\/product"}],"replies":[{"embeddable":true,"href":"https:\/\/desdropi.com\/elparque\/wp-json\/wp\/v2\/comments?post=205041"}],"version-history":[{"count":0,"href":"https:\/\/desdropi.com\/elparque\/wp-json\/wp\/v2\/product\/205041\/revisions"}],"wp:featuredmedia":[{"embeddable":true,"href":"https:\/\/desdropi.com\/elparque\/wp-json\/wp\/v2\/media\/197530"}],"wp:attachment":[{"href":"https:\/\/desdropi.com\/elparque\/wp-json\/wp\/v2\/media?parent=205041"}],"wp:term":[{"taxonomy":"product_cat","embeddable":true,"href":"https:\/\/desdropi.com\/elparque\/wp-json\/wp\/v2\/product_cat?post=205041"},{"taxonomy":"product_tag","embeddable":true,"href":"https:\/\/desdropi.com\/elparque\/wp-json\/wp\/v2\/product_tag?post=205041"}],"curies":[{"name":"wp","href":"https:\/\/api.w.org\/{rel}","templated":true}]}}