{"id":205044,"date":"2023-09-13T10:21:52","date_gmt":"2023-09-13T08:21:52","guid":{"rendered":"https:\/\/desdropi.com\/elparque\/?post_type=product&#038;p=205044"},"modified":"2023-11-14T11:43:14","modified_gmt":"2023-11-14T10:43:14","slug":"visita-para-ver-electrodomesticos-fuera-de-garantia","status":"publish","type":"product","link":"https:\/\/desdropi.com\/elparque\/visita-para-ver-electrodomesticos-fuera-de-garantia\/","title":{"rendered":"VISITA PARA VER ELECTRODOM\u00c9STICOS FUERA DE GARANT\u00cdA"},"content":{"rendered":"<div class=\"descripcion-tab\">\n<p><strong>Servicio SOLO DISPONIBLE en la Regi\u00f3n de Murcia.<\/strong><\/p>\n<p>Visita para ver electrodom\u00e9sticos fuera de garant\u00eda para que el t\u00e9cnico haga una valoraci\u00f3n de su estado.<\/p>\n<p>Se le dar\u00e1<strong>\u00a0cita para la instalaci\u00f3n<\/strong>\u00a0seg\u00fan la demanda en un plazo de\u00a0<strong>24-72 horas.<\/strong><\/p>\n<\/div>\n","protected":false},"excerpt":{"rendered":"<p>Servicio SOLO DISPONIBLE en la Regi\u00f3n de Murcia. Visita para ver electrodom\u00e9sticos fuera de garant\u00eda para que el t\u00e9cnico haga<\/p>\n","protected":false},"featured_media":197530,"comment_status":"open","ping_status":"closed","template":"","meta":{"_joinchat":[]},"product_cat":[6409],"product_tag":[],"class_list":{"0":"post-205044","1":"product","2":"type-product","3":"status-publish","4":"has-post-thumbnail","6":"product_cat-instalaciones","8":"first","9":"instock","10":"taxable","11":"shipping-taxable","12":"purchasable","13":"product-type-simple"},"_links":{"self":[{"href":"https:\/\/desdropi.com\/elparque\/wp-json\/wp\/v2\/product\/205044"}],"collection":[{"href":"https:\/\/desdropi.com\/elparque\/wp-json\/wp\/v2\/product"}],"about":[{"href":"https:\/\/desdropi.com\/elparque\/wp-json\/wp\/v2\/types\/product"}],"replies":[{"embeddable":true,"href":"https:\/\/desdropi.com\/elparque\/wp-json\/wp\/v2\/comments?post=205044"}],"version-history":[{"count":0,"href":"https:\/\/desdropi.com\/elparque\/wp-json\/wp\/v2\/product\/205044\/revisions"}],"wp:featuredmedia":[{"embeddable":true,"href":"https:\/\/desdropi.com\/elparque\/wp-json\/wp\/v2\/media\/197530"}],"wp:attachment":[{"href":"https:\/\/desdropi.com\/elparque\/wp-json\/wp\/v2\/media?parent=205044"}],"wp:term":[{"taxonomy":"product_cat","embeddable":true,"href":"https:\/\/desdropi.com\/elparque\/wp-json\/wp\/v2\/product_cat?post=205044"},{"taxonomy":"product_tag","embeddable":true,"href":"https:\/\/desdropi.com\/elparque\/wp-json\/wp\/v2\/product_tag?post=205044"}],"curies":[{"name":"wp","href":"https:\/\/api.w.org\/{rel}","templated":true}]}}