{"id":205055,"date":"2023-09-13T17:25:45","date_gmt":"2023-09-13T15:25:45","guid":{"rendered":"https:\/\/desdropi.com\/elparque\/?post_type=product&#038;p=205055"},"modified":"2025-04-14T09:30:30","modified_gmt":"2025-04-14T07:30:30","slug":"freidora-aire-cecotec-03300-55l-con-spray-de-aceite-incorporado","status":"publish","type":"product","link":"https:\/\/desdropi.com\/elparque\/freidora-aire-cecotec-03300-55l-con-spray-de-aceite-incorporado\/","title":{"rendered":"FREIDORA AIRE CECOTEC 03300 5,5l CON SPRAY DE ACEITE INCORPORADO"},"content":{"rendered":"<div><img fetchpriority=\"high\" decoding=\"async\" class=\"wp-image-205062 size-large aligncenter\" src=\"https:\/\/desdropi.com\/elparque\/wp-content\/uploads\/Screenshot_6-1024x459.jpg\" alt=\"\" width=\"1024\" height=\"459\" srcset=\"https:\/\/desdropi.com\/elparque\/wp-content\/uploads\/Screenshot_6-1024x459.jpg 1024w, https:\/\/desdropi.com\/elparque\/wp-content\/uploads\/Screenshot_6-300x134.jpg 300w, https:\/\/desdropi.com\/elparque\/wp-content\/uploads\/Screenshot_6-768x344.jpg 768w, https:\/\/desdropi.com\/elparque\/wp-content\/uploads\/Screenshot_6-1536x688.jpg 1536w, https:\/\/desdropi.com\/elparque\/wp-content\/uploads\/Screenshot_6-1200x538.jpg 1200w, https:\/\/desdropi.com\/elparque\/wp-content\/uploads\/Screenshot_6-150x67.jpg 150w, https:\/\/desdropi.com\/elparque\/wp-content\/uploads\/Screenshot_6.jpg 1671w\" sizes=\"(max-width: 1024px) 100vw, 1024px\" \/><\/div>\n<div class=\"descripcion-tab\">\n<p><strong>Descripci\u00f3n<\/strong><\/p>\n<ul>\n<li><strong>Autodose Rain Oil:<\/strong> dosificador de aceite incorporado. A\u00f1ade aceite a su cubeta incorporada y olv\u00eddate durante semanas, la Cecofry a\u00f1adir\u00e1 directamente el aceite necesario a cada receta con sus 7 niveles para conseguir recetas perfectas.<\/li>\n<li><strong>5,5 L:<\/strong> capacidad que permite cocinar grandes cantidades sin necesidad de hacerlo por tandas.<\/li>\n<li><strong>1550 W:<\/strong> gran potencia para cocinar platos perfectos en menos tiempo.<\/li>\n<li><strong>Chef Rain:<\/strong> dale tu toque favorito a cada receta, a\u00f1ade aceite o agua y consigue un sabor \u00fanico de la forma m\u00e1s c\u00f3moda.<\/li>\n<li><strong>Healthy Crispy:<\/strong> cocina con agua y consigue recetas crujientes y m\u00e1s saludables.<\/li>\n<li><strong>Custom Crispy:<\/strong> personaliza el punto crujiente de tus recetas escogiendo el nivel de dosificaci\u00f3n.<\/li>\n<li><strong>Rain Cleaning:<\/strong> a\u00f1ade agua con un poco de jab\u00f3n al dosificador y elige el modo autolimpieza para dejar los conductos como nuevos.<\/li>\n<li><strong>8 men\u00fas preconfigurados:<\/strong> selecciona de forma autom\u00e1tica el nivel y cantidad de pulverizaci\u00f3n, el tiempo y la temperatura para que tus recetas salgan perfectas.<\/li>\n<li><strong>Perfect Protect:<\/strong> la rejilla que separa la resistencia de la cubeta se extrae f\u00e1cilmente para poder limpiarla c\u00f3modamente.<\/li>\n<li><strong>PreHeat:<\/strong> funci\u00f3n de precalentamiento para conseguir el punto perfecto de cada alimento.<\/li>\n<\/ul>\n<p><strong>Composici\u00f3n<\/strong><\/p>\n<ul>\n<li>Freidora sin aceite<\/li>\n<li>Manual de instrucciones<\/li>\n<\/ul>\n<\/div>\n","protected":false},"excerpt":{"rendered":"<p>Descripci\u00f3n Autodose Rain Oil: dosificador de aceite incorporado. A\u00f1ade aceite a su cubeta incorporada y olv\u00eddate durante semanas, la Cecofry<\/p>\n","protected":false},"featured_media":205057,"comment_status":"open","ping_status":"closed","template":"","meta":{"_joinchat":[]},"product_cat":[844,6436,825,831],"product_tag":[],"class_list":{"0":"post-205055","1":"product","2":"type-product","3":"status-publish","4":"has-post-thumbnail","6":"product_cat-freidoras","7":"product_cat-freidoras-de-aire-freidoras","8":"product_cat-pequeno-electrodomestico","9":"product_cat-accesorios-de-cocina","10":"pa_marca-cecotec","12":"first","13":"instock","14":"taxable","15":"shipping-taxable","16":"purchasable","17":"product-type-simple"},"_links":{"self":[{"href":"https:\/\/desdropi.com\/elparque\/wp-json\/wp\/v2\/product\/205055"}],"collection":[{"href":"https:\/\/desdropi.com\/elparque\/wp-json\/wp\/v2\/product"}],"about":[{"href":"https:\/\/desdropi.com\/elparque\/wp-json\/wp\/v2\/types\/product"}],"replies":[{"embeddable":true,"href":"https:\/\/desdropi.com\/elparque\/wp-json\/wp\/v2\/comments?post=205055"}],"version-history":[{"count":1,"href":"https:\/\/desdropi.com\/elparque\/wp-json\/wp\/v2\/product\/205055\/revisions"}],"predecessor-version":[{"id":224905,"href":"https:\/\/desdropi.com\/elparque\/wp-json\/wp\/v2\/product\/205055\/revisions\/224905"}],"wp:featuredmedia":[{"embeddable":true,"href":"https:\/\/desdropi.com\/elparque\/wp-json\/wp\/v2\/media\/205057"}],"wp:attachment":[{"href":"https:\/\/desdropi.com\/elparque\/wp-json\/wp\/v2\/media?parent=205055"}],"wp:term":[{"taxonomy":"product_cat","embeddable":true,"href":"https:\/\/desdropi.com\/elparque\/wp-json\/wp\/v2\/product_cat?post=205055"},{"taxonomy":"product_tag","embeddable":true,"href":"https:\/\/desdropi.com\/elparque\/wp-json\/wp\/v2\/product_tag?post=205055"}],"curies":[{"name":"wp","href":"https:\/\/api.w.org\/{rel}","templated":true}]}}