{"id":205098,"date":"2023-09-13T19:14:16","date_gmt":"2023-09-13T17:14:16","guid":{"rendered":"https:\/\/desdropi.com\/elparque\/?post_type=product&#038;p=205098"},"modified":"2024-01-30T18:01:55","modified_gmt":"2024-01-30T17:01:55","slug":"smartphone-samsung-a14-4-128-66-black","status":"publish","type":"product","link":"https:\/\/desdropi.com\/elparque\/smartphone-samsung-a14-4-128-66-black\/","title":{"rendered":"SMARTPHONE SAMSUNG A14 4\/128 6,6&#8243; BLACK"},"content":{"rendered":"<div class=\"descripcion-tab\">\n<p><strong>Procesador<\/strong><\/p>\n<ul>\n<li>Frecuencia del procesador turbo: 2,2 GHz<\/li>\n<li>N\u00famero de n\u00facleos de procesador: 8<\/li>\n<li>Frecuencia del procesador: 2 GHz<\/li>\n<\/ul>\n<p><strong>Exhibici\u00f3n<\/strong><\/p>\n<ul>\n<li>Resoluci\u00f3n de la pantalla: 1080 x 2408<\/li>\n<li>Forma de la pantalla: Plana<\/li>\n<li>Tipo de visualizador: PLS<\/li>\n<li>N\u00famero de colores de la pantalla: 16 millones de colores<\/li>\n<li>M\u00e1xima velocidad de actualizaci\u00f3n: 90 Hz<\/li>\n<li>Pantalla con esquinas redondeadas: S\u00ed<\/li>\n<li>Tama\u00f1o de la pantalla: 6,6&#8243;<\/li>\n<\/ul>\n<p><strong>Puertos e Interfaces<\/strong><\/p>\n<ul>\n<li>Puerto USB: S\u00ed<\/li>\n<li>Conector USB: USB Tipo C<\/li>\n<li>Versi\u00f3n USB: 2.0<\/li>\n<li>Auriculares: 3,5 mm<\/li>\n<\/ul>\n<p><strong>Peso y dimensiones<\/strong><\/p>\n<ul>\n<li>Peso: 205 g<\/li>\n<li>Ancho: 78 mm<\/li>\n<li>Profundidad: 9,1 mm<\/li>\n<li>Altura: 167,7 mm<\/li>\n<\/ul>\n<p><strong>Medios de almacenaje<\/strong><\/p>\n<ul>\n<li>RAM interna: 4 GB<\/li>\n<li>Memoria interna: 128 GB<\/li>\n<li>Memoria del usuario: 46,1 GB<\/li>\n<li>Tarjetas de memoria compatibles: MicroSD (TransFlash)<\/li>\n<li>Tama\u00f1o m\u00e1ximo de tarjeta de memoria: 1000 GB<\/li>\n<\/ul>\n<p><strong>Navegaci\u00f3n<\/strong><\/p>\n<ul>\n<li>GPS: S\u00ed<\/li>\n<li>GLONASS: S\u00ed<\/li>\n<li>BeiDou: S\u00ed<\/li>\n<li>Galileo: S\u00ed<\/li>\n<\/ul>\n<p><strong>Software<\/strong><\/p>\n<ul>\n<li>Plataforma: Android<\/li>\n<li>Sistema operativo fork: One UI<\/li>\n<\/ul>\n<p><strong>C\u00e1mara fotogr\u00e1fica<\/strong><\/p>\n<ul>\n<li>Tipo de c\u00e1mara trasera: C\u00e1mara triple<\/li>\n<li>Resoluci\u00f3n de la c\u00e1mara trasera (num\u00e9rica): 50 MP<\/li>\n<li>Resoluci\u00f3n de la segunda c\u00e1mara trasera (num\u00e9rica): 2 MP<\/li>\n<li>Resoluci\u00f3n de la tercera c\u00e1mara trasera (num\u00e9rica): 2 MP<\/li>\n<li>N\u00famero de apertura de la c\u00e1mara trasera: F1.8, F2.4, F2.4<\/li>\n<li>Zoom digital: 10x<\/li>\n<li>Tipo de c\u00e1mara frontal: C\u00e1mara \u00fanica<\/li>\n<li>Resoluci\u00f3n de la c\u00e1mara frontal (num\u00e9rica): 13 MP<\/li>\n<li>N\u00famero de apertura de la c\u00e1mara frontal: F2.0<\/li>\n<li>Flash en c\u00e1mara trasera: S\u00ed<\/li>\n<li>Tipo de flash: LED<\/li>\n<li>Resoluci\u00f3n de captura de video: 1920 x 1080<\/li>\n<li>Velocidad m\u00e1xima de cuadro: 120 fps<\/li>\n<li>Resoluci\u00f3n en velocidad de captura: 1280&#215;720@120 fps, 1920&#215;1080@30fps<\/li>\n<li>Modos de grabaci\u00f3n de v\u00eddeo: 720p, 1080p<\/li>\n<li>Autoenfoque: S\u00ed<\/li>\n<li>Estabilizador de imagen: No<\/li>\n<\/ul>\n<p><strong>Sensores<\/strong><\/p>\n<ul>\n<li>Sensor geomagn\u00e9tico: S\u00ed<\/li>\n<li>Sensor de proximidad: S\u00ed<\/li>\n<li>Aceler\u00f3metro: S\u00ed<\/li>\n<li>Sensor de luz ambiental: S\u00ed<\/li>\n<li>Giroscopio: S\u00ed<\/li>\n<\/ul>\n<p><strong>Bater\u00eda<\/strong><\/p>\n<ul>\n<li>Tecnolog\u00eda de bater\u00eda: I\u00f3n de litio<\/li>\n<li>Capacidad de bater\u00eda: 5000 mAh<\/li>\n<\/ul>\n<p><strong>Dise\u00f1o<\/strong><\/p>\n<ul>\n<li>Color del tel\u00e9fono: Negro<\/li>\n<\/ul>\n<p><strong>Desempe\u00f1o<\/strong><\/p>\n<ul>\n<li>Lector de huella digital: S\u00ed<\/li>\n<\/ul>\n<p><strong>Suscripci\u00f3n<\/strong><\/p>\n<ul>\n<li>Tipo de suscripci\u00f3n: Sin suscripci\u00f3n<\/li>\n<\/ul>\n<p><strong>Conexi\u00f3n<\/strong><\/p>\n<ul>\n<li>Capacidad de la tarjeta SIM: Ranura h\u00edbrida Dual SIM<\/li>\n<li>Generaci\u00f3n de red m\u00f3vil: 5G<\/li>\n<li>Tipo de tarjeta SIM: NanoSIM<\/li>\n<li>Est\u00e1ndares 3G: UMTS<\/li>\n<li>Est\u00e1ndar 4G: LTE-TDD &amp; LTE-FDD<\/li>\n<li>Wifi: S\u00ed<\/li>\n<li>Wi-Fi est\u00e1ndares: 802.11 a\/b\/g\/n\/ac 2.4G+5GHz, VHT80<\/li>\n<li>Bluetooth: S\u00ed<\/li>\n<li>Versi\u00f3n de Bluetooth: 5.2<\/li>\n<li>Wi-Fi Direct: S\u00ed<\/li>\n<li>NFC: S\u00ed<\/li>\n<li>5G: S\u00ed<\/li>\n<\/ul>\n<\/div>\n","protected":false},"excerpt":{"rendered":"<p><span style=\"color: #ff0000;\"><strong>\u00a1\u00a1POCAS UNIDADES EN STOCK!!<\/strong><\/span><\/p>\n","protected":false},"featured_media":205105,"comment_status":"open","ping_status":"closed","template":"","meta":{"_joinchat":[]},"product_cat":[6479,6480,6476,795],"product_tag":[],"class_list":{"0":"post-205098","1":"product","2":"type-product","3":"status-publish","4":"has-post-thumbnail","6":"product_cat-smartphones-telefonos","7":"product_cat-android-smartphones-telefonos","8":"product_cat-telefonos","9":"product_cat-electronica","11":"first","12":"instock","13":"taxable","14":"shipping-taxable","15":"purchasable","16":"product-type-simple"},"_links":{"self":[{"href":"https:\/\/desdropi.com\/elparque\/wp-json\/wp\/v2\/product\/205098"}],"collection":[{"href":"https:\/\/desdropi.com\/elparque\/wp-json\/wp\/v2\/product"}],"about":[{"href":"https:\/\/desdropi.com\/elparque\/wp-json\/wp\/v2\/types\/product"}],"replies":[{"embeddable":true,"href":"https:\/\/desdropi.com\/elparque\/wp-json\/wp\/v2\/comments?post=205098"}],"version-history":[{"count":0,"href":"https:\/\/desdropi.com\/elparque\/wp-json\/wp\/v2\/product\/205098\/revisions"}],"wp:featuredmedia":[{"embeddable":true,"href":"https:\/\/desdropi.com\/elparque\/wp-json\/wp\/v2\/media\/205105"}],"wp:attachment":[{"href":"https:\/\/desdropi.com\/elparque\/wp-json\/wp\/v2\/media?parent=205098"}],"wp:term":[{"taxonomy":"product_cat","embeddable":true,"href":"https:\/\/desdropi.com\/elparque\/wp-json\/wp\/v2\/product_cat?post=205098"},{"taxonomy":"product_tag","embeddable":true,"href":"https:\/\/desdropi.com\/elparque\/wp-json\/wp\/v2\/product_tag?post=205098"}],"curies":[{"name":"wp","href":"https:\/\/api.w.org\/{rel}","templated":true}]}}