{"id":205116,"date":"2023-09-13T23:54:02","date_gmt":"2023-09-13T21:54:02","guid":{"rendered":"https:\/\/desdropi.com\/elparque\/frigo-combi-cecotec-02519-coolmarket-495-inox-200x705-display-clase-e\/"},"modified":"2025-04-14T09:30:20","modified_gmt":"2025-04-14T07:30:20","slug":"frigo-combi-cecotec-02519-coolmarket-495-inox-200x705-display-clase-e","status":"publish","type":"product","link":"https:\/\/desdropi.com\/elparque\/frigo-combi-cecotec-02519-coolmarket-495-inox-200x705-display-clase-e\/","title":{"rendered":"frigo combi cecotec 02519 coolmarket 495 inox 200&#215;70,5 display clase e"},"content":{"rendered":"<div class=\"descripcion-tab\"><strong>Caracter\u00edsticas<\/strong><\/p>\n<ul>\n<li><strong>Metal Cooling:<\/strong> Esta tecnolog\u00eda se basa en una l\u00e1mina met\u00e1lica que facilita un mejor y m\u00e1s r\u00e1pido enfriamiento en el interior del frigor\u00edfico. Esta caracter\u00edstica contribuye a mantener una temperatura \u00f3ptima para la conservaci\u00f3n de alimentos.<\/li>\n<li><strong>495 L de capacidad:<\/strong> El frigor\u00edfico tiene una gran capacidad en todos sus compartimentos, lo que proporciona un amplio espacio para almacenar alimentos y bebidas.<\/li>\n<li><strong>Crisper Box:<\/strong> Este frigor\u00edfico est\u00e1 equipado con un Crisper Box, que es un caj\u00f3n con humedad regulable dise\u00f1ado para la \u00f3ptima conservaci\u00f3n de frutas y verduras. Esta caracter\u00edstica ayuda a mantener la frescura de estos alimentos por m\u00e1s tiempo.<\/li>\n<li><strong>Clase E de clasificaci\u00f3n energ\u00e9tica:<\/strong> El frigor\u00edfico tiene una clasificaci\u00f3n energ\u00e9tica de Clase E, lo que significa que es altamente eficiente desde el punto de vista energ\u00e9tico, lo que puede ayudar a reducir el consumo de energ\u00eda y los costos asociados.<\/li>\n<li><strong>Display interior:<\/strong> El frigor\u00edfico cuenta con un display interior que permite controlar la temperatura y otras funciones del frigor\u00edfico sin necesidad de abrir la puerta, lo que contribuye a mantener la temperatura interna constante.<\/li>\n<li><strong>Luz LED interior:<\/strong> La presencia de una luz LED en el interior del frigor\u00edfico facilita la visibilidad de los alimentos almacenados y mejora la experiencia del usuario al buscar elementos en su interior.<\/li>\n<li><strong>Composici\u00f3n:<\/strong> La composici\u00f3n del producto incluye el frigor\u00edfico en s\u00ed y un manual de instrucciones que proporciona informaci\u00f3n detallada sobre su uso y mantenimiento.<\/li>\n<\/ul>\n<p>Estas caracter\u00edsticas hacen que este frigor\u00edfico sea una opci\u00f3n atractiva para aquellos que buscan una combinaci\u00f3n de capacidad de almacenamiento, eficiencia energ\u00e9tica y caracter\u00edsticas avanzadas de enfriamiento y control de temperatura.<\/p>\n<\/div>\n","protected":false},"excerpt":{"rendered":"<p><a href=\"https:\/\/desdropi.com\/elparque\/wp-content\/uploads\/18257.pdf\" target=\"_blank\" rel=\"noopener\"><img decoding=\"async\" class=\"alignnone wp-image-205373 size-full\" src=\"https:\/\/desdropi.com\/elparque\/wp-content\/uploads\/eficiencia-E.png\" alt=\"\" width=\"56\" height=\"33\" \/><\/a><\/p>\n<p><a href=\"https:\/\/desdropi.com\/elparque\/wp-content\/uploads\/18257.2.pdf\" target=\"_blank\" rel=\"noopener\" style=\"text-decoration:underline;\">Ficha de informaci\u00f3n de producto<\/a><\/p>\n","protected":false},"featured_media":194059,"comment_status":"open","ping_status":"closed","template":"","meta":{"_joinchat":[]},"product_cat":[6442,6441,780],"product_tag":[],"class_list":{"0":"post-205116","1":"product","2":"type-product","3":"status-publish","4":"has-post-thumbnail","6":"product_cat-combis-frigorificos","7":"product_cat-frigorificos","8":"product_cat-gran-electrodomestico","9":"pa_marca-cecotec-g-blanca","11":"first","12":"instock","13":"taxable","14":"shipping-taxable","15":"purchasable","16":"product-type-simple"},"_links":{"self":[{"href":"https:\/\/desdropi.com\/elparque\/wp-json\/wp\/v2\/product\/205116"}],"collection":[{"href":"https:\/\/desdropi.com\/elparque\/wp-json\/wp\/v2\/product"}],"about":[{"href":"https:\/\/desdropi.com\/elparque\/wp-json\/wp\/v2\/types\/product"}],"replies":[{"embeddable":true,"href":"https:\/\/desdropi.com\/elparque\/wp-json\/wp\/v2\/comments?post=205116"}],"version-history":[{"count":1,"href":"https:\/\/desdropi.com\/elparque\/wp-json\/wp\/v2\/product\/205116\/revisions"}],"predecessor-version":[{"id":224851,"href":"https:\/\/desdropi.com\/elparque\/wp-json\/wp\/v2\/product\/205116\/revisions\/224851"}],"wp:featuredmedia":[{"embeddable":true,"href":"https:\/\/desdropi.com\/elparque\/wp-json\/wp\/v2\/media\/194059"}],"wp:attachment":[{"href":"https:\/\/desdropi.com\/elparque\/wp-json\/wp\/v2\/media?parent=205116"}],"wp:term":[{"taxonomy":"product_cat","embeddable":true,"href":"https:\/\/desdropi.com\/elparque\/wp-json\/wp\/v2\/product_cat?post=205116"},{"taxonomy":"product_tag","embeddable":true,"href":"https:\/\/desdropi.com\/elparque\/wp-json\/wp\/v2\/product_tag?post=205116"}],"curies":[{"name":"wp","href":"https:\/\/api.w.org\/{rel}","templated":true}]}}