{"id":205119,"date":"2023-09-13T23:58:02","date_gmt":"2023-09-13T21:58:02","guid":{"rendered":"https:\/\/desdropi.com\/elparque\/aire-acondicionado-split-hec-12-3096-frig-a-wifi\/"},"modified":"2024-05-18T23:52:50","modified_gmt":"2024-05-18T21:52:50","slug":"aire-acondicionado-split-hec-12-3096-frig-a-wifi","status":"publish","type":"product","link":"https:\/\/desdropi.com\/elparque\/aire-acondicionado-split-hec-12-3096-frig-a-wifi\/","title":{"rendered":"Climatizaci\u00f3n Split HEC-12 3096\/frig A++ Wifi + INSTALACI\u00d3N INCLUIDA"},"content":{"rendered":"<div class=\"descripcion-tab\"><strong>S\u00f3lo disponible en la Regi\u00f3n de Murcia. La instalaci\u00f3n incluye hasta los 3 metros sin canaleta.<\/strong><br \/>\nAire acondicionado Haier-Hec<strong>\u00a0HEC-12<\/strong>\u00a0tipo Split 1&#215;1\u00a0Inverter.<\/p>\n<ul>\n<li>Clase A++\/A+.<\/li>\n<li>Wifi.<\/li>\n<li>R32 gas.<\/li>\n<li>Inverter.<\/li>\n<li>Bomba de calor.<\/li>\n<li>Capacidad frigorifica 3096 fg\/h.<\/li>\n<li>Capacidad calor\u00edfica 3182 Kcal\/h.<\/li>\n<li>3 A\u00f1os de garant\u00eda TOTAL SAT OFICIAL HAIER.<\/li>\n<li>Compresor DC Haier-Hec Inverter.<\/li>\n<li>Filtro Anti-Moho.<\/li>\n<li>Display de doble d\u00edgito de visualizaci\u00f3n de temperatura y c\u00f3digos de aver\u00edas.<\/li>\n<li>Control por se\u00f1al externa ON\/OFF (Tablero).<\/li>\n<\/ul>\n<\/div>\n","protected":false},"excerpt":{"rendered":"<p><span style=\"color: #ff0000;\"><strong>Instalaci\u00f3n b\u00e1sica (hasta 3 metros sin canaleta) incluida en el precio<\/strong><\/span><\/p>\n","protected":false},"featured_media":202587,"comment_status":"open","ping_status":"closed","template":"","meta":{"_joinchat":[]},"product_cat":[6573,6574,7066,3301],"product_tag":[],"class_list":{"0":"post-205119","1":"product","2":"type-product","3":"status-publish","4":"has-post-thumbnail","6":"product_cat-aires-acondicionados","7":"product_cat-split-aires-acondicionados","8":"product_cat-2000-3000-4500-frigorias","9":"product_cat-climatizacion-y-calefaccion","10":"pa_marca-hec","12":"first","13":"instock","14":"taxable","15":"shipping-taxable","16":"purchasable","17":"product-type-simple"},"_links":{"self":[{"href":"https:\/\/desdropi.com\/elparque\/wp-json\/wp\/v2\/product\/205119"}],"collection":[{"href":"https:\/\/desdropi.com\/elparque\/wp-json\/wp\/v2\/product"}],"about":[{"href":"https:\/\/desdropi.com\/elparque\/wp-json\/wp\/v2\/types\/product"}],"replies":[{"embeddable":true,"href":"https:\/\/desdropi.com\/elparque\/wp-json\/wp\/v2\/comments?post=205119"}],"version-history":[{"count":0,"href":"https:\/\/desdropi.com\/elparque\/wp-json\/wp\/v2\/product\/205119\/revisions"}],"wp:featuredmedia":[{"embeddable":true,"href":"https:\/\/desdropi.com\/elparque\/wp-json\/wp\/v2\/media\/202587"}],"wp:attachment":[{"href":"https:\/\/desdropi.com\/elparque\/wp-json\/wp\/v2\/media?parent=205119"}],"wp:term":[{"taxonomy":"product_cat","embeddable":true,"href":"https:\/\/desdropi.com\/elparque\/wp-json\/wp\/v2\/product_cat?post=205119"},{"taxonomy":"product_tag","embeddable":true,"href":"https:\/\/desdropi.com\/elparque\/wp-json\/wp\/v2\/product_tag?post=205119"}],"curies":[{"name":"wp","href":"https:\/\/api.w.org\/{rel}","templated":true}]}}