{"id":205314,"date":"2023-09-19T00:00:04","date_gmt":"2023-09-18T22:00:04","guid":{"rendered":"https:\/\/desdropi.com\/elparque\/altavoz-elco-pdt-6065-25w-bluetooth-fm-hasta-25h-de-duracion\/"},"modified":"2025-04-14T02:01:12","modified_gmt":"2025-04-14T00:01:12","slug":"altavoz-elco-pdt-6065-25w-bluetooth-fm-hasta-25h-de-duracion","status":"publish","type":"product","link":"https:\/\/desdropi.com\/elparque\/altavoz-elco-pdt-6065-25w-bluetooth-fm-hasta-25h-de-duracion\/","title":{"rendered":"altavoz elco pdt-6065 25w bluetooth\/fm\/hasta 2,5h de duracion"},"content":{"rendered":"<div class=\"descripcion-tab\">\n<strong>Tendr\u00e1s la fiesta asegurada con el altavoz tipo trolley Elco PDT-6065, de 25W, gracias a su funci\u00f3n karaoke y luces LED.<\/strong>El altavoz port\u00e1til Elco PDT-6065 es una excelente opci\u00f3n para animar tus reuniones y fiestas. Aqu\u00ed tienes algunas de sus caracter\u00edsticas clave:<\/p>\n<ul>\n<li><strong>Potencia de 25W:<\/strong> Este altavoz ofrece un sonido potente y n\u00edtido para disfrutar de la m\u00fasica al m\u00e1ximo.<\/li>\n<li><strong>Conexi\u00f3n Bluetooth:<\/strong> Puedes conectar dispositivos como tu m\u00f3vil o tablet de forma inal\u00e1mbrica para reproducir tu m\u00fasica favorita.<\/li>\n<li><strong>Funci\u00f3n Karaoke:<\/strong> Incluye un micr\u00f3fono inal\u00e1mbrico, lo que permite que tus amigos y t\u00fa disfruten de sesiones de karaoke divertidas.<\/li>\n<li><strong>Luces LED de colores:<\/strong> Las luces LED incorporadas crean un ambiente festivo y colorido en tus eventos.<\/li>\n<li><strong>Dise\u00f1o Compacto:<\/strong> Con unas dimensiones de 23 x 20 x 35 cm, es f\u00e1cil de transportar a cualquier lugar y garantiza que la m\u00fasica est\u00e9 presente en todos tus momentos.<\/li>\n<li><strong>Conectividad Vers\u00e1til:<\/strong> Adem\u00e1s de Bluetooth, tiene una ranura para tarjetas Micro SD, lo que te da m\u00faltiples opciones para reproducir m\u00fasica.<\/li>\n<li><strong>Bater\u00eda de Larga Duraci\u00f3n:<\/strong> Equipado con una bater\u00eda de litio de 1200 mAh, este altavoz ofrece hasta 3-4 horas de reproducci\u00f3n continua de alta calidad.<\/li>\n<\/ul>\n<p>El altavoz Elco PDT-6065 es un compa\u00f1ero vers\u00e1til para tus necesidades de entretenimiento y ser\u00e1 el alma de tus fiestas. Se suministra con todos los accesorios y caracter\u00edsticas seg\u00fan las especificaciones del fabricante. \u00a1Prep\u00e1rate para disfrutar de la m\u00fasica y la diversi\u00f3n!<\/p>\n<p><strong>CARACTER\u00cdSTICAS GENERALES:<\/strong><\/p>\n<ul>\n<li>Potencia (W): 25 Vatios<\/li>\n<li>Tipo de Bater\u00eda: Recargable<\/li>\n<li>Ranura Micro SD: S\u00ed<\/li>\n<li>Radio FM: S\u00ed<\/li>\n<li>Capacidad de la Bater\u00eda: 1200 mAh<\/li>\n<li>Carga USB: S\u00ed<\/li>\n<li>Entrada: Entrada tarjeta micro-SD, puerto USB, entrada para micro y entrada par AUX<\/li>\n<\/ul>\n<p><strong>CONECTIVIDAD:<\/strong><\/p>\n<ul>\n<li>Bluetooth: S\u00ed<\/li>\n<\/ul>\n<p><strong>CONSTRUCCI\u00d3N:<\/strong><\/p>\n<ul>\n<li>Color\/Material: Negro<\/li>\n<li>Dise\u00f1o: Port\u00e1til<\/li>\n<li>Iluminaci\u00f3n LED: S\u00ed<\/li>\n<\/ul>\n<p><strong>CONSUMO, EFICIENCIA Y RUIDO:<\/strong><\/p>\n<ul>\n<li>Voltaje de carga: 3.7V<\/li>\n<\/ul>\n<p><strong>DIMENSIONES Y PESO:<\/strong><\/p>\n<ul>\n<li>Dimensiones (mm): 230x200x350<\/li>\n<\/ul>\n<p><strong>GARANT\u00cdA:<\/strong><\/p>\n<ul>\n<li>Garant\u00eda: 3 A\u00f1os<\/li>\n<\/ul>\n<p>Estas son las especificaciones del dispositivo de audio que mencionaste. Si tienes alguna pregunta espec\u00edfica o necesitas m\u00e1s informaci\u00f3n sobre alguna de estas caracter\u00edsticas, no dudes en preguntar.<\/p>\n<\/div>\n","protected":false},"excerpt":{"rendered":"<p>Tendr\u00e1s la fiesta asegurada con el altavoz tipo trolley Elco PDT-6065, de 25W, gracias a su funci\u00f3n karaoke y luces<\/p>\n","protected":false},"featured_media":205315,"comment_status":"open","ping_status":"closed","template":"","meta":{"_joinchat":[]},"product_cat":[6885,795,1022],"product_tag":[],"class_list":{"0":"post-205314","1":"product","2":"type-product","3":"status-publish","4":"has-post-thumbnail","6":"product_cat-altavoces","7":"product_cat-electronica","8":"product_cat-sonido","9":"pa_marca-elco","11":"first","12":"instock","13":"sale","14":"taxable","15":"shipping-taxable","16":"purchasable","17":"product-type-simple"},"_links":{"self":[{"href":"https:\/\/desdropi.com\/elparque\/wp-json\/wp\/v2\/product\/205314"}],"collection":[{"href":"https:\/\/desdropi.com\/elparque\/wp-json\/wp\/v2\/product"}],"about":[{"href":"https:\/\/desdropi.com\/elparque\/wp-json\/wp\/v2\/types\/product"}],"replies":[{"embeddable":true,"href":"https:\/\/desdropi.com\/elparque\/wp-json\/wp\/v2\/comments?post=205314"}],"version-history":[{"count":1,"href":"https:\/\/desdropi.com\/elparque\/wp-json\/wp\/v2\/product\/205314\/revisions"}],"predecessor-version":[{"id":224909,"href":"https:\/\/desdropi.com\/elparque\/wp-json\/wp\/v2\/product\/205314\/revisions\/224909"}],"wp:featuredmedia":[{"embeddable":true,"href":"https:\/\/desdropi.com\/elparque\/wp-json\/wp\/v2\/media\/205315"}],"wp:attachment":[{"href":"https:\/\/desdropi.com\/elparque\/wp-json\/wp\/v2\/media?parent=205314"}],"wp:term":[{"taxonomy":"product_cat","embeddable":true,"href":"https:\/\/desdropi.com\/elparque\/wp-json\/wp\/v2\/product_cat?post=205314"},{"taxonomy":"product_tag","embeddable":true,"href":"https:\/\/desdropi.com\/elparque\/wp-json\/wp\/v2\/product_tag?post=205314"}],"curies":[{"name":"wp","href":"https:\/\/api.w.org\/{rel}","templated":true}]}}