{"id":205673,"date":"2023-09-21T00:00:55","date_gmt":"2023-09-20T22:00:55","guid":{"rendered":"https:\/\/desdropi.com\/elparque\/altavoz-elco-pa-79-negro-25w-5-6-horas-de-bateria\/"},"modified":"2025-04-14T02:20:17","modified_gmt":"2025-04-14T00:20:17","slug":"altavoz-elco-pa-79-negro-25w-5-6-horas-de-bateria","status":"publish","type":"product","link":"https:\/\/desdropi.com\/elparque\/altavoz-elco-pa-79-negro-25w-5-6-horas-de-bateria\/","title":{"rendered":"altavoz elco pa-79\/negro 25w 5\/6 horas de bateria"},"content":{"rendered":"<div class=\"descripcion-tab\">\n<strong>CARACTER\u00cdSTICAS GENERALES<\/strong><\/p>\n<ul>\n<li>Potencia (W): 25 Vatios<\/li>\n<li>Autonom\u00eda de la bater\u00eda: 5-6 horas aproximadamente<\/li>\n<li>Tipo de Bater\u00eda: Recargable<\/li>\n<li>Tiempo de Carga: 3-4 horas aproximadamente<\/li>\n<li>Ranura Micro SD: S\u00ed<\/li>\n<li>Capacidad de la Bater\u00eda: 3600 mAh<\/li>\n<li>Entrada: Auxiliar<\/li>\n<li>Funci\u00f3n Inal\u00e1mbrica: S\u00ed, TWS (True Wireless Stereo)<\/li>\n<li>Efectos: Luces<\/li>\n<li>Rango de Alcance: Bluetooth: 10 metros aproximadamente, sin obst\u00e1culos<\/li>\n<\/ul>\n<p><strong>CONECTIVIDAD<\/strong><\/p>\n<ul>\n<li>Bluetooth: S\u00ed<\/li>\n<li>Versi\u00f3n de Bluetooth: 5.0<\/li>\n<\/ul>\n<p><strong>CONSTRUCCI\u00d3N<\/strong><\/p>\n<ul>\n<li>Color\/material: Negro<\/li>\n<\/ul>\n<p><strong>CONSUMO, EFICIENCIA Y RUIDO<\/strong><\/p>\n<ul>\n<li>Voltaje (V): 4<\/li>\n<\/ul>\n<p><strong>DIMENSIONES Y PESO<\/strong><\/p>\n<ul>\n<li>Dimensiones (mm): 114 x 113 x 236 mm<\/li>\n<\/ul>\n<p><strong>GARANT\u00cdA<\/strong><\/p>\n<ul>\n<li>Garant\u00eda: 3 A\u00f1os<\/li>\n<\/ul>\n<p><strong>OTROS DATOS<\/strong><\/p>\n<ul>\n<li>Contenido de la Caja: Cable tipo C, audio 3.5 mm, manual de instrucciones<\/li>\n<\/ul>\n<\/div>\n","protected":false},"excerpt":{"rendered":"<p>CARACTER\u00cdSTICAS GENERALES Potencia (W): 25 Vatios Autonom\u00eda de la bater\u00eda: 5-6 horas aproximadamente Tipo de Bater\u00eda: Recargable Tiempo de Carga:<\/p>\n","protected":false},"featured_media":205674,"comment_status":"open","ping_status":"closed","template":"","meta":{"_joinchat":[]},"product_cat":[6885,795,1022],"product_tag":[],"class_list":{"0":"post-205673","1":"product","2":"type-product","3":"status-publish","4":"has-post-thumbnail","6":"product_cat-altavoces","7":"product_cat-electronica","8":"product_cat-sonido","9":"pa_marca-elco","11":"first","12":"instock","13":"taxable","14":"shipping-taxable","15":"purchasable","16":"product-type-simple"},"_links":{"self":[{"href":"https:\/\/desdropi.com\/elparque\/wp-json\/wp\/v2\/product\/205673"}],"collection":[{"href":"https:\/\/desdropi.com\/elparque\/wp-json\/wp\/v2\/product"}],"about":[{"href":"https:\/\/desdropi.com\/elparque\/wp-json\/wp\/v2\/types\/product"}],"replies":[{"embeddable":true,"href":"https:\/\/desdropi.com\/elparque\/wp-json\/wp\/v2\/comments?post=205673"}],"version-history":[{"count":1,"href":"https:\/\/desdropi.com\/elparque\/wp-json\/wp\/v2\/product\/205673\/revisions"}],"predecessor-version":[{"id":224926,"href":"https:\/\/desdropi.com\/elparque\/wp-json\/wp\/v2\/product\/205673\/revisions\/224926"}],"wp:featuredmedia":[{"embeddable":true,"href":"https:\/\/desdropi.com\/elparque\/wp-json\/wp\/v2\/media\/205674"}],"wp:attachment":[{"href":"https:\/\/desdropi.com\/elparque\/wp-json\/wp\/v2\/media?parent=205673"}],"wp:term":[{"taxonomy":"product_cat","embeddable":true,"href":"https:\/\/desdropi.com\/elparque\/wp-json\/wp\/v2\/product_cat?post=205673"},{"taxonomy":"product_tag","embeddable":true,"href":"https:\/\/desdropi.com\/elparque\/wp-json\/wp\/v2\/product_tag?post=205673"}],"curies":[{"name":"wp","href":"https:\/\/api.w.org\/{rel}","templated":true}]}}