{"id":205871,"date":"2023-09-21T18:31:40","date_gmt":"2023-09-21T16:31:40","guid":{"rendered":"https:\/\/desdropi.com\/elparque\/?post_type=product&#038;p=205871"},"modified":"2024-05-17T13:01:29","modified_gmt":"2024-05-17T11:01:29","slug":"smartphone-realme-c51-4-128-67-carbon-black","status":"publish","type":"product","link":"https:\/\/desdropi.com\/elparque\/smartphone-realme-c51-4-128-67-carbon-black\/","title":{"rendered":"SMARTPHONE REALME C51 4\/128 6,7&#8243; CARBON BLACK"},"content":{"rendered":"<div class=\"descripcion-tab\"><strong>Procesador<\/strong><\/p>\n<ul>\n<li>Frecuencia del procesador turbo: 1,82 GHz<\/li>\n<li>N\u00famero de n\u00facleos de procesador: 8<\/li>\n<\/ul>\n<p><strong>Exhibici\u00f3n<\/strong><\/p>\n<ul>\n<li>Resoluci\u00f3n de la pantalla: 720 x 1600<\/li>\n<li>N\u00famero de colores de la pantalla: 16,7 millones de colores<\/li>\n<li>M\u00e1xima velocidad de actualizaci\u00f3n: 90 Hz<\/li>\n<li>Forma de la pantalla: Plana<\/li>\n<li>Brillo de pantalla: 560 nits<\/li>\n<li>Tama\u00f1o de la pantalla: 17,1 pulgadas<\/li>\n<\/ul>\n<p><strong>Puertos e Interfaces<\/strong><\/p>\n<ul>\n<li>Puerto USB: S\u00ed<\/li>\n<li>Conector USB: USB Tipo C<\/li>\n<li>Auriculares: 3,5 mm<\/li>\n<\/ul>\n<p><strong>Peso y dimensiones<\/strong><\/p>\n<ul>\n<li>Peso: 186 g<\/li>\n<li>Ancho: 76,7 mm<\/li>\n<li>Profundidad: 7,99 mm<\/li>\n<li>Altura: 167,2 mm<\/li>\n<\/ul>\n<p><strong>Medios de almacenaje<\/strong><\/p>\n<ul>\n<li>Memoria interna: 128 GB<\/li>\n<li>RAM interna: 4 GB<\/li>\n<li>Tipo de memoria RAM interna: LPDDR4X<\/li>\n<li>Tama\u00f1o m\u00e1ximo de tarjeta de memoria: 2 GB<\/li>\n<li>Tarjetas de memoria compatibles: MicroSD (TransFlash)<\/li>\n<\/ul>\n<p><strong>Mensajer\u00eda<\/strong><\/p>\n<ul>\n<li>Servicios de mensajes cortos (SMS): S\u00ed<\/li>\n<li>Sistema de mensajer\u00eda multimedia (MMS): S\u00ed<\/li>\n<li>Correo electr\u00f3nico: S\u00ed<\/li>\n<\/ul>\n<p><strong>Navegaci\u00f3n<\/strong><\/p>\n<ul>\n<li>GPS (sat\u00e9lite): S\u00ed<\/li>\n<li>GLONASS: S\u00ed<\/li>\n<li>Galileo: S\u00ed<\/li>\n<li>GPS: S\u00ed<\/li>\n<\/ul>\n<p><strong>Software<\/strong><\/p>\n<ul>\n<li>Plataforma: Android<\/li>\n<li>Sistema operativo instalado: Android 13<\/li>\n<\/ul>\n<p><strong>C\u00e1mara fotogr\u00e1fica<\/strong><\/p>\n<ul>\n<li>Tipo de c\u00e1mara trasera: C\u00e1mara \u00fanica<\/li>\n<li>Resoluci\u00f3n de la c\u00e1mara trasera (num\u00e9rica): 50 MP<\/li>\n<li>\u00c1ngulo del campo de visi\u00f3n (FOV) de la c\u00e1mara trasera: 77 grados<\/li>\n<li>Elementos de la lente de la c\u00e1mara trasera: Lente de 5 elementos<\/li>\n<li>N\u00famero de apertura de la c\u00e1mara trasera: 1,8<\/li>\n<li>Tipo de c\u00e1mara frontal: C\u00e1mara \u00fanica<\/li>\n<li>Resoluci\u00f3n de la c\u00e1mara frontal (num\u00e9rica): 5 MP<\/li>\n<li>Elementos de la lente de la c\u00e1mara delantera: Lente de 3 elementos<\/li>\n<li>\u00c1ngulo del campo de visi\u00f3n (FOV) de la c\u00e1mara frontal: 76,8 grados<\/li>\n<li>N\u00famero de apertura de la c\u00e1mara frontal: 2,22<\/li>\n<li>Flash en c\u00e1mara trasera: S\u00ed<\/li>\n<li>Distancia focal de la c\u00e1mara trasera: 2,7 mm<\/li>\n<li>Modo noche: S\u00ed<\/li>\n<li>Panor\u00e1mica: S\u00ed<\/li>\n<li>Modo de lapso de tiempo: S\u00ed<\/li>\n<li>Modo retrato: S\u00ed<\/li>\n<li>Modo de alto rango din\u00e1mico (HDR) de la c\u00e1mara: S\u00ed<\/li>\n<li>AI scene recognition: S\u00ed<\/li>\n<li>Modos de grabaci\u00f3n de v\u00eddeo: 480p, 720p, 1080p<\/li>\n<li>Velocidad m\u00e1xima de cuadro: 30 fps<\/li>\n<\/ul>\n<p><strong>Contenido del embalaje<\/strong><\/p>\n<ul>\n<li>Adaptador AC incluido: S\u00ed<\/li>\n<li>Potencia de adaptador AC: 33 W<\/li>\n<li>Tarjeta de garant\u00eda: S\u00ed<\/li>\n<li>Cables incluidos: USB Tipo C<\/li>\n<li>Funda protectora: S\u00ed<\/li>\n<li>Ejection pin: S\u00ed<\/li>\n<li>Gu\u00eda de configuraci\u00f3n r\u00e1pida: S\u00ed<\/li>\n<\/ul>\n<p><strong>Sensores<\/strong><\/p>\n<ul>\n<li>Sensor magn\u00e9tico: S\u00ed<\/li>\n<li>Sensor de luz ambiental: S\u00ed<\/li>\n<li>Sensor de proximidad: S\u00ed<\/li>\n<li>Giroscopio: S\u00ed<\/li>\n<li>Aceler\u00f3metro: S\u00ed<\/li>\n<\/ul>\n<p><strong>Bater\u00eda<\/strong><\/p>\n<ul>\n<li>Capacidad de bater\u00eda: 5000 mAh<\/li>\n<\/ul>\n<p><strong>Dise\u00f1o<\/strong><\/p>\n<ul>\n<li>Nombre del color: Carbon Black<\/li>\n<li>Factor de forma: Barra<\/li>\n<li>Color del tel\u00e9fono: Negro<\/li>\n<\/ul>\n<p><strong>Desempe\u00f1o<\/strong><\/p>\n<ul>\n<li>Adaptador gr\u00e1fico: Mali-G57<\/li>\n<li>Lector de huella digital: S\u00ed<\/li>\n<li>Reconocimiento de cara: S\u00ed<\/li>\n<li>Carga r\u00e1pida: S\u00ed<\/li>\n<li>Fast charging technology: SuperVOOC<\/li>\n<\/ul>\n<p><strong>Conexi\u00f3n<\/strong><\/p>\n<ul>\n<li>NFC: S\u00ed<\/li>\n<li>Mobile network generation: 4G<\/li>\n<li>Est\u00e1ndares 3G: WCDMA<\/li>\n<li>Est\u00e1ndar 4G: TD-LTE &amp; FDD-LTE<\/li>\n<li>Est\u00e1ndar 5G: No compatible<\/li>\n<li>Admite bandas 4G: 850, 900, 1800, 1900<\/li>\n<li>Wifi: S\u00ed<\/li>\n<li>Bluetooth: S\u00ed<\/li>\n<li>Versi\u00f3n de Bluetooth: 5.0<\/li>\n<li>Capacidad de la tarjeta SIM: SIM doble<\/li>\n<li>Banda de frecuencia: Doble banda<\/li>\n<li>Voces superpuestas LTE (VoLTE) compatibles: S\u00ed<\/li>\n<\/ul>\n<\/div>\n","protected":false},"excerpt":{"rendered":"<p>Procesador Frecuencia del procesador turbo: 1,82 GHz N\u00famero de n\u00facleos de procesador: 8 Exhibici\u00f3n Resoluci\u00f3n de la pantalla: 720 x<\/p>\n","protected":false},"featured_media":205873,"comment_status":"open","ping_status":"closed","template":"","meta":{"_joinchat":[]},"product_cat":[6476,6480,7133],"product_tag":[],"class_list":{"0":"post-205871","1":"product","2":"type-product","3":"status-publish","4":"has-post-thumbnail","6":"product_cat-telefonos","7":"product_cat-android-smartphones-telefonos","8":"product_cat-ofertas-smartphones","10":"first","11":"instock","12":"sale","13":"taxable","14":"shipping-taxable","15":"purchasable","16":"product-type-simple"},"_links":{"self":[{"href":"https:\/\/desdropi.com\/elparque\/wp-json\/wp\/v2\/product\/205871"}],"collection":[{"href":"https:\/\/desdropi.com\/elparque\/wp-json\/wp\/v2\/product"}],"about":[{"href":"https:\/\/desdropi.com\/elparque\/wp-json\/wp\/v2\/types\/product"}],"replies":[{"embeddable":true,"href":"https:\/\/desdropi.com\/elparque\/wp-json\/wp\/v2\/comments?post=205871"}],"version-history":[{"count":0,"href":"https:\/\/desdropi.com\/elparque\/wp-json\/wp\/v2\/product\/205871\/revisions"}],"wp:featuredmedia":[{"embeddable":true,"href":"https:\/\/desdropi.com\/elparque\/wp-json\/wp\/v2\/media\/205873"}],"wp:attachment":[{"href":"https:\/\/desdropi.com\/elparque\/wp-json\/wp\/v2\/media?parent=205871"}],"wp:term":[{"taxonomy":"product_cat","embeddable":true,"href":"https:\/\/desdropi.com\/elparque\/wp-json\/wp\/v2\/product_cat?post=205871"},{"taxonomy":"product_tag","embeddable":true,"href":"https:\/\/desdropi.com\/elparque\/wp-json\/wp\/v2\/product_tag?post=205871"}],"curies":[{"name":"wp","href":"https:\/\/api.w.org\/{rel}","templated":true}]}}