{"id":206121,"date":"2023-09-26T23:32:02","date_gmt":"2023-09-26T21:32:02","guid":{"rendered":"https:\/\/desdropi.com\/elparque\/encimera-cristal-gas-mx-onda-mxpg2200n-3f-negra\/"},"modified":"2025-04-13T22:53:30","modified_gmt":"2025-04-13T20:53:30","slug":"encimera-cristal-gas-mx-onda-mxpg2200n-3f-negra","status":"publish","type":"product","link":"https:\/\/desdropi.com\/elparque\/encimera-cristal-gas-mx-onda-mxpg2200n-3f-negra\/","title":{"rendered":"encimera cristal\/gas mx onda mxpg2200n 3f negra"},"content":{"rendered":"<div class=\"descripcion-tab\">\n<ul>\n<li>\u00a0Cristal templado y biselado de 8 mm de grosor y alta resistencia<\/li>\n<li>\u00a03 zonas de cocci\u00f3n:<\/li>\n<\/ul>\n<ol>\n<li><strong>Auxiliar:<\/strong> Para recipientes de 10 a 10 cm de di\u00e1metro \/ Poder calor\u00edfico: 1Kw.<\/li>\n<li><strong>Semi r\u00e1pido:<\/strong> Para recipientes de 16 a 20 cm de di\u00e1metro \/ Poder calor\u00edfico: 1,8 Kw.<\/li>\n<li><strong>Triple anillo:<\/strong> Para recipientes de 24 a 26 cm de di\u00e1metro \/ Poder calor\u00edfico: 3,4 Kw.<\/li>\n<\/ol>\n<ul>\n<li>Compatible con gas butano (G30) y gas natural (G20).<\/li>\n<li>\u00a0Sistema de encendido el\u00e9ctrico.<\/li>\n<li>Quemador y soportes en hierro fundido.<\/li>\n<li>Medidas exteriores: 600 x 510 x 100 mm.<\/li>\n<li>Medidas del hueco para encastrar: 560 x 480 mm.<\/li>\n<li>Accesorios incluidos: anclajes para fijaci\u00f3n, chicl\u00e9s y adpatadores para la conversi\u00f3n al tipo de gas deseado.<\/li>\n<\/ul>\n<\/div>\n","protected":false},"excerpt":{"rendered":"<p>\u00a0Cristal templado y biselado de 8 mm de grosor y alta resistencia \u00a03 zonas de cocci\u00f3n: Auxiliar: Para recipientes de<\/p>\n","protected":false},"featured_media":206122,"comment_status":"open","ping_status":"closed","template":"","meta":{"_joinchat":[]},"product_cat":[6506,3268,3269],"product_tag":[],"class_list":{"0":"post-206121","1":"product","2":"type-product","3":"status-publish","4":"has-post-thumbnail","6":"product_cat-gas","7":"product_cat-coccion","8":"product_cat-placas-cocina","9":"pa_marca-mx-onda","11":"first","12":"instock","13":"taxable","14":"shipping-taxable","15":"purchasable","16":"product-type-simple"},"_links":{"self":[{"href":"https:\/\/desdropi.com\/elparque\/wp-json\/wp\/v2\/product\/206121"}],"collection":[{"href":"https:\/\/desdropi.com\/elparque\/wp-json\/wp\/v2\/product"}],"about":[{"href":"https:\/\/desdropi.com\/elparque\/wp-json\/wp\/v2\/types\/product"}],"replies":[{"embeddable":true,"href":"https:\/\/desdropi.com\/elparque\/wp-json\/wp\/v2\/comments?post=206121"}],"version-history":[{"count":1,"href":"https:\/\/desdropi.com\/elparque\/wp-json\/wp\/v2\/product\/206121\/revisions"}],"predecessor-version":[{"id":224657,"href":"https:\/\/desdropi.com\/elparque\/wp-json\/wp\/v2\/product\/206121\/revisions\/224657"}],"wp:featuredmedia":[{"embeddable":true,"href":"https:\/\/desdropi.com\/elparque\/wp-json\/wp\/v2\/media\/206122"}],"wp:attachment":[{"href":"https:\/\/desdropi.com\/elparque\/wp-json\/wp\/v2\/media?parent=206121"}],"wp:term":[{"taxonomy":"product_cat","embeddable":true,"href":"https:\/\/desdropi.com\/elparque\/wp-json\/wp\/v2\/product_cat?post=206121"},{"taxonomy":"product_tag","embeddable":true,"href":"https:\/\/desdropi.com\/elparque\/wp-json\/wp\/v2\/product_tag?post=206121"}],"curies":[{"name":"wp","href":"https:\/\/api.w.org\/{rel}","templated":true}]}}