{"id":206131,"date":"2023-09-26T23:54:02","date_gmt":"2023-09-26T21:54:02","guid":{"rendered":"https:\/\/desdropi.com\/elparque\/frigo-combi-cecotec-02420-coolmarket-356-cristal-blanco-200x60-display-clase-d\/"},"modified":"2025-04-14T09:30:18","modified_gmt":"2025-04-14T07:30:18","slug":"frigo-combi-cecotec-02420-coolmarket-356-cristal-blanco-200x60-display-clase-d","status":"publish","type":"product","link":"https:\/\/desdropi.com\/elparque\/frigo-combi-cecotec-02420-coolmarket-356-cristal-blanco-200x60-display-clase-d\/","title":{"rendered":"Frigo Combi Cecotec 02420 coolmarket 356 cristal blanco 200&#215;60 display clase D"},"content":{"rendered":"<div class=\"descripcion-tab\">\n<strong>Funciones del Frigor\u00edfico:<\/strong><\/p>\n<ul>\n<li><strong>Multi Airflow:<\/strong> Garantiza una temperatura \u00f3ptima en todo el compartimento para mantener los alimentos frescos durante m\u00e1s tiempo gracias a la distribuci\u00f3n uniforme de aire fr\u00edo.<\/li>\n<li><strong>Total No Frost:<\/strong> Evita la formaci\u00f3n de hielo en los alimentos y el frigor\u00edfico, lo que mantiene los alimentos y nutrientes en buen estado durante m\u00e1s tiempo debido a una mejor circulaci\u00f3n del aire.<\/li>\n<li><strong>Clase D:<\/strong> Clasificaci\u00f3n energ\u00e9tica \u00f3ptima para un frigor\u00edfico, lo que significa un buen equilibrio entre eficiencia energ\u00e9tica y rendimiento.<\/li>\n<li><strong>Humidity Box:<\/strong> Caj\u00f3n con humedad regulable para conservar frutas y verduras en las condiciones \u00f3ptimas.<\/li>\n<li><strong>Crisper Box:<\/strong> Caj\u00f3n especial para conservar carne y pescado.<\/li>\n<li><strong>LED Interior:<\/strong> Iluminaci\u00f3n LED en el interior del frigor\u00edfico para una mejor visibilidad.<\/li>\n<li><strong>Modo Vacaciones:<\/strong> Optimiza el consumo de energ\u00eda cuando no estar\u00e1s en casa durante un per\u00edodo prolongado. El frigor\u00edfico se ajusta a 15 grados y el congelador a -18 grados.<\/li>\n<li><strong>Modo Eco:<\/strong> Optimiza el consumo de energ\u00eda para ahorrar en la factura de electricidad.<\/li>\n<li><strong>Puerta Reversible:<\/strong> La puerta se puede instalar en la orientaci\u00f3n que mejor se adapte a tu espacio.<\/li>\n<li><strong>Alarma de Puerta:<\/strong> Te avisa si la puerta del frigor\u00edfico est\u00e1 abierta durante mucho tiempo y est\u00e1 perdiendo temperatura.<\/li>\n<li><strong>Fast Freezing:<\/strong> Congelaci\u00f3n ultrarr\u00e1pida.<\/li>\n<li><strong>Fast Cooling:<\/strong> Mayor rapidez en la refrigeraci\u00f3n de los alimentos.<\/li>\n<li><strong>Control de Temperatura:<\/strong> Puedes controlar la temperatura deseada en el frigor\u00edfico.<\/li>\n<li><strong>Motor Inverter Plus:<\/strong> Ahorro de energ\u00eda y dinero al mantener la temperatura interior del frigor\u00edfico sin incurrir en un mayor gasto. Gestiona el funcionamiento en funci\u00f3n de las condiciones internas.<\/li>\n<\/ul>\n<p><strong>Composici\u00f3n del Frigor\u00edfico:<\/strong><\/p>\n<ul>\n<li>Tipo: Frigor\u00edfico<\/li>\n<li>Funcionamiento: Manual<\/li>\n<\/ul>\n<\/div>\n","protected":false},"excerpt":{"rendered":"<p><a href=\"https:\/\/desdropi.com\/elparque\/wp-content\/uploads\/18256.pdf\" target=\"_blank\" rel=\"noopener\"><img decoding=\"async\" class=\"alignnone wp-image-205373 size-full\" src=\"https:\/\/desdropi.com\/elparque\/wp-content\/uploads\/eficiencia-D.png\" alt=\"\" width=\"56\" height=\"33\" \/><\/a><\/p>\n<p><a href=\"https:\/\/desdropi.com\/elparque\/wp-content\/uploads\/18256.2.pdf\" target=\"_blank\" rel=\"noopener\" style=\"text-decoration:underline;\">Ficha de informaci\u00f3n de producto<\/a><\/p>\n","protected":false},"featured_media":194053,"comment_status":"open","ping_status":"closed","template":"","meta":{"_joinchat":[]},"product_cat":[6442,6441,780],"product_tag":[],"class_list":{"0":"post-206131","1":"product","2":"type-product","3":"status-publish","4":"has-post-thumbnail","6":"product_cat-combis-frigorificos","7":"product_cat-frigorificos","8":"product_cat-gran-electrodomestico","9":"pa_marca-cecotec-g-blanca","11":"first","12":"instock","13":"taxable","14":"shipping-taxable","15":"purchasable","16":"product-type-simple"},"_links":{"self":[{"href":"https:\/\/desdropi.com\/elparque\/wp-json\/wp\/v2\/product\/206131"}],"collection":[{"href":"https:\/\/desdropi.com\/elparque\/wp-json\/wp\/v2\/product"}],"about":[{"href":"https:\/\/desdropi.com\/elparque\/wp-json\/wp\/v2\/types\/product"}],"replies":[{"embeddable":true,"href":"https:\/\/desdropi.com\/elparque\/wp-json\/wp\/v2\/comments?post=206131"}],"version-history":[{"count":1,"href":"https:\/\/desdropi.com\/elparque\/wp-json\/wp\/v2\/product\/206131\/revisions"}],"predecessor-version":[{"id":224850,"href":"https:\/\/desdropi.com\/elparque\/wp-json\/wp\/v2\/product\/206131\/revisions\/224850"}],"wp:featuredmedia":[{"embeddable":true,"href":"https:\/\/desdropi.com\/elparque\/wp-json\/wp\/v2\/media\/194053"}],"wp:attachment":[{"href":"https:\/\/desdropi.com\/elparque\/wp-json\/wp\/v2\/media?parent=206131"}],"wp:term":[{"taxonomy":"product_cat","embeddable":true,"href":"https:\/\/desdropi.com\/elparque\/wp-json\/wp\/v2\/product_cat?post=206131"},{"taxonomy":"product_tag","embeddable":true,"href":"https:\/\/desdropi.com\/elparque\/wp-json\/wp\/v2\/product_tag?post=206131"}],"curies":[{"name":"wp","href":"https:\/\/api.w.org\/{rel}","templated":true}]}}