{"id":206245,"date":"2023-10-04T20:23:43","date_gmt":"2023-10-04T18:23:43","guid":{"rendered":"https:\/\/desdropi.com\/elparque\/?post_type=product&#038;p=206245"},"modified":"2024-05-17T13:01:29","modified_gmt":"2024-05-17T11:01:29","slug":"frigo-hisense-rs711n4wce-179x915-nf-inox-dsp-disp","status":"publish","type":"product","link":"https:\/\/desdropi.com\/elparque\/frigo-hisense-rs711n4wce-179x915-nf-inox-dsp-disp\/","title":{"rendered":"FRIGO HISENSE RS711N4WCE 179&#215;91,5 NF INOX DSP DISP"},"content":{"rendered":"<div class=\"descripcion-tab\">\n<p><strong>Peso y Dimensiones:<\/strong><\/p>\n<ul>\n<li>Ancho: 915 mm<\/li>\n<li>Profundidad: 670 mm<\/li>\n<li>Altura: 1786 mm<\/li>\n<\/ul>\n<p><strong>Control de Energ\u00eda:<\/strong><\/p>\n<ul>\n<li>Clase de Eficiencia de Energ\u00eda: E<\/li>\n<li>Escala de Eficiencia Energ\u00e9tica: De la A a la G<\/li>\n<li>Consumo de Energ\u00eda Anual: 317.5 kWh<\/li>\n<\/ul>\n<p><strong>Congelador:<\/strong><\/p>\n<ul>\n<li>Capacidad Neta del Congelador: 192 litros<\/li>\n<li>Posici\u00f3n del Congelador: Izquierda<\/li>\n<li>Capacidad de Congelaci\u00f3n: 11 kg<\/li>\n<li>\u00cdndice Star: 4 estrellas<\/li>\n<li>Antiescarcha (Congelador): S\u00ed<\/li>\n<li>Luz Interior del Congelador: S\u00ed<\/li>\n<li>N\u00famero de Compartimentos del Congelador: 6<\/li>\n<\/ul>\n<p><strong>Refrigerador:<\/strong><\/p>\n<ul>\n<li>Capacidad Neta del Refrigerador: 355 litros<\/li>\n<li>Antiescarcha (Nevera): S\u00ed<\/li>\n<li>Descongelaci\u00f3n Autom\u00e1tica (Nevera): S\u00ed<\/li>\n<li>Sistema Multi-Flujo de Aire (Nevera): S\u00ed<\/li>\n<li>N\u00famero de Compartimentos del Refrigerador: 6<\/li>\n<li>N\u00famero de Compartimientos para Verduras: 2<\/li>\n<li>Estantes de la Puerta de la Nevera: 3<\/li>\n<li>Botellero: No<\/li>\n<\/ul>\n<p><strong>Ergonom\u00eda:<\/strong><\/p>\n<ul>\n<li>Patas Ajustables: S\u00ed<\/li>\n<\/ul>\n<p><strong>Dise\u00f1o:<\/strong><\/p>\n<ul>\n<li>Appliance Placement: Independiente<\/li>\n<li>Color del Producto: Acero Inoxidable<\/li>\n<li>Dise\u00f1o: Puerta Americana<\/li>\n<li>Tipo de L\u00e1mpara: LED<\/li>\n<li>Tipo de Control: Tocar<\/li>\n<li>Pantalla Incorporada: S\u00ed<\/li>\n<li>Material de la Carcasa: Acero Inoxidable<\/li>\n<li>Material de Estantes: Vidrio<\/li>\n<\/ul>\n<p><strong>Desempe\u00f1o:<\/strong><\/p>\n<ul>\n<li>Capacidad Neta Total: 547 litros<\/li>\n<li>Clase Clim\u00e1tica: N, ST, SN<\/li>\n<li>Clase de Emisi\u00f3n de Ruido: C<\/li>\n<li>Nivel de Ruido: 38 dB<\/li>\n<li>Dispensador de Agua: S\u00ed<\/li>\n<li>Tecnolog\u00eda Inverter: S\u00ed<\/li>\n<\/ul>\n<\/div>\n","protected":false},"excerpt":{"rendered":"<p><a href=\"https:\/\/www.hisense.es\/wp-content\/uploads\/2023\/06\/RS711NB4WCE-742533-3838782717932-EE.pdf\"><img decoding=\"async\" class=\"alignnone wp-image-205462 size-full\" src=\"https:\/\/desdropi.com\/elparque\/wp-content\/uploads\/eficiencia-E.png\" alt=\"\" width=\"56\" height=\"33\" \/><\/a><\/p>\n<p>&nbsp;<\/p>\n","protected":false},"featured_media":206246,"comment_status":"open","ping_status":"closed","template":"","meta":{"_joinchat":[]},"product_cat":[6441,6458,780],"product_tag":[],"class_list":{"0":"post-206245","1":"product","2":"type-product","3":"status-publish","4":"has-post-thumbnail","6":"product_cat-frigorificos","7":"product_cat-americanos-frigorificos","8":"product_cat-gran-electrodomestico","9":"pa_marca-hisense","10":"pa_nofrost-si","12":"first","13":"instock","14":"sale","15":"taxable","16":"shipping-taxable","17":"purchasable","18":"product-type-simple"},"_links":{"self":[{"href":"https:\/\/desdropi.com\/elparque\/wp-json\/wp\/v2\/product\/206245"}],"collection":[{"href":"https:\/\/desdropi.com\/elparque\/wp-json\/wp\/v2\/product"}],"about":[{"href":"https:\/\/desdropi.com\/elparque\/wp-json\/wp\/v2\/types\/product"}],"replies":[{"embeddable":true,"href":"https:\/\/desdropi.com\/elparque\/wp-json\/wp\/v2\/comments?post=206245"}],"version-history":[{"count":0,"href":"https:\/\/desdropi.com\/elparque\/wp-json\/wp\/v2\/product\/206245\/revisions"}],"wp:featuredmedia":[{"embeddable":true,"href":"https:\/\/desdropi.com\/elparque\/wp-json\/wp\/v2\/media\/206246"}],"wp:attachment":[{"href":"https:\/\/desdropi.com\/elparque\/wp-json\/wp\/v2\/media?parent=206245"}],"wp:term":[{"taxonomy":"product_cat","embeddable":true,"href":"https:\/\/desdropi.com\/elparque\/wp-json\/wp\/v2\/product_cat?post=206245"},{"taxonomy":"product_tag","embeddable":true,"href":"https:\/\/desdropi.com\/elparque\/wp-json\/wp\/v2\/product_tag?post=206245"}],"curies":[{"name":"wp","href":"https:\/\/api.w.org\/{rel}","templated":true}]}}