{"id":206309,"date":"2023-10-05T10:27:00","date_gmt":"2023-10-05T08:27:00","guid":{"rendered":"https:\/\/desdropi.com\/elparque\/?post_type=product&#038;p=206309"},"modified":"2024-05-17T13:01:31","modified_gmt":"2024-05-17T11:01:31","slug":"horno-balay-3ha4031x2-71l-gt-vapor-aqualisis-inox","status":"publish","type":"product","link":"https:\/\/desdropi.com\/elparque\/horno-balay-3ha4031x2-71l-gt-vapor-aqualisis-inox\/","title":{"rendered":"HORNO BALAY 3HA4031X2 71L GT VAPOR AQUALISIS INOX"},"content":{"rendered":"<div class=\"descripcion-tab\"><strong>Peso y Dimensiones:<\/strong><\/p>\n<ul>\n<li>Ancho: 594 mm<\/li>\n<li>Altura: 595 mm<\/li>\n<li>Profundidad: 548 mm<\/li>\n<li>Peso: 34,2 kg<\/li>\n<li>Ancho del Paquete: 690 mm<\/li>\n<li>Profundidad del Paquete: 660 mm<\/li>\n<li>Altura del Paquete: 675 mm<\/li>\n<\/ul>\n<p><strong>Control de Energ\u00eda:<\/strong><\/p>\n<ul>\n<li>Consumo de Energ\u00eda (Convencional): 0,97<\/li>\n<li>Consumo de Energ\u00eda (Convecci\u00f3n Forzada): 0,81<\/li>\n<li>Corriente: 16 A<\/li>\n<li>Voltaje de Entrada AC: 220 &#8211; 240 V<\/li>\n<li>Clase de Eficiencia de Energ\u00eda: A<\/li>\n<li>Energy Efficiency Scale: A+++ a D<\/li>\n<li>\u00cdndice de Eficiencia Energ\u00e9tica: 95,3<\/li>\n<li>Carga Conectada: 3400 W<\/li>\n<li>Frecuencia de Entrada AC: 50 &#8211; 60 Hz<\/li>\n<\/ul>\n<p><strong>Horno:<\/strong><\/p>\n<ul>\n<li>N\u00famero de Hornos: 1<\/li>\n<li>Tama\u00f1o: Medio<\/li>\n<li>Tipo de Horno: Horno El\u00e9ctrico<\/li>\n<li>Total Capacidad Interior del Horno: 71 L<\/li>\n<li>Capacidad Neta del Horno: 71 L<\/li>\n<li>N\u00famero de Programas Autom\u00e1ticos: 40<\/li>\n<li>Cleaning Technology: Aqualisis<\/li>\n<li>N\u00famero de Programas de Cocci\u00f3n: 14<\/li>\n<li>Parrilla: S\u00ed<\/li>\n<li>Hot Air Grilling: S\u00ed<\/li>\n<li>Funci\u00f3n Descongelar: S\u00ed<\/li>\n<li>Funci\u00f3n Mantener Caliente: S\u00ed<\/li>\n<li>Funci\u00f3n Recalentar: S\u00ed<\/li>\n<li>Cocci\u00f3n Lenta: S\u00ed<\/li>\n<li>Calentamiento R\u00e1pido: S\u00ed<\/li>\n<li>Grill de Amplia Superficie: S\u00ed<\/li>\n<li>Cocci\u00f3n de Convecci\u00f3n: S\u00ed<\/li>\n<li>Cocina Convencional: S\u00ed<\/li>\n<li>Rango de Temperaturas del Termostato del Horno: 50 &#8211; 275\u00b0C<\/li>\n<li>Calefacci\u00f3n en Fondo: S\u00ed<\/li>\n<li>Calentamiento Superior e Inferior: S\u00ed<\/li>\n<li>Funci\u00f3n de Parrilla con Ventilador: S\u00ed<\/li>\n<li>Tipo de Auto-Limpieza: Por Vapor<\/li>\n<\/ul>\n<p><strong>Contenido del Embalaje:<\/strong><\/p>\n<ul>\n<li>Bandeja de Horno: S\u00ed<\/li>\n<li>Parrilla Incluida: S\u00ed<\/li>\n<\/ul>\n<p><strong>Alumbrado:<\/strong><\/p>\n<ul>\n<li>Luz Interior: S\u00ed<\/li>\n<li>Tipo de L\u00e1mpara: Hal\u00f3geno<\/li>\n<\/ul>\n<p><strong>Ergonom\u00eda:<\/strong><\/p>\n<ul>\n<li>Reloj Integrado: S\u00ed<\/li>\n<li>Tipo de Reloj: Electr\u00f3nico<\/li>\n<li>Tipo de Temporizador: Digital<\/li>\n<li>Modos del Temporizador: Cron\u00f3metro<\/li>\n<li>F\u00e1cil de Limpiar: S\u00ed<\/li>\n<li>Bloqueo para Ni\u00f1os: S\u00ed<\/li>\n<\/ul>\n<p><strong>Dise\u00f1o:<\/strong><\/p>\n<ul>\n<li>Puerta de Cierre Suave: S\u00ed<\/li>\n<li>Tipo de Instalaci\u00f3n: Integrado<\/li>\n<li>Color del Producto: Acero Inoxidable<\/li>\n<li>Tipo de Control: Tocar<\/li>\n<li>Control de Posici\u00f3n: Frente<\/li>\n<li>Material del Panel de Control: Vidrio<\/li>\n<li>Bisagra para Puerta: Abajo<\/li>\n<li>Material de la Puerta: Vidrio<\/li>\n<li>Temperatura de la Puerta (M\u00e1xima): 40\u00b0C<\/li>\n<li>Longitud del Cable: 1,2 m<\/li>\n<li>Certificaci\u00f3n: CE, VDE<\/li>\n<li>Material Interior: Esmalte<\/li>\n<li>Mandos Escamoteables: S\u00ed<\/li>\n<li>Pantalla Incorporada: S\u00ed<\/li>\n<\/ul>\n<\/div>\n","protected":false},"excerpt":{"rendered":"<p>Peso y Dimensiones: Ancho: 594 mm Altura: 595 mm Profundidad: 548 mm Peso: 34,2 kg Ancho del Paquete: 690 mm<\/p>\n","protected":false},"featured_media":206311,"comment_status":"open","ping_status":"closed","template":"","meta":{"_joinchat":[]},"product_cat":[3279,6507,7094],"product_tag":[],"class_list":{"0":"post-206309","1":"product","2":"type-product","3":"status-publish","4":"has-post-thumbnail","6":"product_cat-hornos","7":"product_cat-multifuncion","8":"product_cat-aqualisis","10":"first","11":"instock","12":"sale","13":"taxable","14":"shipping-taxable","15":"purchasable","16":"product-type-simple"},"_links":{"self":[{"href":"https:\/\/desdropi.com\/elparque\/wp-json\/wp\/v2\/product\/206309"}],"collection":[{"href":"https:\/\/desdropi.com\/elparque\/wp-json\/wp\/v2\/product"}],"about":[{"href":"https:\/\/desdropi.com\/elparque\/wp-json\/wp\/v2\/types\/product"}],"replies":[{"embeddable":true,"href":"https:\/\/desdropi.com\/elparque\/wp-json\/wp\/v2\/comments?post=206309"}],"version-history":[{"count":0,"href":"https:\/\/desdropi.com\/elparque\/wp-json\/wp\/v2\/product\/206309\/revisions"}],"wp:featuredmedia":[{"embeddable":true,"href":"https:\/\/desdropi.com\/elparque\/wp-json\/wp\/v2\/media\/206311"}],"wp:attachment":[{"href":"https:\/\/desdropi.com\/elparque\/wp-json\/wp\/v2\/media?parent=206309"}],"wp:term":[{"taxonomy":"product_cat","embeddable":true,"href":"https:\/\/desdropi.com\/elparque\/wp-json\/wp\/v2\/product_cat?post=206309"},{"taxonomy":"product_tag","embeddable":true,"href":"https:\/\/desdropi.com\/elparque\/wp-json\/wp\/v2\/product_tag?post=206309"}],"curies":[{"name":"wp","href":"https:\/\/api.w.org\/{rel}","templated":true}]}}