{"id":206315,"date":"2023-10-05T10:33:34","date_gmt":"2023-10-05T08:33:34","guid":{"rendered":"https:\/\/desdropi.com\/elparque\/?post_type=product&#038;p=206315"},"modified":"2024-05-17T13:01:31","modified_gmt":"2024-05-17T11:01:31","slug":"encimera-induccion-balay-3eb965lr-3f-60x52","status":"publish","type":"product","link":"https:\/\/desdropi.com\/elparque\/encimera-induccion-balay-3eb965lr-3f-60x52\/","title":{"rendered":"ENCIMERA INDUCCION BALAY 3EB965LR 3F 60X52"},"content":{"rendered":"<div class=\"descripcion-tab\">\n<strong>Peso y Dimensiones:<\/strong><\/p>\n<ul>\n<li>Ancho (Real): 592 mm<\/li>\n<li>Profundidad: 522 mm<\/li>\n<li>Altura: 51 mm<\/li>\n<li>Peso: 12 kg<\/li>\n<li>Ancho de Compartimiento de Instalaci\u00f3n: 56 cm<\/li>\n<li>Profundidad de Compartimiento de Instalaci\u00f3n (M\u00edn.): 49 cm<\/li>\n<li>Profundidad de Compartimiento de Instalaci\u00f3n (M\u00e1x.): 50 cm<\/li>\n<li>Altura del Compartimiento de Instalaci\u00f3n: 6,5 cm<\/li>\n<li>Ancho (Aprox.): 60 cm<\/li>\n<\/ul>\n<p><strong>Control de Energ\u00eda:<\/strong><\/p>\n<ul>\n<li>Potencia Total M\u00e1xima: 7400 W<\/li>\n<li>Frecuencia de Entrada AC: 50\/60 Hz<\/li>\n<li>Interruptor de Encendido\/Apagado Integrado: S\u00ed<\/li>\n<\/ul>\n<p><strong>Ergonom\u00eda:<\/strong><\/p>\n<ul>\n<li>Tipo de Control: Tocar<\/li>\n<li>Control de Posici\u00f3n: Frente<\/li>\n<li>Longitud de Cable: 1,1 m<\/li>\n<li>Indicador de Calor Residual: S\u00ed<\/li>\n<li>Autodesconexi\u00f3n de Seguridad: S\u00ed<\/li>\n<li>F\u00e1cil de Limpiar: S\u00ed<\/li>\n<li>Bloqueo para Ni\u00f1os: S\u00ed<\/li>\n<li>Indicadores LED: S\u00ed<\/li>\n<li>Apagado Autom\u00e1tico: S\u00ed<\/li>\n<li>Bloqueo de Limpieza: S\u00ed<\/li>\n<\/ul>\n<p><strong>Dise\u00f1o:<\/strong><\/p>\n<ul>\n<li>Colocaci\u00f3n: Integrado<\/li>\n<li>Tipo: Con Placa de Inducci\u00f3n<\/li>\n<li>N\u00famero de Zonas de Cocci\u00f3n: 3<\/li>\n<li>N\u00famero de Zonas de Cocci\u00f3n El\u00e9ctricas: 3<\/li>\n<li>Color del Producto: Negro<\/li>\n<li>Quemador a Fuego Lento\/Zona de Cocci\u00f3n: 1400 W<\/li>\n<li>Quemador Regular\/Zona de Cocci\u00f3n: 2200 W<\/li>\n<li>Quemador Grande\/Zona de Cocci\u00f3n: 2600 W<\/li>\n<li>Di\u00e1metro del Quemador\/Zona de Cocci\u00f3n a Fuego Lento: 14,5 cm<\/li>\n<li>Di\u00e1metro Regular de Quemador\/Zona de Cocci\u00f3n: 21 cm<\/li>\n<li>Di\u00e1metro Grande de Quemador\/Zona de Cocci\u00f3n: 28 cm<\/li>\n<li>Pantalla Incorporada: No<\/li>\n<li>Tipo de Fotograma: Sin Marco<\/li>\n<li>Tipo de Placa: Inducci\u00f3n<\/li>\n<li>Zona Extra Grande de Cocci\u00f3n: 28 cm<\/li>\n<\/ul>\n<p><strong>Desempe\u00f1o:<\/strong><\/p>\n<ul>\n<li>N\u00famero de Niveles de Potencia: 17<\/li>\n<\/ul>\n<\/div>\n","protected":false},"excerpt":{"rendered":"<p>Peso y Dimensiones: Ancho (Real): 592 mm Profundidad: 522 mm Altura: 51 mm Peso: 12 kg Ancho de Compartimiento de<\/p>\n","protected":false},"featured_media":206316,"comment_status":"open","ping_status":"closed","template":"","meta":{"_joinchat":[]},"product_cat":[3269,3268,3270],"product_tag":[],"class_list":{"0":"post-206315","1":"product","2":"type-product","3":"status-publish","4":"has-post-thumbnail","6":"product_cat-placas-cocina","7":"product_cat-coccion","8":"product_cat-induccion","10":"first","11":"instock","12":"sale","13":"taxable","14":"shipping-taxable","15":"purchasable","16":"product-type-simple"},"_links":{"self":[{"href":"https:\/\/desdropi.com\/elparque\/wp-json\/wp\/v2\/product\/206315"}],"collection":[{"href":"https:\/\/desdropi.com\/elparque\/wp-json\/wp\/v2\/product"}],"about":[{"href":"https:\/\/desdropi.com\/elparque\/wp-json\/wp\/v2\/types\/product"}],"replies":[{"embeddable":true,"href":"https:\/\/desdropi.com\/elparque\/wp-json\/wp\/v2\/comments?post=206315"}],"version-history":[{"count":0,"href":"https:\/\/desdropi.com\/elparque\/wp-json\/wp\/v2\/product\/206315\/revisions"}],"wp:featuredmedia":[{"embeddable":true,"href":"https:\/\/desdropi.com\/elparque\/wp-json\/wp\/v2\/media\/206316"}],"wp:attachment":[{"href":"https:\/\/desdropi.com\/elparque\/wp-json\/wp\/v2\/media?parent=206315"}],"wp:term":[{"taxonomy":"product_cat","embeddable":true,"href":"https:\/\/desdropi.com\/elparque\/wp-json\/wp\/v2\/product_cat?post=206315"},{"taxonomy":"product_tag","embeddable":true,"href":"https:\/\/desdropi.com\/elparque\/wp-json\/wp\/v2\/product_tag?post=206315"}],"curies":[{"name":"wp","href":"https:\/\/api.w.org\/{rel}","templated":true}]}}