{"id":206318,"date":"2023-10-05T10:52:57","date_gmt":"2023-10-05T08:52:57","guid":{"rendered":"https:\/\/desdropi.com\/elparque\/?post_type=product&#038;p=206318"},"modified":"2024-06-05T11:33:55","modified_gmt":"2024-06-05T09:33:55","slug":"frigo-combi-bosch-kgn36vwea-186x60-nf-blanco","status":"publish","type":"product","link":"https:\/\/desdropi.com\/elparque\/frigo-combi-bosch-kgn36vwea-186x60-nf-blanco\/","title":{"rendered":"FRIGO COMBI BOSCH KGN36VWEA 186&#215;60 NF BLANCO"},"content":{"rendered":"<div class=\"descripcion-tab\">\n<p><strong>Peso y Dimensiones:<\/strong><\/p>\n<ul>\n<li>Ancho: 600 mm<\/li>\n<li>Profundidad: 660 mm<\/li>\n<li>Peso: 69.1 kg<\/li>\n<li>Altura Aproximada: 186 cm (o 1860 mm)<\/li>\n<\/ul>\n<p><strong>Control de Energ\u00eda:<\/strong><\/p>\n<ul>\n<li>Eficiencia Energ\u00e9tica: E<\/li>\n<li>Consumo de Energ\u00eda Anual: 260 kWh<\/li>\n<li>Carga Conectada: 100 W<\/li>\n<li>Voltaje de Entrada AC: 220 &#8211; 240 V<\/li>\n<li>Frecuencia de Entrada AC: 50 Hz<\/li>\n<li>Clase de Eficiencia de Energ\u00eda: E<\/li>\n<\/ul>\n<p><strong>Congelador:<\/strong><\/p>\n<ul>\n<li>Posici\u00f3n Congelada: \u00daltimo Lugar<\/li>\n<li>Congelador, Capacidad Neta: 87 L<\/li>\n<li>Capacidad de Congelaci\u00f3n: 14 kg\/24h<\/li>\n<li>\u00cdndice Star: 4*<\/li>\n<li>Congelador, N\u00famero de Compartimientos: 3<\/li>\n<li>Antiescarcha (Congelador): S\u00ed<\/li>\n<li>Descongelaci\u00f3n Autom\u00e1tica (Congelador): S\u00ed<\/li>\n<li>Cubiteras: S\u00ed<\/li>\n<li>Funci\u00f3n de Congelado R\u00e1pido: S\u00ed<\/li>\n<li>Tiempo de Almacenamiento en Caso de Fallo de Alimentaci\u00f3n: 16 h<\/li>\n<\/ul>\n<p><strong>Refrigerador:<\/strong><\/p>\n<ul>\n<li>Frigor\u00edfico, Capacidad Neta: 237 L<\/li>\n<li>Antiescarcha (Nevera): S\u00ed<\/li>\n<li>Descongelaci\u00f3n Autom\u00e1tica (Nevera): S\u00ed<\/li>\n<li>Luz Interior de la Nevera: S\u00ed<\/li>\n<li>Tipo de L\u00e1mpara: LED<\/li>\n<li>Funci\u00f3n Super Cool: S\u00ed<\/li>\n<li>Botellero: S\u00ed<\/li>\n<li>Huevera: S\u00ed<\/li>\n<li>Frigor\u00edfico, N\u00famero de Compartimentos: 4<\/li>\n<li>Number of Removable Shelves: 2<\/li>\n<li>N\u00famero de Compartimientos para Verduras: 1<\/li>\n<li>Sistema Multi-Flujo de Aire (Nevera): S\u00ed<\/li>\n<li>Zona de Conservaci\u00f3n a 0\u00b0C: S\u00ed<\/li>\n<\/ul>\n<p><strong>Ergonom\u00eda:<\/strong><\/p>\n<ul>\n<li>Alarma de Puerta (Abierta): S\u00ed<\/li>\n<li>Longitud del Cable: 2.4 m<\/li>\n<li>Alarma de Temperatura: S\u00ed<\/li>\n<li>Failure Alarm: S\u00ed<\/li>\n<\/ul>\n<p><strong>Dise\u00f1o:<\/strong><\/p>\n<ul>\n<li>Colocaci\u00f3n del Electrodom\u00e9stico: Independiente<\/li>\n<li>Pantalla Incorporada: S\u00ed<\/li>\n<li>Tipo de Visualizador: LED<\/li>\n<li>Bisagra para Puerta: Derecho<\/li>\n<li>Puertas Reversibles: S\u00ed<\/li>\n<li>N\u00famero de Compresores: 1<\/li>\n<li>Certificaci\u00f3n: CE, VDE<\/li>\n<li>Color del Producto: Blanco<\/li>\n<\/ul>\n<p><strong>Zona Fresca:<\/strong><\/p>\n<ul>\n<li>Compartimiento de Zona Fresca: S\u00ed<\/li>\n<\/ul>\n<p><strong>Desempe\u00f1o:<\/strong><\/p>\n<ul>\n<li>Nivel de Ruido: 39 dB<\/li>\n<li>Funci\u00f3n Vacaciones: S\u00ed<\/li>\n<li>Capacidad Neta Total: 324 L<\/li>\n<li>Capacidad Bruta Total: 357 L<\/li>\n<li>Clase Clim\u00e1tica: SN-T<\/li>\n<li>Temperatura M\u00ednima de Operaci\u00f3n: 10\u00b0C<\/li>\n<li>Temperatura M\u00e1xima: 43\u00b0C<\/li>\n<\/ul>\n<\/div>\n","protected":false},"excerpt":{"rendered":"<p><a href=\"https:\/\/www.eldisser.com\/etiquetaEnergetica\/00BLANCA\/FRI.%20COMBINADOS\/BOSCH\/237008.pdf\"><img decoding=\"async\" class=\"alignnone wp-image-205462 size-full\" src=\"https:\/\/desdropi.com\/elparque\/wp-content\/uploads\/eficiencia-E.png\" alt=\"\" width=\"56\" height=\"33\" \/><\/a><\/p>\n","protected":false},"featured_media":206321,"comment_status":"open","ping_status":"closed","template":"","meta":{"_joinchat":[]},"product_cat":[6441,6442,780],"product_tag":[],"class_list":{"0":"post-206318","1":"product","2":"type-product","3":"status-publish","4":"has-post-thumbnail","6":"product_cat-frigorificos","7":"product_cat-combis-frigorificos","8":"product_cat-gran-electrodomestico","9":"pa_marca-bosch","11":"first","12":"instock","13":"taxable","14":"shipping-taxable","15":"purchasable","16":"product-type-simple"},"_links":{"self":[{"href":"https:\/\/desdropi.com\/elparque\/wp-json\/wp\/v2\/product\/206318"}],"collection":[{"href":"https:\/\/desdropi.com\/elparque\/wp-json\/wp\/v2\/product"}],"about":[{"href":"https:\/\/desdropi.com\/elparque\/wp-json\/wp\/v2\/types\/product"}],"replies":[{"embeddable":true,"href":"https:\/\/desdropi.com\/elparque\/wp-json\/wp\/v2\/comments?post=206318"}],"version-history":[{"count":0,"href":"https:\/\/desdropi.com\/elparque\/wp-json\/wp\/v2\/product\/206318\/revisions"}],"wp:featuredmedia":[{"embeddable":true,"href":"https:\/\/desdropi.com\/elparque\/wp-json\/wp\/v2\/media\/206321"}],"wp:attachment":[{"href":"https:\/\/desdropi.com\/elparque\/wp-json\/wp\/v2\/media?parent=206318"}],"wp:term":[{"taxonomy":"product_cat","embeddable":true,"href":"https:\/\/desdropi.com\/elparque\/wp-json\/wp\/v2\/product_cat?post=206318"},{"taxonomy":"product_tag","embeddable":true,"href":"https:\/\/desdropi.com\/elparque\/wp-json\/wp\/v2\/product_tag?post=206318"}],"curies":[{"name":"wp","href":"https:\/\/api.w.org\/{rel}","templated":true}]}}