{"id":206353,"date":"2023-10-05T12:39:59","date_gmt":"2023-10-05T10:39:59","guid":{"rendered":"https:\/\/desdropi.com\/elparque\/?post_type=product&#038;p=206353"},"modified":"2024-06-05T11:33:55","modified_gmt":"2024-06-05T09:33:55","slug":"encimera-bosch-pij631bb5e-3f-ind","status":"publish","type":"product","link":"https:\/\/desdropi.com\/elparque\/encimera-bosch-pij631bb5e-3f-ind\/","title":{"rendered":"ENCIMERA BOSCH PIJ631BB5E 3F IND"},"content":{"rendered":"<div class=\"descripcion-tab\">\n<strong>Peso y dimensiones<\/strong><\/p>\n<ul>\n<li>Ancho (Real): 592 mm<\/li>\n<li>Profundidad: 522 mm<\/li>\n<li>Altura: 51 mm<\/li>\n<li>Longitud del cable: 1,1 m<\/li>\n<li>Ancho de compartimiento de instalaci\u00f3n: 56 mm<\/li>\n<li>Profundidad de compartimiento de instalaci\u00f3n (min): 49 mm<\/li>\n<li>Profundidad de compartimiento de instalaci\u00f3n (max): 50 mm<\/li>\n<li>Altura del compartimiento de instalaci\u00f3n: 5,1 mm<\/li>\n<li>Peso: 12,4 kg<\/li>\n<li>Ancho del paquete: 753 mm<\/li>\n<li>Profundidad del paquete: 603 mm<\/li>\n<li>Altura del paquete: 126 mm<\/li>\n<li>Peso del paquete: 13,5 kg<\/li>\n<li>Ancho (Aprox.): 60 cm<\/li>\n<\/ul>\n<p><strong>Control de energ\u00eda<\/strong><\/p>\n<ul>\n<li>Potencia total m\u00e1xima: 7400 W<\/li>\n<li>Voltaje de entrada AC: 220 &#8211; 240 V<\/li>\n<li>Frecuencia de entrada AC: 50\/60 Hz<\/li>\n<li>Consumo de energ\u00eda (inactivo): 0,5 W<\/li>\n<li>Conector: No<\/li>\n<\/ul>\n<p><strong>Ergonom\u00eda<\/strong><\/p>\n<ul>\n<li>Tipo de control: Tocar<\/li>\n<li>Control de posici\u00f3n: Parte superior delantera<\/li>\n<li>Pantalla incorporada: S\u00ed<\/li>\n<li>Temporizador: S\u00ed<\/li>\n<li>Duraci\u00f3n del temporizador: 20 minutos<\/li>\n<li>Bloqueo para ni\u00f1os: S\u00ed<\/li>\n<\/ul>\n<p><strong>Dise\u00f1o<\/strong><\/p>\n<ul>\n<li>Color del producto: Negro<\/li>\n<li>Appliance placement: Integrado<\/li>\n<li>Hob width size: 59.2 cm<\/li>\n<li>Tipo: Con placa de inducci\u00f3n<\/li>\n<li>Tipo de superficie superior: Vidrio y cer\u00e1mica<\/li>\n<li>Numero de zonas cocci\u00f3n: 3<\/li>\n<li>N\u00famero de zonas de cocci\u00f3n el\u00e9ctricas: 3<\/li>\n<li>Cooking zone 1 shape: Alrededor<\/li>\n<li>Posici\u00f3n de la zona de cocci\u00f3n 1: Parte trasera derecha<\/li>\n<li>Fuente de alimentaci\u00f3n de la zona de cocci\u00f3n 1: El\u00e9ctrico<\/li>\n<li>Di\u00e1metro de la zona de cocci\u00f3n 1: 145 mm<\/li>\n<li>Potencia de la zona de cocci\u00f3n 1: 1400 W<\/li>\n<li>Cooking zone 1 boost: 2200 W<\/li>\n<li>Cooking zone 2 shape: Alrededor<\/li>\n<li>Posici\u00f3n de quemador \/ fuego 2: Parte frontal derecha<\/li>\n<li>Fuente de alimentaci\u00f3n de quemador \/ fuego 2: El\u00e9ctrico<\/li>\n<li>Di\u00e1metro de la zona de cocci\u00f3n 2: 210 mm<\/li>\n<li>Potencia de la zona de cocci\u00f3n 2: 2200 W<\/li>\n<li>Potencia adicional de la zona 2 de cocci\u00f3n: 3700 W<\/li>\n<li>Cooking zone 3 shape: Alrededor<\/li>\n<li>Posici\u00f3n de la zona de cocci\u00f3n 3: Izquierda<\/li>\n<li>Fuente de alimentaci\u00f3n de la zona de cocci\u00f3n 3: El\u00e9ctrico<\/li>\n<li>Di\u00e1metro de la zona de cocci\u00f3n 3: 280 mm<\/li>\n<li>Potencia de la zona de cocci\u00f3n 3: 2600 W<\/li>\n<li>Potencia adicional de la zona 3 de cocci\u00f3n: 3700 W<\/li>\n<li>Tipo de fotograma: Sin marco<\/li>\n<\/ul>\n<p><strong>Campana extractora<\/strong><\/p>\n<ul>\n<li>Campana integrada: No<\/li>\n<\/ul>\n<\/div>\n","protected":false},"excerpt":{"rendered":"<p>Peso y dimensiones Ancho (Real): 592 mm Profundidad: 522 mm Altura: 51 mm Longitud del cable: 1,1 m Ancho de<\/p>\n","protected":false},"featured_media":206354,"comment_status":"open","ping_status":"closed","template":"","meta":{"_joinchat":[]},"product_cat":[3269,3268,3270],"product_tag":[],"class_list":{"0":"post-206353","1":"product","2":"type-product","3":"status-publish","4":"has-post-thumbnail","6":"product_cat-placas-cocina","7":"product_cat-coccion","8":"product_cat-induccion","10":"first","11":"instock","12":"taxable","13":"shipping-taxable","14":"purchasable","15":"product-type-simple"},"_links":{"self":[{"href":"https:\/\/desdropi.com\/elparque\/wp-json\/wp\/v2\/product\/206353"}],"collection":[{"href":"https:\/\/desdropi.com\/elparque\/wp-json\/wp\/v2\/product"}],"about":[{"href":"https:\/\/desdropi.com\/elparque\/wp-json\/wp\/v2\/types\/product"}],"replies":[{"embeddable":true,"href":"https:\/\/desdropi.com\/elparque\/wp-json\/wp\/v2\/comments?post=206353"}],"version-history":[{"count":0,"href":"https:\/\/desdropi.com\/elparque\/wp-json\/wp\/v2\/product\/206353\/revisions"}],"wp:featuredmedia":[{"embeddable":true,"href":"https:\/\/desdropi.com\/elparque\/wp-json\/wp\/v2\/media\/206354"}],"wp:attachment":[{"href":"https:\/\/desdropi.com\/elparque\/wp-json\/wp\/v2\/media?parent=206353"}],"wp:term":[{"taxonomy":"product_cat","embeddable":true,"href":"https:\/\/desdropi.com\/elparque\/wp-json\/wp\/v2\/product_cat?post=206353"},{"taxonomy":"product_tag","embeddable":true,"href":"https:\/\/desdropi.com\/elparque\/wp-json\/wp\/v2\/product_tag?post=206353"}],"curies":[{"name":"wp","href":"https:\/\/api.w.org\/{rel}","templated":true}]}}