{"id":206376,"date":"2023-10-05T13:07:52","date_gmt":"2023-10-05T11:07:52","guid":{"rendered":"https:\/\/desdropi.com\/elparque\/?post_type=product&#038;p=206376"},"modified":"2024-05-17T13:01:33","modified_gmt":"2024-05-17T11:01:33","slug":"tostador-flama-958fl-1r-larga-blanca-1000w","status":"publish","type":"product","link":"https:\/\/desdropi.com\/elparque\/tostador-flama-958fl-1r-larga-blanca-1000w\/","title":{"rendered":"TOSTADOR FLAMA 958FL 1R LARGA BLANCA 1000W"},"content":{"rendered":"<div class=\"descripcion-tab\">\n<p><strong>Control de energ\u00eda<\/strong><\/p>\n<ul>\n<li>Potencia: 900<\/li>\n<\/ul>\n<p><strong>Caracter\u00edsticas<\/strong><\/p>\n<ul>\n<li>Color del producto: Blanco<\/li>\n<li>Almacenamiento de cable: S\u00ed<\/li>\n<li>Funci\u00f3n descongelar: S\u00ed<\/li>\n<li>Bot\u00f3n detener\/cancelar: S\u00ed<\/li>\n<li>Control regulable del dorado de la corteza: S\u00ed<\/li>\n<li>Ranura larga: S\u00ed<\/li>\n<li>N\u00famero de ranuras: 1<\/li>\n<\/ul>\n<\/div>\n","protected":false},"excerpt":{"rendered":"<p>Control de energ\u00eda Potencia: 900 Caracter\u00edsticas Color del producto: Blanco Almacenamiento de cable: S\u00ed Funci\u00f3n descongelar: S\u00ed Bot\u00f3n detener\/cancelar: S\u00ed<\/p>\n","protected":false},"featured_media":206377,"comment_status":"open","ping_status":"closed","template":"","meta":{"_joinchat":[]},"product_cat":[834,825,831],"product_tag":[],"class_list":{"0":"post-206376","1":"product","2":"type-product","3":"status-publish","4":"has-post-thumbnail","6":"product_cat-tostadores","7":"product_cat-pequeno-electrodomestico","8":"product_cat-accesorios-de-cocina","10":"first","11":"instock","12":"taxable","13":"shipping-taxable","14":"purchasable","15":"product-type-simple"},"_links":{"self":[{"href":"https:\/\/desdropi.com\/elparque\/wp-json\/wp\/v2\/product\/206376"}],"collection":[{"href":"https:\/\/desdropi.com\/elparque\/wp-json\/wp\/v2\/product"}],"about":[{"href":"https:\/\/desdropi.com\/elparque\/wp-json\/wp\/v2\/types\/product"}],"replies":[{"embeddable":true,"href":"https:\/\/desdropi.com\/elparque\/wp-json\/wp\/v2\/comments?post=206376"}],"version-history":[{"count":0,"href":"https:\/\/desdropi.com\/elparque\/wp-json\/wp\/v2\/product\/206376\/revisions"}],"wp:featuredmedia":[{"embeddable":true,"href":"https:\/\/desdropi.com\/elparque\/wp-json\/wp\/v2\/media\/206377"}],"wp:attachment":[{"href":"https:\/\/desdropi.com\/elparque\/wp-json\/wp\/v2\/media?parent=206376"}],"wp:term":[{"taxonomy":"product_cat","embeddable":true,"href":"https:\/\/desdropi.com\/elparque\/wp-json\/wp\/v2\/product_cat?post=206376"},{"taxonomy":"product_tag","embeddable":true,"href":"https:\/\/desdropi.com\/elparque\/wp-json\/wp\/v2\/product_tag?post=206376"}],"curies":[{"name":"wp","href":"https:\/\/api.w.org\/{rel}","templated":true}]}}