{"id":206420,"date":"2023-10-05T17:25:01","date_gmt":"2023-10-05T15:25:01","guid":{"rendered":"https:\/\/desdropi.com\/elparque\/?post_type=product&#038;p=206420"},"modified":"2024-06-05T11:33:56","modified_gmt":"2024-06-05T09:33:56","slug":"televisor-samsung-55-tq55s90c-qdoled-uhd-smart-tv","status":"publish","type":"product","link":"https:\/\/desdropi.com\/elparque\/televisor-samsung-55-tq55s90c-qdoled-uhd-smart-tv\/","title":{"rendered":"TELEVISOR SAMSUNG 55&#8243; TQ55S90C QDOLED UHD SMART TV"},"content":{"rendered":"<div class=\"descripcion-tab\"><strong>Exhibici\u00f3n<\/strong><\/p>\n<ul>\n<li>Pulgadas: 55&#8243;<\/li>\n<li>Resoluci\u00f3n: 4K Ultra HD<\/li>\n<li>Resoluci\u00f3n de la pantalla: 3840 x 2160<\/li>\n<li>Tecnolog\u00eda del panel: OLED<\/li>\n<li>Relaci\u00f3n de aspecto nativa: 16:9<\/li>\n<li>Frecuencia nativa de refresco: 120 Hz<\/li>\n<li>Diagonal de pantalla: 138 cm<\/li>\n<li>Retroiluminaci\u00f3n del panel: OLED<\/li>\n<li>Tipo de matriz: OLED<\/li>\n<li>Forma de la pantalla: Plana<\/li>\n<\/ul>\n<p><strong>Audio<\/strong><\/p>\n<ul>\n<li>N\u00famero de altavoces: 2 + Woofer<\/li>\n<li>Potencia estimada RMS: 40 W<\/li>\n<li>Tecnolog\u00edas de decodificaci\u00f3n de audio: Dolby Atmos<\/li>\n<li>Adaptive sound: S\u00ed<\/li>\n<li>Q-Symphony: 2.0<\/li>\n<\/ul>\n<p><strong>Puertos e Interfaces<\/strong><\/p>\n<ul>\n<li>N\u00famero de puertos HDMI: 4<\/li>\n<li>Ethernet LAN (RJ-45) cantidad de puertos: 1<\/li>\n<li>Cantidad de puertos USB 2.0: 1<\/li>\n<li>Audio digital, salida \u00f3ptica: 1<\/li>\n<li>Interfaz com\u00fan: S\u00ed<\/li>\n<li>Interfaz com\u00fan Plus (CI+): S\u00ed<\/li>\n<li>Versi\u00f3n Common interface Plus (CI+): 1.4<\/li>\n<\/ul>\n<p><strong>Peso y dimensiones<\/strong><\/p>\n<ul>\n<li>Ancho del dispositivo (con soporte): 1225,4 mm<\/li>\n<li>Ancho (sin base): 122,54 mm<\/li>\n<li>Profundidad (sin base): 5,99 mm<\/li>\n<li>Altura (sin base): 70,86 mm<\/li>\n<li>Profundidad dispositivo (con soporte): 265,9 mm<\/li>\n<li>Altura del dispositivo (con soporte): 773,5 mm<\/li>\n<li>Peso (con soporte): 18,2 kg<\/li>\n<li>Peso (sin base): 16,2 kg<\/li>\n<\/ul>\n<p><strong>Control de energ\u00eda<\/strong><\/p>\n<ul>\n<li>Energy efficiency class (SDR): G<\/li>\n<li>Energy efficiency class (HDR): G<\/li>\n<li>Energy consumption (SDR) per 1000 hours: 83 kWh<\/li>\n<li>Consumo energ\u00e9tico: 83 W<\/li>\n<li>Energy consumption (HDR) per 1000 hours: 134 kWh<\/li>\n<li>Consumo de energ\u00eda (inactivo): 0,5 W<\/li>\n<li>Voltaje de entrada AC: 220-240 V<\/li>\n<li>Frecuencia de entrada AC: 50\/60 Hz<\/li>\n<li>Modo de ahorro de energ\u00eda: S\u00ed<\/li>\n<\/ul>\n<p><strong>Empaquetado<\/strong><\/p>\n<ul>\n<li>Cables incluidos: Corriente alterna<\/li>\n<li>Tipo de control remoto: Solar Universal<\/li>\n<li>Mando a distancia incluido: S\u00ed<\/li>\n<li>Manual electr\u00f3nico: S\u00ed<\/li>\n<li>Tipo de embalaje: Caja<\/li>\n<\/ul>\n<p><strong>Sintonizador de la TV<\/strong><\/p>\n<ul>\n<li>Tipo de sintonizador: Digital<\/li>\n<li>Autob\u00fasqueda de canal: S\u00ed<\/li>\n<\/ul>\n<p><strong>Caracter\u00edsticas de administraci\u00f3n<\/strong><\/p>\n<ul>\n<li>Gu\u00eda electr\u00f3nica de programaci\u00f3n: S\u00ed<\/li>\n<\/ul>\n<p><strong>Dise\u00f1o<\/strong><\/p>\n<ul>\n<li>Color del producto: Negro<\/li>\n<li>Montaje VESA: S\u00ed<\/li>\n<li>Interfaz de panel de montaje: 300 x 200 mm<\/li>\n<li>Tipo de soporte: Central<\/li>\n<\/ul>\n<p><strong>Desempe\u00f1o<\/strong><\/p>\n<ul>\n<li>Alto Rango Din\u00e1mico (HDR): S\u00ed<\/li>\n<li>High Dynamic Range (HDR) technology: HDR cu\u00e1ntico OLED, High Dynamic Range 10+ (HDR10 Plus), Hybrid Log-Gamma (HLG)<\/li>\n<li>Modo de juego: S\u00ed<\/li>\n<li>Funci\u00f3n de subt\u00edtulos: S\u00ed<\/li>\n<li>Compatibilidad con la aplicaci\u00f3n SmartThings: S\u00ed<\/li>\n<li>Tap view: S\u00ed<\/li>\n<li>Funci\u00f3n Multi View: S\u00ed<\/li>\n<\/ul>\n<p><strong>Smart TV<\/strong><\/p>\n<ul>\n<li>Universal guide: S\u00ed<\/li>\n<li>Aplicaciones de v\u00eddeo: Samsung TV Plus<\/li>\n<li>TV por Internet: S\u00ed<\/li>\n<li>Smart TV: S\u00ed<\/li>\n<li>Sistema operativo instalado: Tizen<\/li>\n<\/ul>\n<p><strong>Conexi\u00f3n<\/strong><\/p>\n<ul>\n<li>Wifi: S\u00ed<\/li>\n<li>Ethernet: S\u00ed<\/li>\n<li>Bluetooth: S\u00ed<\/li>\n<\/ul>\n<\/div>\n","protected":false},"excerpt":{"rendered":"<p>Exhibici\u00f3n Pulgadas: 55&#8243; Resoluci\u00f3n: 4K Ultra HD Resoluci\u00f3n de la pantalla: 3840 x 2160 Tecnolog\u00eda del panel: OLED Relaci\u00f3n de<\/p>\n","protected":false},"featured_media":206422,"comment_status":"open","ping_status":"closed","template":"","meta":{"_joinchat":[]},"product_cat":[6464,7068,795],"product_tag":[],"class_list":{"0":"post-206420","1":"product","2":"type-product","3":"status-publish","4":"has-post-thumbnail","6":"product_cat-televisores-electronica","7":"product_cat-tv-40-59","8":"product_cat-electronica","10":"first","11":"instock","12":"taxable","13":"shipping-taxable","14":"purchasable","15":"product-type-simple"},"_links":{"self":[{"href":"https:\/\/desdropi.com\/elparque\/wp-json\/wp\/v2\/product\/206420"}],"collection":[{"href":"https:\/\/desdropi.com\/elparque\/wp-json\/wp\/v2\/product"}],"about":[{"href":"https:\/\/desdropi.com\/elparque\/wp-json\/wp\/v2\/types\/product"}],"replies":[{"embeddable":true,"href":"https:\/\/desdropi.com\/elparque\/wp-json\/wp\/v2\/comments?post=206420"}],"version-history":[{"count":0,"href":"https:\/\/desdropi.com\/elparque\/wp-json\/wp\/v2\/product\/206420\/revisions"}],"wp:featuredmedia":[{"embeddable":true,"href":"https:\/\/desdropi.com\/elparque\/wp-json\/wp\/v2\/media\/206422"}],"wp:attachment":[{"href":"https:\/\/desdropi.com\/elparque\/wp-json\/wp\/v2\/media?parent=206420"}],"wp:term":[{"taxonomy":"product_cat","embeddable":true,"href":"https:\/\/desdropi.com\/elparque\/wp-json\/wp\/v2\/product_cat?post=206420"},{"taxonomy":"product_tag","embeddable":true,"href":"https:\/\/desdropi.com\/elparque\/wp-json\/wp\/v2\/product_tag?post=206420"}],"curies":[{"name":"wp","href":"https:\/\/api.w.org\/{rel}","templated":true}]}}