{"id":206512,"date":"2023-10-05T20:01:06","date_gmt":"2023-10-05T18:01:06","guid":{"rendered":"https:\/\/desdropi.com\/elparque\/?post_type=product&#038;p=206512"},"modified":"2024-05-17T13:01:35","modified_gmt":"2024-05-17T11:01:35","slug":"auriculares-phoenix-aeris-b-bt-5-0-anc-diadema","status":"publish","type":"product","link":"https:\/\/desdropi.com\/elparque\/auriculares-phoenix-aeris-b-bt-5-0-anc-diadema\/","title":{"rendered":"AURICULARES PHOENIX AERIS B BT 5.0 ANC DIADEMA"},"content":{"rendered":"<div class=\"descripcion-tab\">\n<strong>Puertos e Interfaces<\/strong><\/p>\n<ul>\n<li>Alcance inal\u00e1mbrico: 10 metros<\/li>\n<li>Tecnolog\u00eda de conectividad: Inal\u00e1mbrico<\/li>\n<li>Conector de 3,5 mm: S\u00ed<\/li>\n<li>Conexi\u00f3n USB: USB-C<\/li>\n<li>Bluetooth: 5.0<\/li>\n<\/ul>\n<p><strong>Empaquetado<\/strong><\/p>\n<ul>\n<li>Profundidad del paquete: 90 mm<\/li>\n<li>Altura del paquete: 200 mm<\/li>\n<li>Peso del paquete: 630 gramos<\/li>\n<li>Ancho del paquete: 160 mm<\/li>\n<\/ul>\n<p><strong>Micr\u00f3fono<\/strong><\/p>\n<ul>\n<li>Tipo de micr\u00f3fono: No disponible<\/li>\n<\/ul>\n<p><strong>Auriculares<\/strong><\/p>\n<ul>\n<li>Frecuencia de auricular: 20 &#8211; 20000 Hz<\/li>\n<li>Impedancia: 32 Ohm<\/li>\n<li>Potencia m\u00e1xima de entrada: 10 mW<\/li>\n<li>Sensibilidad de auricular: -32 dB<\/li>\n<\/ul>\n<p><strong>Contenido del embalaje<\/strong><\/p>\n<ul>\n<li>Cables incluidos: Audio (3,5mm), carga (USB-C)<\/li>\n<li>Cantidad: 1<\/li>\n<\/ul>\n<p><strong>Bater\u00eda<\/strong><\/p>\n<ul>\n<li>Bater\u00eda: 400 mAh<\/li>\n<\/ul>\n<p><strong>Desempe\u00f1o<\/strong><\/p>\n<ul>\n<li>Tipo de producto: Auriculares<\/li>\n<li>Estilo de uso: Diadema<\/li>\n<li>Color del producto: Negro<\/li>\n<\/ul>\n<\/div>\n","protected":false},"excerpt":{"rendered":"<p>Puertos e Interfaces Alcance inal\u00e1mbrico: 10 metros Tecnolog\u00eda de conectividad: Inal\u00e1mbrico Conector de 3,5 mm: S\u00ed Conexi\u00f3n USB: USB-C Bluetooth:<\/p>\n","protected":false},"featured_media":206516,"comment_status":"open","ping_status":"closed","template":"","meta":{"_joinchat":[]},"product_cat":[6536,6988,1022,3383],"product_tag":[],"class_list":{"0":"post-206512","1":"product","2":"type-product","3":"status-publish","4":"has-post-thumbnail","6":"product_cat-informatica-y-ocio","7":"product_cat-auriculares-gaming-informatica-y-gaming","8":"product_cat-sonido","9":"product_cat-auriculares","11":"first","12":"instock","13":"taxable","14":"shipping-taxable","15":"purchasable","16":"product-type-simple"},"_links":{"self":[{"href":"https:\/\/desdropi.com\/elparque\/wp-json\/wp\/v2\/product\/206512"}],"collection":[{"href":"https:\/\/desdropi.com\/elparque\/wp-json\/wp\/v2\/product"}],"about":[{"href":"https:\/\/desdropi.com\/elparque\/wp-json\/wp\/v2\/types\/product"}],"replies":[{"embeddable":true,"href":"https:\/\/desdropi.com\/elparque\/wp-json\/wp\/v2\/comments?post=206512"}],"version-history":[{"count":0,"href":"https:\/\/desdropi.com\/elparque\/wp-json\/wp\/v2\/product\/206512\/revisions"}],"wp:featuredmedia":[{"embeddable":true,"href":"https:\/\/desdropi.com\/elparque\/wp-json\/wp\/v2\/media\/206516"}],"wp:attachment":[{"href":"https:\/\/desdropi.com\/elparque\/wp-json\/wp\/v2\/media?parent=206512"}],"wp:term":[{"taxonomy":"product_cat","embeddable":true,"href":"https:\/\/desdropi.com\/elparque\/wp-json\/wp\/v2\/product_cat?post=206512"},{"taxonomy":"product_tag","embeddable":true,"href":"https:\/\/desdropi.com\/elparque\/wp-json\/wp\/v2\/product_tag?post=206512"}],"curies":[{"name":"wp","href":"https:\/\/api.w.org\/{rel}","templated":true}]}}