{"id":206573,"date":"2023-10-06T12:10:37","date_gmt":"2023-10-06T10:10:37","guid":{"rendered":"https:\/\/desdropi.com\/elparque\/?post_type=product&#038;p=206573"},"modified":"2024-05-17T13:01:35","modified_gmt":"2024-05-17T11:01:35","slug":"smartphone-tcl-403-t431d-2-32-6-mauve-vist","status":"publish","type":"product","link":"https:\/\/desdropi.com\/elparque\/smartphone-tcl-403-t431d-2-32-6-mauve-vist\/","title":{"rendered":"Smartphone TCL 403 T431D 2\/32 6&#8243; PRIME BLACK"},"content":{"rendered":"<div class=\"descripcion-tab\">\n<p><strong>Procesador<\/strong><\/p>\n<ul>\n<li>Familia de Procesador: MediaTek<\/li>\n<li>Modelo del Procesador: Helio A22<\/li>\n<li>Arquitectura del Procesador: ARM Cortex-A53<\/li>\n<li>N\u00famero de N\u00facleos de Procesador: 4<\/li>\n<li>Frecuencia del Procesador: 2 GHz<\/li>\n<\/ul>\n<p><strong>Exhibici\u00f3n<\/strong><\/p>\n<ul>\n<li>Resoluci\u00f3n de la Pantalla: 480 x 960<\/li>\n<li>Forma de la Pantalla: Plana<\/li>\n<li>Tipo de Visualizador: IPS<\/li>\n<li>Tipo de Pantalla T\u00e1ctil: Capacitiva<\/li>\n<li>Relaci\u00f3n de Aspecto Nativa: 18:9<\/li>\n<li>Raz\u00f3n de Contraste (T\u00edpica): 1000:1<\/li>\n<li>Brillo de Pantalla: 400 nits<\/li>\n<li>Densidad del P\u00edxel: 179 ppi<\/li>\n<li>Pantalla con Esquinas Redondeadas: S\u00ed<\/li>\n<li>Tama\u00f1o de la Pantalla: 15,2 cm (6 pulgadas)<\/li>\n<\/ul>\n<p><strong>Puertos e Interfaces<\/strong><\/p>\n<ul>\n<li>Puerto USB: S\u00ed<\/li>\n<li>Conector USB: MicroUSB<\/li>\n<li>Auriculares: 3,5 mm<\/li>\n<\/ul>\n<p><strong>Peso y Dimensiones<\/strong><\/p>\n<ul>\n<li>Peso: 182 gramos<\/li>\n<li>Ancho: 78,2 mm<\/li>\n<li>Profundidad: 9,6 mm<\/li>\n<li>Altura: 159,2 mm<\/li>\n<\/ul>\n<p><strong>Medios de Almacenaje<\/strong><\/p>\n<ul>\n<li>RAM Interna: 2 GB<\/li>\n<li>Memoria Interna: 32 GB<\/li>\n<li>Memoria del Usuario: 21 GB<\/li>\n<li>Tarjetas de Memoria Compatibles: MicroSD (TransFlash), MicroSDHC, MicroSDXC<\/li>\n<li>Tama\u00f1o M\u00e1ximo de Tarjeta de Memoria: 512 GB<\/li>\n<li>Tipo de Ranura para Tarjeta de Memoria: Ranura Dedicada<\/li>\n<li>Tipo de Memoria RAM Interna: LPDDR4X<\/li>\n<\/ul>\n<p><strong>Procesador<\/strong><\/p>\n<ul>\n<li>Familia de Procesador: MediaTek<\/li>\n<li>Modelo del Procesador: Helio A22<\/li>\n<li>Arquitectura del Procesador: ARM Cortex-A53<\/li>\n<li>N\u00famero de N\u00facleos de Procesador: 4<\/li>\n<li>Frecuencia del Procesador: 2 GHz<\/li>\n<\/ul>\n<p><strong>Mensajer\u00eda<\/strong><\/p>\n<ul>\n<li>Sistema de mensajer\u00eda multimedia (MMS): S\u00ed<\/li>\n<li>Correo electr\u00f3nico: S\u00ed<\/li>\n<li>Servicios de mensajes cortos (SMS): S\u00ed<\/li>\n<\/ul>\n<p><strong>Navegaci\u00f3n<\/strong><\/p>\n<ul>\n<li>GPS: S\u00ed<\/li>\n<li>GPS (sat\u00e9lite): S\u00ed<\/li>\n<li>BeiDou: S\u00ed<\/li>\n<li>Galileo: S\u00ed<\/li>\n<\/ul>\n<p><strong>Software<\/strong><\/p>\n<ul>\n<li>Plataforma: Android<\/li>\n<li>Sistema operativo instalado: Android 12 Go edition<\/li>\n<\/ul>\n<p><strong>C\u00e1mara fotogr\u00e1fica<\/strong><\/p>\n<ul>\n<li>Tipo de c\u00e1mara trasera: C\u00e1mara \u00fanica<\/li>\n<li>Tama\u00f1o del sensor de la c\u00e1mara trasera: 1\/4<\/li>\n<li>N\u00famero de apertura de la c\u00e1mara trasera: 2<\/li>\n<li>Resoluci\u00f3n de la c\u00e1mara trasera (num\u00e9rica): 8<\/li>\n<li>Tama\u00f1o de los p\u00edxeles de la c\u00e1mara trasera: 1,12<\/li>\n<li>Tama\u00f1o de p\u00edxel de la tercera c\u00e1mara trasera: 76,9<\/li>\n<li>Elementos de la lente de la c\u00e1mara trasera: Lente de 4 elementos<\/li>\n<li>Elementos de la lente de la c\u00e1mara delantera: 2-element lens<\/li>\n<li>Tipo de c\u00e1mara frontal: C\u00e1mara \u00fanica<\/li>\n<li>Tama\u00f1o del sensor de la c\u00e1mara frontal: 1\/5<\/li>\n<li>Resoluci\u00f3n de la c\u00e1mara frontal (num\u00e9rica): 5<\/li>\n<li>N\u00famero de apertura de la c\u00e1mara frontal: 2,8<\/li>\n<li>Tama\u00f1o de los p\u00edxeles de la c\u00e1mara frontal: 1,75<\/li>\n<li>\u00c1ngulo del campo de visi\u00f3n (FOV) de la c\u00e1mara frontal: 61,4<\/li>\n<li>Flash en c\u00e1mara trasera: S\u00ed<\/li>\n<li>Tipo de flash: LED<\/li>\n<li>Resoluci\u00f3n de captura de video: 1920 x 1080<\/li>\n<li>Resoluci\u00f3n en velocidad de captura: 1280&#215;720@30fps, 1920&#215;1080@30fps<\/li>\n<li>Modos de grabaci\u00f3n de v\u00eddeo: 720p, 1080p<\/li>\n<li>Autoenfoque: S\u00ed<\/li>\n<li>Panor\u00e1mica: S\u00ed<\/li>\n<li>Velocidad m\u00e1xima de cuadro: 30<\/li>\n<li>Fotograf\u00eda macro: S\u00ed<\/li>\n<\/ul>\n<p><strong>Contenido del embalaje<\/strong><\/p>\n<ul>\n<li>Gu\u00eda de configuraci\u00f3n r\u00e1pida: S\u00ed<\/li>\n<li>Protector de pantalla: S\u00ed<\/li>\n<li>Cables incluidos: MicroUSB<\/li>\n<\/ul>\n<p><strong>Sensores<\/strong><\/p>\n<ul>\n<li>Aceler\u00f3metro: S\u00ed<\/li>\n<\/ul>\n<p><strong>Bater\u00eda<\/strong><\/p>\n<ul>\n<li>Tiempo de hablado (WCDMA): 21<\/li>\n<li>Tiempo de recarga de la bater\u00eda: 3,5<\/li>\n<li>Tiempo de suspensi\u00f3n (WCDMA): 612<\/li>\n<li>Tecnolog\u00eda de bater\u00eda: I\u00f3n de litio<\/li>\n<li>Voltaje de la pila: 5<\/li>\n<li>Tiempo en conversaci\u00f3n (4G): 20<\/li>\n<li>Capacidad de bater\u00eda: 3000<\/li>\n<\/ul>\n<p><strong>Dise\u00f1o:<\/strong><\/p>\n<ul>\n<li>Factor de forma: Barra<\/li>\n<li>C\u00f3digo IP (International Protection): IP52<\/li>\n<li>Funciones de protecci\u00f3n: Resistente al polvo, Resistente al agua<\/li>\n<li>Color del tel\u00e9fono: Negro<\/li>\n<\/ul>\n<p><strong>Desempe\u00f1o<\/strong><\/p>\n<ul>\n<li>Adaptador gr\u00e1fico: IMG GE8300<\/li>\n<li>Reconocimiento de cara: S\u00ed<\/li>\n<li>Altavoz: S\u00ed<\/li>\n<li>Alerta vibratoria: S\u00ed<\/li>\n<li>Lector de huella digital: No<\/li>\n<li>USB On-The-Go soportado: S\u00ed<\/li>\n<\/ul>\n<p><strong>Multimedia<\/strong><\/p>\n<ul>\n<li>Formatos de audio soportados: AAC, AAC+, AMR, AWB, FLAC, MP3, PCM, Vorbis, eAAC+<\/li>\n<li>Formatos de v\u00eddeo compatibles: AVC, H.263, H.264, H.265, HEVC, MPEG4, VP8, VP9<\/li>\n<li>Radio FM: S\u00ed<\/li>\n<li>Altavoces: Mono<\/li>\n<\/ul>\n<p><strong>Suscripci\u00f3n<\/strong><\/p>\n<ul>\n<li>Tipo de suscripci\u00f3n: Sin suscripci\u00f3n<\/li>\n<\/ul>\n<p><strong>Conexi\u00f3n<\/strong><\/p>\n<ul>\n<li>Capacidad de la tarjeta SIM: SIM doble<\/li>\n<li>Mobile network generation: 4G<\/li>\n<li>Tipo de tarjeta SIM: NanoSIM<\/li>\n<li>Est\u00e1ndares 3G: HSPA+<\/li>\n<li>Est\u00e1ndar 4G: LTE-TDD &amp; LTE-FDD<\/li>\n<li>Est\u00e1ndar 5G: No compatible<\/li>\n<li>Wifi: S\u00ed<\/li>\n<li>Bluetooth: S\u00ed<\/li>\n<li>Wi-Fi est\u00e1ndares: 802.11b, 802.11g, Wi-Fi 4 (802.11n)<\/li>\n<li>Versi\u00f3n de Bluetooth: 5.0<\/li>\n<li>Wi-Fi Direct: S\u00ed<\/li>\n<li>Voces superpuestas LTE (VoLTE) compatibles: S\u00ed<\/li>\n<li>Banda de frecuencia: Banda \u00fanica<\/li>\n<\/ul>\n<\/div>\n","protected":false},"excerpt":{"rendered":"<p>Procesador Familia de Procesador: MediaTek Modelo del Procesador: Helio A22 Arquitectura del Procesador: ARM Cortex-A53 N\u00famero de N\u00facleos de Procesador:<\/p>\n","protected":false},"featured_media":206580,"comment_status":"open","ping_status":"closed","template":"","meta":{"_joinchat":[]},"product_cat":[6476,6480,7133],"product_tag":[],"class_list":{"0":"post-206573","1":"product","2":"type-product","3":"status-publish","4":"has-post-thumbnail","6":"product_cat-telefonos","7":"product_cat-android-smartphones-telefonos","8":"product_cat-ofertas-smartphones","10":"first","11":"instock","12":"taxable","13":"shipping-taxable","14":"purchasable","15":"product-type-simple"},"_links":{"self":[{"href":"https:\/\/desdropi.com\/elparque\/wp-json\/wp\/v2\/product\/206573"}],"collection":[{"href":"https:\/\/desdropi.com\/elparque\/wp-json\/wp\/v2\/product"}],"about":[{"href":"https:\/\/desdropi.com\/elparque\/wp-json\/wp\/v2\/types\/product"}],"replies":[{"embeddable":true,"href":"https:\/\/desdropi.com\/elparque\/wp-json\/wp\/v2\/comments?post=206573"}],"version-history":[{"count":0,"href":"https:\/\/desdropi.com\/elparque\/wp-json\/wp\/v2\/product\/206573\/revisions"}],"wp:featuredmedia":[{"embeddable":true,"href":"https:\/\/desdropi.com\/elparque\/wp-json\/wp\/v2\/media\/206580"}],"wp:attachment":[{"href":"https:\/\/desdropi.com\/elparque\/wp-json\/wp\/v2\/media?parent=206573"}],"wp:term":[{"taxonomy":"product_cat","embeddable":true,"href":"https:\/\/desdropi.com\/elparque\/wp-json\/wp\/v2\/product_cat?post=206573"},{"taxonomy":"product_tag","embeddable":true,"href":"https:\/\/desdropi.com\/elparque\/wp-json\/wp\/v2\/product_tag?post=206573"}],"curies":[{"name":"wp","href":"https:\/\/api.w.org\/{rel}","templated":true}]}}