{"id":206666,"date":"2023-10-19T23:20:03","date_gmt":"2023-10-19T21:20:03","guid":{"rendered":"https:\/\/desdropi.com\/elparque\/cafetera-express-cecotec-01503-power-expresso-20\/"},"modified":"2025-04-14T09:30:11","modified_gmt":"2025-04-14T07:30:11","slug":"cafetera-express-cecotec-01503-power-expresso-20","status":"publish","type":"product","link":"https:\/\/desdropi.com\/elparque\/cafetera-express-cecotec-01503-power-expresso-20\/","title":{"rendered":"cafetera express cecotec 01503 power expresso 20"},"content":{"rendered":"<div class=\"descripcion-tab\">\n<ul>\n<li><strong>Cafetera express con vaporizador incorporado:<\/strong>con la que disfrutar\u00e1s de los mejores espressos y cappuccinos. Con una extraordinaria presi\u00f3n de 20 bares y 850 W de potencia, aumenta al m\u00e1ximo el aroma del caf\u00e9 y consigue una crema sin igual. Dise\u00f1ada con acabados en acero inoxidable y un gran dep\u00f3sito de 1,6 litros, es perfecta para los amantes del mejor caf\u00e9. Power Espresso 20 de Cecotec despertar\u00e1 todos tus sentidos<\/li>\n<\/ul>\n<p><strong>Descripci\u00f3n:<\/strong><\/p>\n<ul>\n<li>Cafetera express para caf\u00e9 espresso y cappuccino. Prepara todo tipo de caf\u00e9s con solo pulsar un bot\u00f3n.<\/li>\n<li>Bomba de presi\u00f3n de 20 bares y 850 W de potencia. Consigue la mejor crema y el m\u00e1ximo aroma.<\/li>\n<li>Incluye vaporizador orientable con protecci\u00f3n para su uso: espumar leche, emitir agua caliente para infusiones o calentar l\u00edquidos.<\/li>\n<li>Brazo con doble salida y dos portafiltros para preparar uno o dos caf\u00e9s a la vez.<\/li>\n<li>Dep\u00f3sito de agua extra\u00edble con capacidad de 1,6 litros.<\/li>\n<li>Superficie calientatazas para almacenar y calentar las tazas.<\/li>\n<li>Incluye cucharilla dosificadora con prensador para el caf\u00e9.<\/li>\n<li>Bandeja de goteo desmontable para facilitar su limpieza.<\/li>\n<li>V\u00e1lvula de seguridad que libera autom\u00e1ticamente la presi\u00f3n.<\/li>\n<li>Indicadores luminosos en cada funci\u00f3n.<\/li>\n<\/ul>\n<p><strong>Composici\u00f3n:<\/strong><\/p>\n<ul>\n<li>Cafetera.<\/li>\n<li>Cuchara medidora con prensa.<\/li>\n<li>2 filtros (para uno o dos caf\u00e9s).<\/li>\n<li>Brazo.<\/li>\n<li>Manual de instrucciones.<\/li>\n<\/ul>\n<\/div>\n","protected":false},"excerpt":{"rendered":"<p>Cafetera express con vaporizador incorporado:con la que disfrutar\u00e1s de los mejores espressos y cappuccinos. Con una extraordinaria presi\u00f3n de 20<\/p>\n","protected":false},"featured_media":206667,"comment_status":"open","ping_status":"open","template":"","meta":{"_joinchat":[]},"product_cat":[6516,6906,825],"product_tag":[],"class_list":{"0":"post-206666","1":"product","2":"type-product","3":"status-publish","4":"has-post-thumbnail","6":"product_cat-cafeteras-pequeno-electrodomestico","7":"product_cat-de-brazo-express","8":"product_cat-pequeno-electrodomestico","9":"pa_marca-cecotec","11":"first","12":"instock","13":"taxable","14":"shipping-taxable","15":"purchasable","16":"product-type-simple"},"_links":{"self":[{"href":"https:\/\/desdropi.com\/elparque\/wp-json\/wp\/v2\/product\/206666"}],"collection":[{"href":"https:\/\/desdropi.com\/elparque\/wp-json\/wp\/v2\/product"}],"about":[{"href":"https:\/\/desdropi.com\/elparque\/wp-json\/wp\/v2\/types\/product"}],"replies":[{"embeddable":true,"href":"https:\/\/desdropi.com\/elparque\/wp-json\/wp\/v2\/comments?post=206666"}],"version-history":[{"count":1,"href":"https:\/\/desdropi.com\/elparque\/wp-json\/wp\/v2\/product\/206666\/revisions"}],"predecessor-version":[{"id":224475,"href":"https:\/\/desdropi.com\/elparque\/wp-json\/wp\/v2\/product\/206666\/revisions\/224475"}],"wp:featuredmedia":[{"embeddable":true,"href":"https:\/\/desdropi.com\/elparque\/wp-json\/wp\/v2\/media\/206667"}],"wp:attachment":[{"href":"https:\/\/desdropi.com\/elparque\/wp-json\/wp\/v2\/media?parent=206666"}],"wp:term":[{"taxonomy":"product_cat","embeddable":true,"href":"https:\/\/desdropi.com\/elparque\/wp-json\/wp\/v2\/product_cat?post=206666"},{"taxonomy":"product_tag","embeddable":true,"href":"https:\/\/desdropi.com\/elparque\/wp-json\/wp\/v2\/product_tag?post=206666"}],"curies":[{"name":"wp","href":"https:\/\/api.w.org\/{rel}","templated":true}]}}