{"id":206814,"date":"2023-10-26T23:18:03","date_gmt":"2023-10-26T21:18:03","guid":{"rendered":"https:\/\/desdropi.com\/elparque\/plancha-rowenta-dx1635d1-effective-2400w-240183\/"},"modified":"2025-04-13T19:40:28","modified_gmt":"2025-04-13T17:40:28","slug":"plancha-rowenta-dx1635d1-effective-2400w-240183","status":"publish","type":"product","link":"https:\/\/desdropi.com\/elparque\/plancha-rowenta-dx1635d1-effective-2400w-240183\/","title":{"rendered":"plancha rowenta dx1635d1 effective 2400w 240183"},"content":{"rendered":"<div class=\"descripcion-tab\">\n<ul>\n<li>Plancha de vapor Effective de 2400W proporciona 120 g\/min eliminando las arrugas dif\u00edciles del tejido; para un planchado r\u00e1pido y eficaz por su vapor contin\u00fao de hasta 40 g\/min.<\/li>\n<li>Suela Microsteam 300: Gran antiadherencia por su innovadora tecnolog\u00eda que facilita la distribuci\u00f3n del vapor por sus 300 microagujeros sobre las prendas garantizando un buen deslizamiento y un rendimiento duradero.<\/li>\n<li>Control antigoteo para mayor tranquilidad en el planchado dado que impide que el agua deje manchas en los tejidos, incluso planchando a bajas temperaturas.<\/li>\n<li>La funci\u00f3n Autosteam permite de forma ajustar el vapor por temperatura o seg\u00fan el tipo de tela con tal solo girar la rueda incorporada.<\/li>\n<li>Dep\u00f3sito de cal removible que captura las part\u00edculas de cal para garantizar la durabilidad de sus sistema de vapor, permitiendo adem\u00e1s una limpieza y un mantenimiento sin esfuerzo<\/li>\n<li>El vapor vertical facilita el planchado de prendas m\u00e1s delicadas o de gran tama\u00f1o.<\/li>\n<li>Las planchas Rowenta se someten de manera aleatoria a estrictos controles de calidad que incluyen el llenado de agua, por ello se pueden encontrar gotas de agua en el dep\u00f3sito o en la suela.<\/li>\n<\/ul>\n<p><strong style=\"color: #1b1919; font-size: 22px;\">Plancha de vapor Effective 120 g\/min<\/strong><\/p>\n<ul>\n<li class=\"aplus-p2 aplus-module-1-description\">Con funciones y ajustes f\u00e1ciles de usar, Rowenta Effective es la plancha de vapor perfecta para principiantes. La funci\u00f3n Autosteam pone a tu alcance resultados de planchado perfectos con solo girar una rueda, al tiempo que proporciona suficiente potencia de vapor para satisfacer todas tus necesidades de planchado con la m\u00e1xima eficiencia, velocidad y facilidad.<\/li>\n<\/ul>\n<p><img decoding=\"async\" class=\"alignnone wp-image-208018\" src=\"https:\/\/desdropi.com\/elparque\/wp-content\/uploads\/f0453bfe-4635-4f3f-a02e-359a4d7f3ea9.__CR2633941050787_PT0_SX300_V1___.jpg\" alt=\"\" width=\"200\" height=\"150\" srcset=\"https:\/\/desdropi.com\/elparque\/wp-content\/uploads\/f0453bfe-4635-4f3f-a02e-359a4d7f3ea9.__CR2633941050787_PT0_SX300_V1___.jpg 300w, https:\/\/desdropi.com\/elparque\/wp-content\/uploads\/f0453bfe-4635-4f3f-a02e-359a4d7f3ea9.__CR2633941050787_PT0_SX300_V1___-150x113.jpg 150w\" sizes=\"(max-width: 200px) 100vw, 200px\" \/><\/p>\n<p><strong>Potente golpe de vapor<\/strong><\/p>\n<p>Un potente golpe de vapor de 120 g\/min elimina las arrugas de telas gruesas y las pliegues m\u00e1s rebeldes con total facilidad.<\/p>\n<p><img decoding=\"async\" class=\"alignnone wp-image-208019\" src=\"https:\/\/desdropi.com\/elparque\/wp-content\/uploads\/d6d26be0-a3b2-487d-bf6c-56fcbc9197be.__CR039415751181_PT0_SX300_V1___.jpg\" alt=\"\" width=\"200\" height=\"150\" srcset=\"https:\/\/desdropi.com\/elparque\/wp-content\/uploads\/d6d26be0-a3b2-487d-bf6c-56fcbc9197be.__CR039415751181_PT0_SX300_V1___.jpg 300w, https:\/\/desdropi.com\/elparque\/wp-content\/uploads\/d6d26be0-a3b2-487d-bf6c-56fcbc9197be.__CR039415751181_PT0_SX300_V1___-150x113.jpg 150w\" sizes=\"(max-width: 200px) 100vw, 200px\" \/><\/p>\n<p><strong>Protecci\u00f3n antigoteos<\/strong><br \/>\nPrendas sin manchas de agua gracias al sistema de protecci\u00f3n antigoteo, para prendas impecables que te ayudan a verte mejor todos los d\u00edas.<\/p>\n<p><img decoding=\"async\" class=\"alignnone wp-image-208020\" src=\"https:\/\/desdropi.com\/elparque\/wp-content\/uploads\/72dfda54-bfc2-44de-83a1-9653701f313d.__CR019715751181_PT0_SX300_V1___.jpg\" alt=\"\" width=\"200\" height=\"150\" srcset=\"https:\/\/desdropi.com\/elparque\/wp-content\/uploads\/72dfda54-bfc2-44de-83a1-9653701f313d.__CR019715751181_PT0_SX300_V1___.jpg 300w, https:\/\/desdropi.com\/elparque\/wp-content\/uploads\/72dfda54-bfc2-44de-83a1-9653701f313d.__CR019715751181_PT0_SX300_V1___-150x113.jpg 150w\" sizes=\"(max-width: 200px) 100vw, 200px\" \/><\/p>\n<p><strong>Asa ergon\u00f3mica<\/strong><br \/>\nEl asa ergon\u00f3mica le da a esta plancha un agarre c\u00f3modo que hace que el planchado sea suave y f\u00e1cil siempre.<\/p>\n<p><img loading=\"lazy\" decoding=\"async\" class=\"alignnone wp-image-208021\" src=\"https:\/\/desdropi.com\/elparque\/wp-content\/uploads\/c344b39a-504d-4774-b953-04113440acfc.__CR0015751181_PT0_SX300_V1___.jpg\" alt=\"\" width=\"200\" height=\"150\" srcset=\"https:\/\/desdropi.com\/elparque\/wp-content\/uploads\/c344b39a-504d-4774-b953-04113440acfc.__CR0015751181_PT0_SX300_V1___.jpg 300w, https:\/\/desdropi.com\/elparque\/wp-content\/uploads\/c344b39a-504d-4774-b953-04113440acfc.__CR0015751181_PT0_SX300_V1___-150x113.jpg 150w\" sizes=\"(max-width: 200px) 100vw, 200px\" \/><\/p>\n<p><strong>Ajustes sin esfuerzo<\/strong><br \/>\nLa funci\u00f3n Autosteam no podr\u00eda ser m\u00e1s f\u00e1cil; el vapor que se ajusta por temperatura o tipo de tela con el simple giro de una rueda.<\/p>\n<\/div>\n","protected":false},"excerpt":{"rendered":"<p>Plancha de vapor Effective de 2400W proporciona 120 g\/min eliminando las arrugas dif\u00edciles del tejido; para un planchado r\u00e1pido y<\/p>\n","protected":false},"featured_media":193703,"comment_status":"open","ping_status":"closed","template":"","meta":{"_joinchat":[]},"product_cat":[6503,6504,825],"product_tag":[],"class_list":{"0":"post-206814","1":"product","2":"type-product","3":"status-publish","4":"has-post-thumbnail","6":"product_cat-planchado-y-ropa","7":"product_cat-planchas-de-vapor","8":"product_cat-pequeno-electrodomestico","9":"pa_marca-rowenta","11":"first","12":"instock","13":"taxable","14":"shipping-taxable","15":"purchasable","16":"product-type-simple"},"_links":{"self":[{"href":"https:\/\/desdropi.com\/elparque\/wp-json\/wp\/v2\/product\/206814"}],"collection":[{"href":"https:\/\/desdropi.com\/elparque\/wp-json\/wp\/v2\/product"}],"about":[{"href":"https:\/\/desdropi.com\/elparque\/wp-json\/wp\/v2\/types\/product"}],"replies":[{"embeddable":true,"href":"https:\/\/desdropi.com\/elparque\/wp-json\/wp\/v2\/comments?post=206814"}],"version-history":[{"count":1,"href":"https:\/\/desdropi.com\/elparque\/wp-json\/wp\/v2\/product\/206814\/revisions"}],"predecessor-version":[{"id":224456,"href":"https:\/\/desdropi.com\/elparque\/wp-json\/wp\/v2\/product\/206814\/revisions\/224456"}],"wp:featuredmedia":[{"embeddable":true,"href":"https:\/\/desdropi.com\/elparque\/wp-json\/wp\/v2\/media\/193703"}],"wp:attachment":[{"href":"https:\/\/desdropi.com\/elparque\/wp-json\/wp\/v2\/media?parent=206814"}],"wp:term":[{"taxonomy":"product_cat","embeddable":true,"href":"https:\/\/desdropi.com\/elparque\/wp-json\/wp\/v2\/product_cat?post=206814"},{"taxonomy":"product_tag","embeddable":true,"href":"https:\/\/desdropi.com\/elparque\/wp-json\/wp\/v2\/product_tag?post=206814"}],"curies":[{"name":"wp","href":"https:\/\/api.w.org\/{rel}","templated":true}]}}