{"id":206865,"date":"2023-10-27T23:50:04","date_gmt":"2023-10-27T21:50:04","guid":{"rendered":"https:\/\/desdropi.com\/elparque\/frigo-combi-nevir-nvr-5603ctnfdi-188x60-inox-display\/"},"modified":"2024-05-18T23:48:12","modified_gmt":"2024-05-18T21:48:12","slug":"frigo-combi-nevir-nvr-5603ctnfdi-188x60-inox-display","status":"publish","type":"product","link":"https:\/\/desdropi.com\/elparque\/frigo-combi-nevir-nvr-5603ctnfdi-188x60-inox-display\/","title":{"rendered":"frigo.combi nevir nvr-5603ctnfdi 188&#215;60 inox display"},"content":{"rendered":"<div class=\"descripcion-tab\">\n<p><strong>Nevir NVR-5603CTNFDI<\/strong><\/p>\n<ul>\n<li>Tipo: Combi Total No Frost<\/li>\n<li>Fast Cooling: S\u00ed<\/li>\n<li>Puertas: De Acero Inoxidable<\/li>\n<li>Pantalla Digital Control Temperatura: S\u00ed<\/li>\n<\/ul>\n<p>El Frigor\u00edfico Nevir NVR-5603CTNFDI, con una medida de 188 cm y una capacidad de 302 L, ofrece la comodidad del No Frost y pertenece a la Clase F, proporcionando tranquilidad. Dise\u00f1ado para funcionar en climas mediterr\u00e1neos, garantiza un funcionamiento \u00f3ptimo incluso a temperaturas exteriores de hasta 43\u00baC. El compartimento porta verduras asegura la correcta conservaci\u00f3n de frutas y verduras al mantener un nivel de humedad constante.<\/p>\n<p><strong>Caracter\u00edsticas Principales:<\/strong><\/p>\n<ul>\n<li>Frigor\u00edfico: Tipo Combi<\/li>\n<li>Total No Frost: S\u00ed<\/li>\n<li>Puertas: Acero Inoxidable<\/li>\n<li>Panel Digital: Control de Temperatura en la Puerta<\/li>\n<li>Fast Cooling: Enfriamiento R\u00e1pido<\/li>\n<li>Bandejas de Cristal Ajustables: S\u00ed<\/li>\n<li>Iluminaci\u00f3n: LED Interior<\/li>\n<li>Sistema Inverter de Ventilaci\u00f3n: S\u00ed<\/li>\n<li>Puertas Reversibles: S\u00ed<\/li>\n<li>Patas Ajustables: S\u00ed<\/li>\n<\/ul>\n<p><strong>Compartimientos:<\/strong><\/p>\n<ul>\n<li>Baldas de Cristal Ajustables en Altura: 3<\/li>\n<li>Balcones de Puerta de Diferentes Tama\u00f1os: 5<\/li>\n<li>Caj\u00f3n Verduras y Frutas M\u00e1xima Frescura: S\u00ed<\/li>\n<li>Cajones Divisores Transparentes Congelador: 3<\/li>\n<li>Volumen Total de Uso: 302 Litros<\/li>\n<li>Volumen Frigor\u00edfico: 224 Litros<\/li>\n<\/ul>\n<p><strong>Consumo:<\/strong><\/p>\n<ul>\n<li>Consumo Energ\u00e9tico: 293 kWh\/a\u00f1o<\/li>\n<li>Alimentaci\u00f3n: 220-240V\/50Hz<\/li>\n<li>Refrigerante: R600A<\/li>\n<li>Sonoridad: 41 dB<\/li>\n<li>Clase Sub-Tropical: *<\/li>\n<li>Clasificaci\u00f3n Energ\u00e9tica: F<\/li>\n<\/ul>\n<\/div>\n","protected":false},"excerpt":{"rendered":"<p>Nevir NVR-5603CTNFDI Tipo: Combi Total No Frost Fast Cooling: S\u00ed Puertas: De Acero Inoxidable Pantalla Digital Control Temperatura: S\u00ed El<\/p>\n","protected":false},"featured_media":199611,"comment_status":"open","ping_status":"closed","template":"","meta":{"_joinchat":[]},"product_cat":[6442,6441,780],"product_tag":[],"class_list":{"0":"post-206865","1":"product","2":"type-product","3":"status-publish","4":"has-post-thumbnail","6":"product_cat-combis-frigorificos","7":"product_cat-frigorificos","8":"product_cat-gran-electrodomestico","9":"pa_marca-nevir","11":"first","12":"instock","13":"taxable","14":"shipping-taxable","15":"purchasable","16":"product-type-simple"},"_links":{"self":[{"href":"https:\/\/desdropi.com\/elparque\/wp-json\/wp\/v2\/product\/206865"}],"collection":[{"href":"https:\/\/desdropi.com\/elparque\/wp-json\/wp\/v2\/product"}],"about":[{"href":"https:\/\/desdropi.com\/elparque\/wp-json\/wp\/v2\/types\/product"}],"replies":[{"embeddable":true,"href":"https:\/\/desdropi.com\/elparque\/wp-json\/wp\/v2\/comments?post=206865"}],"version-history":[{"count":0,"href":"https:\/\/desdropi.com\/elparque\/wp-json\/wp\/v2\/product\/206865\/revisions"}],"wp:featuredmedia":[{"embeddable":true,"href":"https:\/\/desdropi.com\/elparque\/wp-json\/wp\/v2\/media\/199611"}],"wp:attachment":[{"href":"https:\/\/desdropi.com\/elparque\/wp-json\/wp\/v2\/media?parent=206865"}],"wp:term":[{"taxonomy":"product_cat","embeddable":true,"href":"https:\/\/desdropi.com\/elparque\/wp-json\/wp\/v2\/product_cat?post=206865"},{"taxonomy":"product_tag","embeddable":true,"href":"https:\/\/desdropi.com\/elparque\/wp-json\/wp\/v2\/product_tag?post=206865"}],"curies":[{"name":"wp","href":"https:\/\/api.w.org\/{rel}","templated":true}]}}