{"id":206930,"date":"2023-10-30T23:20:03","date_gmt":"2023-10-30T22:20:03","guid":{"rendered":"https:\/\/desdropi.com\/elparque\/frigo-combi-lg-gbb72pzvgn-203x60-inox\/"},"modified":"2025-04-13T20:17:30","modified_gmt":"2025-04-13T18:17:30","slug":"frigo-combi-lg-gbb72pzvgn-203x60-inox","status":"publish","type":"product","link":"https:\/\/desdropi.com\/elparque\/frigo-combi-lg-gbb72pzvgn-203x60-inox\/","title":{"rendered":"frigo combi lg gbb72pzvgn 203&#215;60 inox"},"content":{"rendered":"<div class=\"descripcion-tab\"><strong>Peso y dimensiones<\/strong><\/p>\n<ul>\n<li>Ancho: 595 mm<\/li>\n<li>Profundidad: 675 mm<\/li>\n<li>Altura: 2030 mm<\/li>\n<li>Peso: 79 kg<\/li>\n<li>Peso del paquete: 83 kg<\/li>\n<li>Ancho del paquete: 634 mm<\/li>\n<li>Altura del paquete: 2135 mm<\/li>\n<li>Profundidad del paquete: 745 mm<\/li>\n<\/ul>\n<p><strong>Control de energ\u00eda<\/strong><\/p>\n<ul>\n<li>Escala de eficiencia energ\u00e9tica: De la A a la G<\/li>\n<li>Consumo de energ\u00eda anual: 193 kWh<\/li>\n<li>Eficiencia energ\u00e9tica: D<\/li>\n<li>Clase de eficiencia de energ\u00eda: D<\/li>\n<\/ul>\n<p><strong>Congelador<\/strong><\/p>\n<ul>\n<li>Posici\u00f3n congelada: \u00faltimo lugar<\/li>\n<li>Congelador, capacidad neta: 107 L<\/li>\n<li>Capacidad de congelaci\u00f3n: 14 kg\/24h<\/li>\n<li>Tiempo de almacenamiento en caso de fallo de alimentaci\u00f3n: 19 horas<\/li>\n<li>\u00cdndice Star: 4*<\/li>\n<li>Antiescarcha (congelador): S\u00ed<\/li>\n<li>Descongelaci\u00f3n autom\u00e1tica (congelador): S\u00ed<\/li>\n<li>Congelador, n\u00famero de compartimientos: 3<\/li>\n<li>Funci\u00f3n de congelado r\u00e1pido: S\u00ed<\/li>\n<li>Congelador, capacidad bruta: 127 L<\/li>\n<\/ul>\n<p><strong>Refrigerador<\/strong><\/p>\n<ul>\n<li>Frigor\u00edfico, capacidad neta: 277 L<\/li>\n<li>Luz interior de la nevera: S\u00ed<\/li>\n<li>Antiescarcha (nevera): S\u00ed<\/li>\n<li>Tipo de l\u00e1mpara: LED<\/li>\n<li>Descongelaci\u00f3n autom\u00e1tica (nevera): S\u00ed<\/li>\n<li>Sistema multi-flujo de aire (nevera): S\u00ed<\/li>\n<li>Frigor\u00edfico, n\u00famero de compartimentos: 4<\/li>\n<li>N\u00famero de estantes desmontables: 3<\/li>\n<li>N\u00famero de compartimientos para verduras: 2<\/li>\n<li>Estantes de la puerta de la nevera: 4<\/li>\n<li>Botellero: S\u00ed<\/li>\n<li>Funci\u00f3n Super Cool: S\u00ed<\/li>\n<li>Frigor\u00edfico, capacidad bruta: 292 L<\/li>\n<li>Balda plegable: S\u00ed<\/li>\n<li>N\u00famero de baldas plegables: 1<\/li>\n<li>Caj\u00f3n Fresh converter: S\u00ed<\/li>\n<li>Fresh balancer: S\u00ed<\/li>\n<li>Rejilla para mantener la frescura: S\u00ed<\/li>\n<li>Cooling system: Ventilado<\/li>\n<li>Zona Conservaci\u00f3n 0\u00baC: S\u00ed<\/li>\n<\/ul>\n<p><strong>Ergonom\u00eda<\/strong><\/p>\n<ul>\n<li>Alarma de puerta (abierta): S\u00ed<\/li>\n<li>Patas ajustables: S\u00ed<\/li>\n<\/ul>\n<p><strong>Dise\u00f1o<\/strong><\/p>\n<ul>\n<li>Appliance placement: Independiente<\/li>\n<li>Bisagra para puerta: Derecho<\/li>\n<li>Puertas reversibles: S\u00ed<\/li>\n<li>Tipo de control: Tocar<\/li>\n<li>Pantalla incorporada: S\u00ed<\/li>\n<li>Tipo de visualizador: LED<\/li>\n<li>Material de la carcasa: Acero inoxidable<\/li>\n<li>Material de estantes: Vidrio templado<\/li>\n<li>Motor inverter: S\u00ed<\/li>\n<li>Color del producto: Acero inoxidable<\/li>\n<\/ul>\n<p><strong>Zona fresca<\/strong><\/p>\n<ul>\n<li>Compartimiento de zona fresca: S\u00ed<\/li>\n<\/ul>\n<p><strong>Desempe\u00f1o<\/strong><\/p>\n<ul>\n<li>Capacidad neta total: 384 L<\/li>\n<li>Clase clim\u00e1tica: SN-T<\/li>\n<li>Nivel de ruido: 36 dB<\/li>\n<li>Filtro de aire: S\u00ed<\/li>\n<li>Funci\u00f3n Vacaciones: S\u00ed<\/li>\n<li>Capacidad bruta total: 419 L<\/li>\n<li>Clase de emisi\u00f3n de ruido: C<\/li>\n<\/ul>\n<\/div>\n","protected":false},"excerpt":{"rendered":"<p><a href=\"https:\/\/www.eldisser.com\/etiquetaEnergetica\/00BLANCA\/FRI.%20COMBINADOS\/LG\/243567.pdf\"><img decoding=\"async\" class=\"alignnone wp-image-205373 size-full\" src=\"https:\/\/desdropi.com\/elparque\/wp-content\/uploads\/eficiencia-D.png\" alt=\"\" width=\"56\" height=\"33\" \/><\/a><\/p>\n","protected":false},"featured_media":206931,"comment_status":"open","ping_status":"closed","template":"","meta":{"_joinchat":[]},"product_cat":[6442,6441,780],"product_tag":[],"class_list":{"0":"post-206930","1":"product","2":"type-product","3":"status-publish","4":"has-post-thumbnail","6":"product_cat-combis-frigorificos","7":"product_cat-frigorificos","8":"product_cat-gran-electrodomestico","9":"pa_marca-lg","10":"pa_nofrost-si","12":"first","13":"instock","14":"taxable","15":"shipping-taxable","16":"purchasable","17":"product-type-simple"},"_links":{"self":[{"href":"https:\/\/desdropi.com\/elparque\/wp-json\/wp\/v2\/product\/206930"}],"collection":[{"href":"https:\/\/desdropi.com\/elparque\/wp-json\/wp\/v2\/product"}],"about":[{"href":"https:\/\/desdropi.com\/elparque\/wp-json\/wp\/v2\/types\/product"}],"replies":[{"embeddable":true,"href":"https:\/\/desdropi.com\/elparque\/wp-json\/wp\/v2\/comments?post=206930"}],"version-history":[{"count":1,"href":"https:\/\/desdropi.com\/elparque\/wp-json\/wp\/v2\/product\/206930\/revisions"}],"predecessor-version":[{"id":224489,"href":"https:\/\/desdropi.com\/elparque\/wp-json\/wp\/v2\/product\/206930\/revisions\/224489"}],"wp:featuredmedia":[{"embeddable":true,"href":"https:\/\/desdropi.com\/elparque\/wp-json\/wp\/v2\/media\/206931"}],"wp:attachment":[{"href":"https:\/\/desdropi.com\/elparque\/wp-json\/wp\/v2\/media?parent=206930"}],"wp:term":[{"taxonomy":"product_cat","embeddable":true,"href":"https:\/\/desdropi.com\/elparque\/wp-json\/wp\/v2\/product_cat?post=206930"},{"taxonomy":"product_tag","embeddable":true,"href":"https:\/\/desdropi.com\/elparque\/wp-json\/wp\/v2\/product_tag?post=206930"}],"curies":[{"name":"wp","href":"https:\/\/api.w.org\/{rel}","templated":true}]}}