{"id":207795,"date":"2023-10-31T23:44:02","date_gmt":"2023-10-31T22:44:02","guid":{"rendered":"https:\/\/desdropi.com\/elparque\/horno-new-pol-nwhbc65x-multifuncion-inox\/"},"modified":"2025-04-13T23:58:01","modified_gmt":"2025-04-13T21:58:01","slug":"horno-new-pol-nwhbc65x-multifuncion-inox","status":"publish","type":"product","link":"https:\/\/desdropi.com\/elparque\/horno-new-pol-nwhbc65x-multifuncion-inox\/","title":{"rendered":"horno new pol nwhbc65x multifuncion inox"},"content":{"rendered":"<div class=\"descripcion-tab\">\n<strong>Caracter\u00edsticas<\/strong><\/p>\n<ul>\n<li>Horno independiente multifunci\u00f3n de 65 L y 5 programas. Panel inox anti huellas. Etiqueta energ\u00e9tica A. Voltaje: 230V. Potencia: 2300W Dimensiones (Alto x Ancho x Fondo): 59,5 x 59,5 x 57,5 cm. Peso: 35 kg.<\/li>\n<li><strong>Panel inox antihuellas:<\/strong>\u00a0Disfruta de un horno impecable sin marcas de dedos y ded\u00edcate a cocinar sin preocupaciones.<\/li>\n<li><strong>Luz interior:<\/strong>\u00a0Permite ver c\u00f3mo va tu comida sin tener que abrir la puerta y perder calor.<\/li>\n<li><strong>Cristal extra\u00edble de f\u00e1cil montaje:<\/strong>\u00a0Puedes retirarlo de forma sencilla para realizar una limpieza exhaustiva y volver a colocarlo en su lugar sin ning\u00fan problema o complicaci\u00f3n.<\/li>\n<\/ul>\n<p><strong>Funciones<\/strong><\/p>\n<ul>\n<li><strong>Funci\u00f3n de descongelaci\u00f3n.<\/strong>\u00a0Esta funci\u00f3n no cocinar\u00e1 ni cocer\u00e1 la comida, solo ayudar\u00e1 a descongelarla. En cuesti\u00f3n de minutos, podr\u00e1s disfrutar de alimentos listos para cocinar sin sacrificar su sabor ni textura.<\/li>\n<li><strong>Funci\u00f3n de cocci\u00f3n est\u00e1tica.<\/strong>\u00a0Distribuye el calor de manera uniforme para garantizar una cocci\u00f3n perfecta tanto en la parte superior como en la inferior de tus platos. Ideal para pasteles, tartas, pasta, lasa\u00f1as y pizzas. Precalienta el horno 10 minutos y usa una sola bandeja para mejores resultados.<\/li>\n<li><strong>Funci\u00f3n de ventilador.<\/strong>\u00a0La funci\u00f3n es ideal para hornear pasteles, ya que utiliza los elementos de calentamiento superior e inferior, junto con el ventilador para una cocci\u00f3n uniforme dando un ligero toque grill a la comida. Recomendamos precalentar el horno durante 10 minutos para obtener mejores resultados.<\/li>\n<li><strong>Funci\u00f3n de grill.<\/strong>\u00a0Esta funci\u00f3n es perfecta para asar a la parrilla y tostar alimentos con el grill en los estantes superiores del horno, especialmente carnes. Siempre coloca una bandeja debajo para recoger las gotas de aceite o grasa. Recomendamos precalentar el horno durante 10 minutos.<\/li>\n<li><strong>Funci\u00f3n de grill y ventilador.<\/strong>\u00a0Utiliza esta funci\u00f3n para cocinar r\u00e1pidamente alimentos gruesos o con amplias superficies como por ejemplo pollo, asegurando una cocci\u00f3n uniforme. Coloca los alimentos en los estantes superiores del horno y siempre usa una bandeja debajo para atrapar las gotas de aceite o grasa. No olvides precalentar el horno durante 10 minutos para obtener los mejores resultados.<\/li>\n<\/ul>\n<p><strong>Incluye<\/strong><\/p>\n<ul>\n<li><strong>Rejilla.<\/strong>\u00a0Ideal para colocar directamente los alimentos o para colocar un recipiente encima. La rejilla se puede sacar y colocar en la altura deseada, lo que te permite adaptarla seg\u00fan tus necesidades de cocci\u00f3n.<\/li>\n<li><strong>Bandeja de gran capacidad.<\/strong>\u00a0Perfecta para cocinar estofados, alimentos con salsa o alimentos de gran volumen.<\/li>\n<\/ul>\n<\/div>\n","protected":false},"excerpt":{"rendered":"<p>Caracter\u00edsticas Horno independiente multifunci\u00f3n de 65 L y 5 programas. Panel inox anti huellas. Etiqueta energ\u00e9tica A. Voltaje: 230V. Potencia:<\/p>\n","protected":false},"featured_media":150837,"comment_status":"open","ping_status":"closed","template":"","meta":{"_joinchat":[]},"product_cat":[6507,3268,3279],"product_tag":[],"class_list":{"0":"post-207795","1":"product","2":"type-product","3":"status-publish","4":"has-post-thumbnail","6":"product_cat-multifuncion","7":"product_cat-coccion","8":"product_cat-hornos","9":"pa_marca-new-pol","11":"first","12":"instock","13":"sale","14":"taxable","15":"shipping-taxable","16":"purchasable","17":"product-type-simple"},"_links":{"self":[{"href":"https:\/\/desdropi.com\/elparque\/wp-json\/wp\/v2\/product\/207795"}],"collection":[{"href":"https:\/\/desdropi.com\/elparque\/wp-json\/wp\/v2\/product"}],"about":[{"href":"https:\/\/desdropi.com\/elparque\/wp-json\/wp\/v2\/types\/product"}],"replies":[{"embeddable":true,"href":"https:\/\/desdropi.com\/elparque\/wp-json\/wp\/v2\/comments?post=207795"}],"version-history":[{"count":1,"href":"https:\/\/desdropi.com\/elparque\/wp-json\/wp\/v2\/product\/207795\/revisions"}],"predecessor-version":[{"id":224752,"href":"https:\/\/desdropi.com\/elparque\/wp-json\/wp\/v2\/product\/207795\/revisions\/224752"}],"wp:featuredmedia":[{"embeddable":true,"href":"https:\/\/desdropi.com\/elparque\/wp-json\/wp\/v2\/media\/150837"}],"wp:attachment":[{"href":"https:\/\/desdropi.com\/elparque\/wp-json\/wp\/v2\/media?parent=207795"}],"wp:term":[{"taxonomy":"product_cat","embeddable":true,"href":"https:\/\/desdropi.com\/elparque\/wp-json\/wp\/v2\/product_cat?post=207795"},{"taxonomy":"product_tag","embeddable":true,"href":"https:\/\/desdropi.com\/elparque\/wp-json\/wp\/v2\/product_tag?post=207795"}],"curies":[{"name":"wp","href":"https:\/\/api.w.org\/{rel}","templated":true}]}}