{"id":207999,"date":"2023-11-08T09:16:48","date_gmt":"2023-11-08T08:16:48","guid":{"rendered":"https:\/\/desdropi.com\/elparque\/?post_type=product&#038;p=207999"},"modified":"2024-02-15T13:36:57","modified_gmt":"2024-02-15T12:36:57","slug":"plancha-vapor-kuken-suela-inox-3000w-auto-limpieza-desconexion-automatica-33942","status":"publish","type":"product","link":"https:\/\/desdropi.com\/elparque\/plancha-vapor-kuken-suela-inox-3000w-auto-limpieza-desconexion-automatica-33942\/","title":{"rendered":"Plancha Vapor Kuken Suela INOX 3000W Auto\/Limpieza Desconexi\u00f3n Autom\u00e1tica 33942"},"content":{"rendered":"<div class=\"descripcion-tab\">\n<ul>\n<li>Plancha\u00a0vapor de 3000W de potencia.<\/li>\n<li>Cuerpo de pl\u00e1stico con acabado en negro, rojo y gris.<\/li>\n<li>Selector de temperatura variable seg\u00fan el tipo de tejido.<\/li>\n<li>Funciones: vapor ON\/OFF \u2013 Spray difusor.<\/li>\n<li>Luz led de encendido.<\/li>\n<li>Caudal de vapor regulable: 0 \u2013 30 g\/min.<\/li>\n<li>Golpe de vapor: 100 g\/min.<\/li>\n<li>Vapor vertical y constante de 30 g\/min.<\/li>\n<li>Plancha vapor de 3000W con suela inox.<\/li>\n<li>Dep\u00f3sito trasl\u00facido de 360 ml. de capacidad, f\u00e1cil y r\u00e1pido de llenar.<\/li>\n<li>Asa confort de dise\u00f1o ergon\u00f3mico.<\/li>\n<li>Cable de 1,9 m de largo con giro 360\u00ba.<\/li>\n<li>Sistema anti-cal \/ anti-goteo\/ autolimpieza.<\/li>\n<\/ul>\n<p><strong>Detalles t\u00e9cnicos<\/strong><\/p>\n<ul>\n<li>EAN\u00a0<span class=\"data\">8425160339425.<\/span><\/li>\n<li>Unidad del envase\u00a0<span class=\"data\">1.<\/span><\/li>\n<li>Color\u00a0<span class=\"data\">Gris\/rojo.<\/span><\/li>\n<li>Embalaje\u00a0<span class=\"data\">Caja color.<\/span><\/li>\n<li>Potencia\u00a0<span class=\"data\">3000 W.<\/span><\/li>\n<li>Voltaje\u00a0<span class=\"data\">230 V.<\/span><\/li>\n<li>Capacidad\u00a0<span class=\"data\">Dep\u00f3sito 330 ml.<\/span><\/li>\n<li>Material\u00a0<span class=\"data\">PC.<\/span><\/li>\n<li>Suela\u00a0<span class=\"data\">Acero inoxidable.<\/span><\/li>\n<li>Peso\u00a0<span class=\"data\">1,5 Kg.<\/span><\/li>\n<\/ul>\n<p><img decoding=\"async\" src=\"https:\/\/www.alfadyser.com\/media\/product_icons\/399.png\" \/><img decoding=\"async\" src=\"https:\/\/www.alfadyser.com\/media\/product_icons\/1.png\" \/><\/p>\n<\/div>\n","protected":false},"excerpt":{"rendered":"<p>Plancha\u00a0vapor de 3000W de potencia. Cuerpo de pl\u00e1stico con acabado en negro, rojo y gris. Selector de temperatura variable seg\u00fan<\/p>\n","protected":false},"featured_media":208009,"comment_status":"open","ping_status":"closed","template":"","meta":{"_joinchat":[]},"product_cat":[825,6503,6504],"product_tag":[],"class_list":{"0":"post-207999","1":"product","2":"type-product","3":"status-publish","4":"has-post-thumbnail","6":"product_cat-pequeno-electrodomestico","7":"product_cat-planchado-y-ropa","8":"product_cat-planchas-de-vapor","9":"pa_marca-kuken-pae","11":"first","12":"instock","13":"sale","14":"taxable","15":"shipping-taxable","16":"purchasable","17":"product-type-simple"},"_links":{"self":[{"href":"https:\/\/desdropi.com\/elparque\/wp-json\/wp\/v2\/product\/207999"}],"collection":[{"href":"https:\/\/desdropi.com\/elparque\/wp-json\/wp\/v2\/product"}],"about":[{"href":"https:\/\/desdropi.com\/elparque\/wp-json\/wp\/v2\/types\/product"}],"replies":[{"embeddable":true,"href":"https:\/\/desdropi.com\/elparque\/wp-json\/wp\/v2\/comments?post=207999"}],"version-history":[{"count":0,"href":"https:\/\/desdropi.com\/elparque\/wp-json\/wp\/v2\/product\/207999\/revisions"}],"wp:featuredmedia":[{"embeddable":true,"href":"https:\/\/desdropi.com\/elparque\/wp-json\/wp\/v2\/media\/208009"}],"wp:attachment":[{"href":"https:\/\/desdropi.com\/elparque\/wp-json\/wp\/v2\/media?parent=207999"}],"wp:term":[{"taxonomy":"product_cat","embeddable":true,"href":"https:\/\/desdropi.com\/elparque\/wp-json\/wp\/v2\/product_cat?post=207999"},{"taxonomy":"product_tag","embeddable":true,"href":"https:\/\/desdropi.com\/elparque\/wp-json\/wp\/v2\/product_tag?post=207999"}],"curies":[{"name":"wp","href":"https:\/\/api.w.org\/{rel}","templated":true}]}}