{"id":208090,"date":"2023-11-08T20:22:14","date_gmt":"2023-11-08T19:22:14","guid":{"rendered":"https:\/\/desdropi.com\/elparque\/?post_type=product&#038;p=208090"},"modified":"2024-05-17T13:01:35","modified_gmt":"2024-05-17T11:01:35","slug":"tv-tcl-65-65c805-uhd-miniled-qled-googletv-144hz","status":"publish","type":"product","link":"https:\/\/desdropi.com\/elparque\/tv-tcl-65-65c805-uhd-miniled-qled-googletv-144hz\/","title":{"rendered":"TV TCL 65&#8243; 65C805 UHD MINILED QLED GOOGLETV 144HZ"},"content":{"rendered":"<div class=\"descripcion-tab\">\n<strong>Exhibici\u00f3n<\/strong><\/p>\n<ul>\n<li>Resoluci\u00f3n de la pantalla: 3840 x 2160<\/li>\n<li>Frecuencia nativa de refresco: 144<\/li>\n<li>Escaneado progresivo: S\u00ed<\/li>\n<li>Tiempo de respuesta: 5.7<\/li>\n<li>Retroiluminaci\u00f3n del panel: Mini LED<\/li>\n<li>Diagonal de pantalla: 165.1<\/li>\n<li>Tecnolog\u00eda del panel: LED<\/li>\n<li>Tecnolog\u00eda de interpolaci\u00f3n de movimiento: PPI (Picture Performance Index) 4000<\/li>\n<li>Nombre comercial de la relaci\u00f3n de contraste din\u00e1mico: Mega Contrast<\/li>\n<li>Retroiluminaci\u00f3n LED: S\u00ed<\/li>\n<li>Relaci\u00f3n de aspecto nativa: 16:9<\/li>\n<li>Gama de colores est\u00e1ndar: Rec. 709<\/li>\n<li>Relaci\u00f3n de luminosidad m\u00e1xima: 65<\/li>\n<li>Profundidad de color: 10<\/li>\n<li>Brillo de pantalla: 1300<\/li>\n<li>Pulgadas: 65&#8243;<\/li>\n<li>Resoluci\u00f3n: 4K Ultra HD<\/li>\n<li>Forma de la pantalla: Plana<\/li>\n<\/ul>\n<p><strong>Audio<\/strong><\/p>\n<ul>\n<li>Enhanced Audio Return Channel (eARC): S\u00ed<\/li>\n<li>Potencia estimada RMS: 30<\/li>\n<li>N\u00famero de altavoces: 2<\/li>\n<li>Canales de salida de audio: 2.0<\/li>\n<li>Decodificadores incorporados: DTS, Dolby Atmos, Dolby Digital<\/li>\n<li>Tecnolog\u00edas de decodificaci\u00f3n de audio: DTS Virtual:X, DTS:X, Dolby Digital AC4, Dolby TrueHD<\/li>\n<li>Ecualizador: S\u00ed<\/li>\n<li>Cantidad de bandas en ecualizador: 7<\/li>\n<li>Nivelador autom\u00e1tico de volumen: S\u00ed<\/li>\n<\/ul>\n<p><strong>Puertos e Interfaces<\/strong><\/p>\n<ul>\n<li>Canal de retorno de audio (ARC): S\u00ed<\/li>\n<li>Versi\u00f3n HDMI: 2.1<\/li>\n<li>Cantidad de puertos tipo A USB 3.2 Gen 1 (3.1 Gen 1): 1<\/li>\n<li>Interfaz com\u00fan: S\u00ed<\/li>\n<li>HDCP: S\u00ed<\/li>\n<li>N\u00famero de puertos HDMI: 4<\/li>\n<li>Wireless Display de Intel\u00ae (Intel\u00ae WiDi): S\u00ed<\/li>\n<li>Salida de audio (L,R): 1<\/li>\n<li>Interfaz com\u00fan Plus (CI+): S\u00ed<\/li>\n<li>Salidas para auriculares: 1<\/li>\n<li>PC (D-Sub): No<\/li>\n<li>Puerto DVI: No<\/li>\n<li>Ethernet LAN (RJ-45) cantidad de puertos: 1<\/li>\n<li>Audio digital, salida \u00f3ptica: 1<\/li>\n<li>Versi\u00f3n Common interface Plus (CI+): 1.4<\/li>\n<li>Entrada de CA: S\u00ed<\/li>\n<li>Control de electr\u00f3nica de consumo (CEC): T-link<\/li>\n<li>Cambio r\u00e1pido entre entradas HDMI: S\u00ed<\/li>\n<li>N\u00famero de puertos RF: 2<\/li>\n<li>Tipo de conector RF: F, IEC<\/li>\n<\/ul>\n<p><strong>Peso y dimensiones<\/strong><\/p>\n<ul>\n<li>Ancho del dispositivo (con soporte): 1444<\/li>\n<li>Peso (sin base): 19.6<\/li>\n<li>Altura (sin base): 84<\/li>\n<li>Profundidad (sin base): 6.6<\/li>\n<li>Altura del dispositivo (con soporte): 898<\/li>\n<li>Ancho (sin base): 1444<\/li>\n<li>Peso (con soporte): 19.6<\/li>\n<li>Profundidad dispositivo (con soporte): 32<\/li>\n<li>Ancho del soporte: 35.5<\/li>\n<li>Profundidad del soporte: 32<\/li>\n<\/ul>\n<p><strong>Control de energ\u00eda<\/strong><\/p>\n<ul>\n<li>Voltaje de entrada AC: 220-240<\/li>\n<li>Frecuencia de entrada AC: 50\/60<\/li>\n<li>Modo de ahorro de energ\u00eda: S\u00ed<\/li>\n<li>Clase de eficiencia energ\u00e9tica (SDR): G<\/li>\n<li>Clase de eficiencia energ\u00e9tica (HDR): G<\/li>\n<li>Consumo de energ\u00eda (SDR) por 1000 horas: 111<\/li>\n<li>Consumo de energ\u00eda (HDR) por 1000 horas: 240<\/li>\n<li>Consumo de energ\u00eda en modo inactivo: 0.5<\/li>\n<\/ul>\n<p><strong>Detalles t\u00e9cnicos<\/strong><\/p>\n<ul>\n<li>Per\u00edodo de garant\u00eda: 2<\/li>\n<li>Impuesto a productos qu\u00edmicos (escandinavo): S\u00ed<\/li>\n<\/ul>\n<p><strong>Empaquetado<\/strong><\/p>\n<ul>\n<li>Peso del paquete: 20.7<\/li>\n<li>Ancho del paquete: 1647<\/li>\n<li>Altura del paquete: 995<\/li>\n<li>Soporte de sobremesa: S\u00ed<\/li>\n<li>Kit de montaje: No<\/li>\n<li>Profundidad del paquete: 177<\/li>\n<li>Cables incluidos: Corriente alterna<\/li>\n<li>Mando a distancia incluido: S\u00ed<\/li>\n<\/ul>\n<\/div>\n","protected":false},"excerpt":{"rendered":"<p>Exhibici\u00f3n Resoluci\u00f3n de la pantalla: 3840 x 2160 Frecuencia nativa de refresco: 144 Escaneado progresivo: S\u00ed Tiempo de respuesta: 5.7<\/p>\n","protected":false},"featured_media":208097,"comment_status":"open","ping_status":"closed","template":"","meta":{"_joinchat":[]},"product_cat":[6464,7069,795],"product_tag":[],"class_list":{"0":"post-208090","1":"product","2":"type-product","3":"status-publish","4":"has-post-thumbnail","6":"product_cat-televisores-electronica","7":"product_cat-tv-60-79","8":"product_cat-electronica","10":"first","11":"instock","12":"sale","13":"taxable","14":"shipping-taxable","15":"purchasable","16":"product-type-simple"},"_links":{"self":[{"href":"https:\/\/desdropi.com\/elparque\/wp-json\/wp\/v2\/product\/208090"}],"collection":[{"href":"https:\/\/desdropi.com\/elparque\/wp-json\/wp\/v2\/product"}],"about":[{"href":"https:\/\/desdropi.com\/elparque\/wp-json\/wp\/v2\/types\/product"}],"replies":[{"embeddable":true,"href":"https:\/\/desdropi.com\/elparque\/wp-json\/wp\/v2\/comments?post=208090"}],"version-history":[{"count":0,"href":"https:\/\/desdropi.com\/elparque\/wp-json\/wp\/v2\/product\/208090\/revisions"}],"wp:featuredmedia":[{"embeddable":true,"href":"https:\/\/desdropi.com\/elparque\/wp-json\/wp\/v2\/media\/208097"}],"wp:attachment":[{"href":"https:\/\/desdropi.com\/elparque\/wp-json\/wp\/v2\/media?parent=208090"}],"wp:term":[{"taxonomy":"product_cat","embeddable":true,"href":"https:\/\/desdropi.com\/elparque\/wp-json\/wp\/v2\/product_cat?post=208090"},{"taxonomy":"product_tag","embeddable":true,"href":"https:\/\/desdropi.com\/elparque\/wp-json\/wp\/v2\/product_tag?post=208090"}],"curies":[{"name":"wp","href":"https:\/\/api.w.org\/{rel}","templated":true}]}}