{"id":208171,"date":"2023-11-09T23:56:02","date_gmt":"2023-11-09T22:56:02","guid":{"rendered":"https:\/\/desdropi.com\/elparque\/grill-electrico-cecotec-03023-inox-1000w-cu\/"},"modified":"2024-05-18T23:54:18","modified_gmt":"2024-05-18T21:54:18","slug":"grill-electrico-cecotec-03023-inox-1000w-cu","status":"publish","type":"product","link":"https:\/\/desdropi.com\/elparque\/grill-electrico-cecotec-03023-inox-1000w-cu\/","title":{"rendered":"grill electrico cecotec 03023 inox 1000w cu"},"content":{"rendered":"<div class=\"descripcion-tab\">\n<strong>Descripci\u00f3n<\/strong><\/p>\n<ul>\n<li>Parrilla el\u00e9ctrica Contact Grill con 1000 W de potencia.<\/li>\n<li>Revestimiento de piedra RockStone que asegura la m\u00e1xima antiadherencia y la mejor limpieza.<\/li>\n<li>Revestimiento ecol\u00f3gico, libre de PTFE, PFOA y otros t\u00f3xicos.<\/li>\n<li>Bandeja recogegrasas para mejorar el uso y la limpieza.<\/li>\n<li>Placas adaptadas con saliente viertegrasas para un uso m\u00e1s c\u00f3modo y limpio.<\/li>\n<li>Placa superior flotante que se adapta en altura.<\/li>\n<li>Superficie amplia de cocinado de 25,4&#215;17,5 cm.<\/li>\n<li>Indicador luminoso de funcionamiento.<\/li>\n<li>Asa de tacto fr\u00edo.<\/li>\n<li>Pinza de cierre que permite guardarlo en vertical.<\/li>\n<li>Hueco recogecables y base antideslizante.<\/li>\n<\/ul>\n<p><strong>Composici\u00f3n<\/strong><\/p>\n<ul>\n<li>Parrilla el\u00e9ctrica.<\/li>\n<li>Cajet\u00edn recogegrasas.<\/li>\n<li>Manual de instrucciones.<\/li>\n<\/ul>\n<\/div>\n","protected":false},"excerpt":{"rendered":"<p>Descripci\u00f3n Parrilla el\u00e9ctrica Contact Grill con 1000 W de potencia. Revestimiento de piedra RockStone que asegura la m\u00e1xima antiadherencia y<\/p>\n","protected":false},"featured_media":208172,"comment_status":"open","ping_status":"closed","template":"","meta":{"_joinchat":[]},"product_cat":[825,831,899],"product_tag":[],"class_list":{"0":"post-208171","1":"product","2":"type-product","3":"status-publish","4":"has-post-thumbnail","6":"product_cat-pequeno-electrodomestico","7":"product_cat-accesorios-de-cocina","8":"product_cat-grills","9":"pa_marca-cecotec","11":"first","12":"instock","13":"taxable","14":"shipping-taxable","15":"purchasable","16":"product-type-simple"},"_links":{"self":[{"href":"https:\/\/desdropi.com\/elparque\/wp-json\/wp\/v2\/product\/208171"}],"collection":[{"href":"https:\/\/desdropi.com\/elparque\/wp-json\/wp\/v2\/product"}],"about":[{"href":"https:\/\/desdropi.com\/elparque\/wp-json\/wp\/v2\/types\/product"}],"replies":[{"embeddable":true,"href":"https:\/\/desdropi.com\/elparque\/wp-json\/wp\/v2\/comments?post=208171"}],"version-history":[{"count":0,"href":"https:\/\/desdropi.com\/elparque\/wp-json\/wp\/v2\/product\/208171\/revisions"}],"wp:featuredmedia":[{"embeddable":true,"href":"https:\/\/desdropi.com\/elparque\/wp-json\/wp\/v2\/media\/208172"}],"wp:attachment":[{"href":"https:\/\/desdropi.com\/elparque\/wp-json\/wp\/v2\/media?parent=208171"}],"wp:term":[{"taxonomy":"product_cat","embeddable":true,"href":"https:\/\/desdropi.com\/elparque\/wp-json\/wp\/v2\/product_cat?post=208171"},{"taxonomy":"product_tag","embeddable":true,"href":"https:\/\/desdropi.com\/elparque\/wp-json\/wp\/v2\/product_tag?post=208171"}],"curies":[{"name":"wp","href":"https:\/\/api.w.org\/{rel}","templated":true}]}}