{"id":208202,"date":"2023-11-10T10:44:25","date_gmt":"2023-11-10T09:44:25","guid":{"rendered":"https:\/\/desdropi.com\/elparque\/?post_type=product&#038;p=208202"},"modified":"2024-05-17T13:01:36","modified_gmt":"2024-05-17T11:01:36","slug":"smartphone-motorola-g14-4-128-65-azul","status":"publish","type":"product","link":"https:\/\/desdropi.com\/elparque\/smartphone-motorola-g14-4-128-65-azul\/","title":{"rendered":"SMARTPHONE MOTOROLA G14 4\/128 6,5&#8243; AZUL"},"content":{"rendered":"<div class=\"descripcion-tab\"><strong>Procesador<\/strong><\/p>\n<ul>\n<li>Modelo del procesador: T616<\/li>\n<li>Arquitectura del procesador: ARM Cortex-A75+Cortex-A55<\/li>\n<li>Familia de procesador: Unisoc<\/li>\n<li>N\u00famero de n\u00facleos de procesador: 8<\/li>\n<\/ul>\n<p><strong>Exhibici\u00f3n<\/strong><\/p>\n<ul>\n<li>Tipo de visualizador: LCD<\/li>\n<li>Relaci\u00f3n de aspecto nativa: 20:9<\/li>\n<li>Densidad del pixel: 405 ppi<\/li>\n<li>Forma de la pantalla: Plana<\/li>\n<li>Resoluci\u00f3n de la pantalla: 2400 x 1080<\/li>\n<li>Tama\u00f1o de la pantalla: 6.5&#8243;<\/li>\n<\/ul>\n<p><strong>Puertos e Interfaces<\/strong><\/p>\n<ul>\n<li>Puerto USB: S\u00ed<\/li>\n<li>Conector USB: USB Tipo C<\/li>\n<li>Versi\u00f3n USB: 2.0<\/li>\n<li>Auriculares: 3.5 mm<\/li>\n<\/ul>\n<p><strong>Peso y dimensiones<\/strong><\/p>\n<ul>\n<li>Peso: 177 g<\/li>\n<li>Ancho: 73.8 mm<\/li>\n<li>Altura: 161.5 mm<\/li>\n<li>Profundidad: 7.99 mm<\/li>\n<\/ul>\n<p><strong>Medios de almacenaje<\/strong><\/p>\n<ul>\n<li>RAM interna: 4 GB<\/li>\n<li>Tama\u00f1o m\u00e1ximo de tarjeta de memoria: 1 TB<\/li>\n<li>Tarjetas de memoria compatibles: MicroSD (TransFlash)<\/li>\n<li>Tipo de ranura para tarjeta de memoria: Ranura h\u00edbrida<\/li>\n<li>Memoria interna: 128 GB<\/li>\n<\/ul>\n<p><strong>Mensajer\u00eda<\/strong><\/p>\n<ul>\n<li>Servicios de mensajes cortos (SMS): S\u00ed<\/li>\n<li>Correo electr\u00f3nico: S\u00ed<\/li>\n<li>Sistema de mensajer\u00eda multimedia (MMS): S\u00ed<\/li>\n<\/ul>\n<p><strong>Navegaci\u00f3n<\/strong><\/p>\n<ul>\n<li>Br\u00fajula electr\u00f3nica: S\u00ed<\/li>\n<li>Galileo: S\u00ed<\/li>\n<li>GPS: S\u00ed<\/li>\n<li>GPS (sat\u00e9lite): S\u00ed<\/li>\n<li>GLONASS: S\u00ed<\/li>\n<\/ul>\n<p><strong>Software<\/strong><\/p>\n<ul>\n<li>App distribution platform: Google Play<\/li>\n<li>Sistema operativo instalado: Android 13<\/li>\n<li>Asistente virtual: Google Assistant<\/li>\n<li>Plataforma: Android<\/li>\n<\/ul>\n<p><strong>C\u00e1mara fotogr\u00e1fica<\/strong><\/p>\n<ul>\n<li>Resoluci\u00f3n en velocidad de captura: 1280&#215;720@30fps, 1920&#215;1080@30fps<\/li>\n<li>Flash en c\u00e1mara trasera: S\u00ed<\/li>\n<li>Modo noche: S\u00ed<\/li>\n<li>Resoluci\u00f3n de la c\u00e1mara frontal (num\u00e9rica): 8 MP<\/li>\n<li>Tama\u00f1o de los p\u00edxeles de la c\u00e1mara frontal: 1.12 \u00b5m<\/li>\n<li>N\u00famero de apertura de la c\u00e1mara frontal: 2<\/li>\n<li>Resoluci\u00f3n de captura de video: 1920 x 1080<\/li>\n<li>Detector de sonrisa: S\u00ed<\/li>\n<li>Tama\u00f1o de los p\u00edxeles de la c\u00e1mara trasera: 0.64 \u00b5m<\/li>\n<li>N\u00famero de apertura de la c\u00e1mara trasera: 1.8<\/li>\n<li>N\u00famero de apertura de la segunda c\u00e1mara trasera: 2.4<\/li>\n<li>Tama\u00f1o de los p\u00edxeles de la segunda c\u00e1mara trasera: 1.75 \u00b5m<\/li>\n<li>Modo retrato: S\u00ed<\/li>\n<li>Modos de grabaci\u00f3n de v\u00eddeo: 720p, 1080p<\/li>\n<li>Tipo de c\u00e1mara frontal: C\u00e1mara \u00fanica<\/li>\n<li>Velocidad m\u00e1xima de cuadro: 30 fps<\/li>\n<li>Modo de lapso de tiempo: S\u00ed<\/li>\n<li>Modo de alto rango din\u00e1mico (HDR) de la c\u00e1mara: S\u00ed<\/li>\n<li>Resoluci\u00f3n de la c\u00e1mara con objetivo macro (num\u00e9rica): 2 MP<\/li>\n<li>Autoenfoque: S\u00ed<\/li>\n<li>Resoluci\u00f3n de la c\u00e1mara trasera (num\u00e9rica): 50 MP<\/li>\n<li>Panor\u00e1mica: S\u00ed<\/li>\n<li>Fotograf\u00eda macro: S\u00ed<\/li>\n<li>Zoom digital: 4x<\/li>\n<li>Tipo de c\u00e1mara trasera: C\u00e1mara doble<\/li>\n<\/ul>\n<p><strong>Contenido del embalaje<\/strong><\/p>\n<ul>\n<li>Ejection pin: S\u00ed<\/li>\n<li>Adaptador AC incluido: S\u00ed<\/li>\n<li>Gu\u00eda de configuraci\u00f3n r\u00e1pida: S\u00ed<\/li>\n<li>Potencia de adaptador AC: 10 W<\/li>\n<li>Cables incluidos: USB Tipo C<\/li>\n<li>Funda protectora: S\u00ed<\/li>\n<\/ul>\n<p><strong>Sensores<\/strong><\/p>\n<ul>\n<li>Giroscopio: S\u00ed<\/li>\n<li>Aceler\u00f3metro: S\u00ed<\/li>\n<li>Sensor de luz ambiental: S\u00ed<\/li>\n<li>Sensor de proximidad: S\u00ed<\/li>\n<\/ul>\n<p><strong>Bater\u00eda<\/strong><\/p>\n<ul>\n<li>Capacidad de bater\u00eda: 5000 mAh<\/li>\n<\/ul>\n<p><strong>Dise\u00f1o<\/strong><\/p>\n<ul>\n<li>Factor de forma: Barra<\/li>\n<li>Nombre del color: Sky Blue<\/li>\n<li>Color del tel\u00e9fono: Azul<\/li>\n<\/ul>\n<p><strong>Desempe\u00f1o<\/strong><\/p>\n<ul>\n<li>Lector de huella digital: S\u00ed<\/li>\n<li>Video llamada: S\u00ed<\/li>\n<li>Adaptador gr\u00e1fico: Mali-G57 MP1<\/li>\n<li>Reconocimiento de cara: S\u00ed<\/li>\n<\/ul>\n<p><strong>Multimedia<\/strong><\/p>\n<ul>\n<li>Altavoces: Est\u00e9reo<\/li>\n<li>Sistema de audio: Dolby Atmos<\/li>\n<\/ul>\n<p><strong>Conexi\u00f3n<\/strong><\/p>\n<ul>\n<li>Wifi: S\u00ed<\/li>\n<li>Bluetooth: S\u00ed<\/li>\n<li>Wi-Fi est\u00e1ndares: 802.11a, 802.11b, 802.11g, Wi-Fi<\/li>\n<li>Mobile network generation4G<\/li>\n<li>Capacidad de la tarjeta SIMSIM doble<\/li>\n<li>Est\u00e1ndar 5GNo compatible<\/li>\n<li>NFCS\u00ed<\/li>\n<li>Versi\u00f3n de Bluetooth5.0<\/li>\n<li>Est\u00e1ndar 4GLTE<\/li>\n<\/ul>\n<\/div>\n","protected":false},"excerpt":{"rendered":"<p>Procesador Modelo del procesador: T616 Arquitectura del procesador: ARM Cortex-A75+Cortex-A55 Familia de procesador: Unisoc N\u00famero de n\u00facleos de procesador: 8<\/p>\n","protected":false},"featured_media":208203,"comment_status":"open","ping_status":"closed","template":"","meta":{"_joinchat":[]},"product_cat":[6476,6480,7133,795],"product_tag":[],"class_list":{"0":"post-208202","1":"product","2":"type-product","3":"status-publish","4":"has-post-thumbnail","6":"product_cat-telefonos","7":"product_cat-android-smartphones-telefonos","8":"product_cat-ofertas-smartphones","9":"product_cat-electronica","11":"first","12":"instock","13":"taxable","14":"shipping-taxable","15":"purchasable","16":"product-type-simple"},"_links":{"self":[{"href":"https:\/\/desdropi.com\/elparque\/wp-json\/wp\/v2\/product\/208202"}],"collection":[{"href":"https:\/\/desdropi.com\/elparque\/wp-json\/wp\/v2\/product"}],"about":[{"href":"https:\/\/desdropi.com\/elparque\/wp-json\/wp\/v2\/types\/product"}],"replies":[{"embeddable":true,"href":"https:\/\/desdropi.com\/elparque\/wp-json\/wp\/v2\/comments?post=208202"}],"version-history":[{"count":0,"href":"https:\/\/desdropi.com\/elparque\/wp-json\/wp\/v2\/product\/208202\/revisions"}],"wp:featuredmedia":[{"embeddable":true,"href":"https:\/\/desdropi.com\/elparque\/wp-json\/wp\/v2\/media\/208203"}],"wp:attachment":[{"href":"https:\/\/desdropi.com\/elparque\/wp-json\/wp\/v2\/media?parent=208202"}],"wp:term":[{"taxonomy":"product_cat","embeddable":true,"href":"https:\/\/desdropi.com\/elparque\/wp-json\/wp\/v2\/product_cat?post=208202"},{"taxonomy":"product_tag","embeddable":true,"href":"https:\/\/desdropi.com\/elparque\/wp-json\/wp\/v2\/product_tag?post=208202"}],"curies":[{"name":"wp","href":"https:\/\/api.w.org\/{rel}","templated":true}]}}