{"id":208255,"date":"2023-11-10T18:36:19","date_gmt":"2023-11-10T17:36:19","guid":{"rendered":"https:\/\/desdropi.com\/elparque\/?post_type=product&#038;p=208255"},"modified":"2024-05-17T13:01:37","modified_gmt":"2024-05-17T11:01:37","slug":"tablet-spc-gravity-3-9784232n-2-32-1035","status":"publish","type":"product","link":"https:\/\/desdropi.com\/elparque\/tablet-spc-gravity-3-9784232n-2-32-1035\/","title":{"rendered":"TABLET SPC GRAVITY 3 9784232N 2\/32 10,35&#8243;"},"content":{"rendered":"<div class=\"descripcion-tab\">\n<strong>Procesador<\/strong><\/p>\n<ul>\n<li>Fabricante de procesador: Allwinner Technology<\/li>\n<li>Familia de procesador: Allwinner<\/li>\n<li>Modelo del procesador: A133<\/li>\n<li>Frecuencia del procesador: 1.6 GHz<\/li>\n<li>N\u00famero de n\u00facleos de procesador: 4<\/li>\n<\/ul>\n<p><strong>Memoria<\/strong><\/p>\n<ul>\n<li>Memoria RAM: 2 GB<\/li>\n<\/ul>\n<p><strong>Exhibici\u00f3n<\/strong><\/p>\n<ul>\n<li>Diagonal de la pantalla: 10.35&#8243;<\/li>\n<li>Resoluci\u00f3n de la pantalla: 1332 x 800<\/li>\n<li>Tipo de pantalla: IPS<\/li>\n<li>Relaci\u00f3n de aspecto nativa: 16:10<\/li>\n<li>Pantalla con esquinas redondeadas: No<\/li>\n<\/ul>\n<p><strong>Puertos e Interfaces<\/strong><\/p>\n<ul>\n<li>N\u00famero de puertos USB 2.0 Tipo C: 1<\/li>\n<li>Salida de auriculares: S\u00ed<\/li>\n<li>Auriculares: 3.5 mm<\/li>\n<\/ul>\n<p><strong>Peso y dimensiones<\/strong><\/p>\n<ul>\n<li>Ancho: 245 mm<\/li>\n<li>Profundidad: 9 mm<\/li>\n<li>Altura: 160 mm<\/li>\n<li>Peso: 500 g<\/li>\n<\/ul>\n<p><strong>Caracter\u00edsticas del tel\u00e9fono<\/strong><\/p>\n<ul>\n<li>Llamada de voz: S\u00ed<\/li>\n<li>Video llamada: S\u00ed<\/li>\n<\/ul>\n<p><strong>Medios de almacenaje<\/strong><\/p>\n<ul>\n<li>Memoria interna: 32 GB<\/li>\n<li>Tarjeta de lectura integrada: S\u00ed<\/li>\n<li>Tarjetas de memoria compatibles: MicroSD (TransFlash), MicroSDHC, MicroSDXC<\/li>\n<li>Tama\u00f1o m\u00e1ximo de tarjeta de memoria: 512 GB<\/li>\n<\/ul>\n<p><strong>Software<\/strong><\/p>\n<ul>\n<li>Plataforma: Android<\/li>\n<li>Sistema operativo instalado: Android 11 Go Edition<\/li>\n<\/ul>\n<p><strong>C\u00e1mara fotogr\u00e1fica<\/strong><\/p>\n<ul>\n<li>Tipo de c\u00e1mara trasera: C\u00e1mara \u00fanica<\/li>\n<li>Resoluci\u00f3n de la c\u00e1mara trasera (num\u00e9rica): 2<\/li>\n<li>C\u00e1mara frontal: S\u00ed<\/li>\n<li>Modos de grabaci\u00f3n de v\u00eddeo: 720p<\/li>\n<li>Grabaci\u00f3n de v\u00eddeo: S\u00ed<\/li>\n<li>M\u00e1xima resoluci\u00f3n de video: 1280 x 720<\/li>\n<li>C\u00e1mara trasera con flash: S\u00ed<\/li>\n<\/ul>\n<p><strong>Contenido del embalaje<\/strong><\/p>\n<ul>\n<li>Cables incluidos: USB<\/li>\n<\/ul>\n<p><strong>Bater\u00eda<\/strong><\/p>\n<ul>\n<li>Bater\u00eda incluida: S\u00ed<\/li>\n<li>Capacidad de bater\u00eda: 6000 mAh<\/li>\n<li>Capacidad de bater\u00eda (vatio-hora): 22.2 Wh<\/li>\n<li>Autonom\u00eda: 8 horas<\/li>\n<\/ul>\n<p><strong>Dise\u00f1o<\/strong><\/p>\n<ul>\n<li>Factor de forma: Pizarra<\/li>\n<li>Color del producto: Gris<\/li>\n<li>Tipo de dispositivo: Tableta de tama\u00f1o completo<\/li>\n<\/ul>\n<p><strong>Gr\u00e1ficos<\/strong><\/p>\n<ul>\n<li>Graphics chipset: Imagination Technologies<\/li>\n<li>Adaptador gr\u00e1fico: PowerVR GE8300<\/li>\n<\/ul>\n<p><strong>Conexi\u00f3n<\/strong><\/p>\n<ul>\n<li>Est\u00e1ndar Wi-Fi: Wi-Fi 4 (802.11n)<\/li>\n<li>Wi-Fi est\u00e1ndares: 802.11b, 802.11g, Wi-Fi 4 (802.11n)<\/li>\n<li>Wi-Fi velocidad de transferencia de datos (max): 54 Mbps<\/li>\n<li>Bluetooth: S\u00ed<\/li>\n<li>Versi\u00f3n de Bluetooth: 4.1<\/li>\n<li>Conexi\u00f3n a red m\u00f3vil: No<\/li>\n<\/ul>\n<\/div>\n","protected":false},"excerpt":{"rendered":"<p>Procesador Fabricante de procesador: Allwinner Technology Familia de procesador: Allwinner Modelo del procesador: A133 Frecuencia del procesador: 1.6 GHz N\u00famero<\/p>\n","protected":false},"featured_media":208257,"comment_status":"open","ping_status":"closed","template":"","meta":{"_joinchat":[]},"product_cat":[795,5856,5857],"product_tag":[],"class_list":{"0":"post-208255","1":"product","2":"type-product","3":"status-publish","4":"has-post-thumbnail","6":"product_cat-electronica","7":"product_cat-tablets-electronica","8":"product_cat-android-tablets-electronica","10":"first","11":"instock","12":"taxable","13":"shipping-taxable","14":"purchasable","15":"product-type-simple"},"_links":{"self":[{"href":"https:\/\/desdropi.com\/elparque\/wp-json\/wp\/v2\/product\/208255"}],"collection":[{"href":"https:\/\/desdropi.com\/elparque\/wp-json\/wp\/v2\/product"}],"about":[{"href":"https:\/\/desdropi.com\/elparque\/wp-json\/wp\/v2\/types\/product"}],"replies":[{"embeddable":true,"href":"https:\/\/desdropi.com\/elparque\/wp-json\/wp\/v2\/comments?post=208255"}],"version-history":[{"count":0,"href":"https:\/\/desdropi.com\/elparque\/wp-json\/wp\/v2\/product\/208255\/revisions"}],"wp:featuredmedia":[{"embeddable":true,"href":"https:\/\/desdropi.com\/elparque\/wp-json\/wp\/v2\/media\/208257"}],"wp:attachment":[{"href":"https:\/\/desdropi.com\/elparque\/wp-json\/wp\/v2\/media?parent=208255"}],"wp:term":[{"taxonomy":"product_cat","embeddable":true,"href":"https:\/\/desdropi.com\/elparque\/wp-json\/wp\/v2\/product_cat?post=208255"},{"taxonomy":"product_tag","embeddable":true,"href":"https:\/\/desdropi.com\/elparque\/wp-json\/wp\/v2\/product_tag?post=208255"}],"curies":[{"name":"wp","href":"https:\/\/api.w.org\/{rel}","templated":true}]}}