{"id":208277,"date":"2023-11-10T19:12:27","date_gmt":"2023-11-10T18:12:27","guid":{"rendered":"https:\/\/desdropi.com\/elparque\/?post_type=product&#038;p=208277"},"modified":"2024-05-17T13:01:38","modified_gmt":"2024-05-17T11:01:38","slug":"tablet-tcl-tab10-9460g1-4-64-101-dark-gray","status":"publish","type":"product","link":"https:\/\/desdropi.com\/elparque\/tablet-tcl-tab10-9460g1-4-64-101-dark-gray\/","title":{"rendered":"TABLET TCL TAB10 9460G1 4\/64 10,1&#8243; DARK GRAY"},"content":{"rendered":"<div class=\"descripcion-tab\">\n<strong>Procesador<\/strong><\/p>\n<ul>\n<li>Fabricante de procesador: MediaTek<\/li>\n<li>Familia de procesador: Mediatek<\/li>\n<li>Modelo del procesador: MT8768E<\/li>\n<li>Frecuencia del procesador: 2 GHz<\/li>\n<li>N\u00famero de n\u00facleos de procesador: 8<\/li>\n<li>Coprocesador: S\u00ed<\/li>\n<li>Frecuencia del coprocesador: 1.5 GHz<\/li>\n<\/ul>\n<p><strong>Memoria<\/strong><\/p>\n<ul>\n<li>RAM: 4 GB<\/li>\n<li>Tipo de memoria interna: LPDDR4-SDRAM<\/li>\n<\/ul>\n<p><strong>Exhibici\u00f3n<\/strong><\/p>\n<ul>\n<li>Diagonal de la pantalla: 10.1&#8243;<\/li>\n<li>Resoluci\u00f3n de la pantalla: 1280 x 800<\/li>\n<li>Tipo de pantalla: IPS<\/li>\n<li>N\u00famero de colores de la pantalla: 16.7 millones de colores<\/li>\n<\/ul>\n<p><strong>Audio<\/strong><\/p>\n<ul>\n<li>N\u00famero de altavoces incorporados: 2<\/li>\n<li>N\u00famero de micr\u00f3fonos: 1<\/li>\n<li>Potencia de altavoz: 1<\/li>\n<\/ul>\n<p><strong>Puertos e Interfaces<\/strong><\/p>\n<ul>\n<li>N\u00famero de puertos USB 2.0 Tipo C: 1<\/li>\n<li>Auriculares: 3.5 mm<\/li>\n<\/ul>\n<p><strong>Peso y dimensiones<\/strong><\/p>\n<ul>\n<li>Ancho: 158.18 mm<\/li>\n<li>Profundidad: 9.2 mm<\/li>\n<li>Altura: 243.18 mm<\/li>\n<li>Peso: 448 g<\/li>\n<\/ul>\n<p><strong>Control de energ\u00eda<\/strong><\/p>\n<ul>\n<li>Voltaje de salida de adaptador AC: 5 V<\/li>\n<li>Corriente de salida de adaptador AC: 2 A<\/li>\n<\/ul>\n<p><strong>Medios de almacenaje<\/strong><\/p>\n<ul>\n<li>Almacenamiento interno: 64 GB<\/li>\n<li>Tarjeta de lectura integrada: S\u00ed<\/li>\n<li>Tarjetas de memoria compatibles: MicroSD (TransFlash), MicroSDHC, MicroSDXC<\/li>\n<li>Tama\u00f1o m\u00e1ximo de tarjeta de memoria: 256 GB<\/li>\n<\/ul>\n<p><strong>Seguridad<\/strong><\/p>\n<ul>\n<li>Reconocimiento de cara: S\u00ed<\/li>\n<\/ul>\n<p><strong>Software<\/strong><\/p>\n<ul>\n<li>Plataforma: Android<\/li>\n<li>Sistema operativo instalado: Android 11<\/li>\n<\/ul>\n<p><strong>C\u00e1mara fotogr\u00e1fica<\/strong><\/p>\n<ul>\n<li>Resoluci\u00f3n de la c\u00e1mara trasera (num\u00e9rica): 8 MP<\/li>\n<li>Tipo de c\u00e1mara trasera: C\u00e1mara \u00fanica<\/li>\n<li>N\u00famero de apertura de la c\u00e1mara trasera: 2.4<\/li>\n<li>Autoenfoque: S\u00ed<\/li>\n<li>Resoluci\u00f3n en velocidad de captura: 1920&#215;1080@30fps<\/li>\n<li>Modos de grabaci\u00f3n de v\u00eddeo: 1080p<\/li>\n<li>C\u00e1mara frontal: S\u00ed<\/li>\n<li>Resoluci\u00f3n de la c\u00e1mara frontal (num\u00e9rica): 5 MP<\/li>\n<li>N\u00famero de apertura de la c\u00e1mara frontal: 2.2<\/li>\n<li>\u00c1ngulo del campo de visi\u00f3n (FOV) de la c\u00e1mara frontal: 76\u00b0<\/li>\n<li>C\u00e1mara frontal con flash: No<\/li>\n<\/ul>\n<p><strong>Contenido del embalaje<\/strong><\/p>\n<ul>\n<li>Adaptador AC incluido: S\u00ed<\/li>\n<li>Cables incluidos: USB Tipo C<\/li>\n<\/ul>\n<p><strong>Dise\u00f1o<\/strong><\/p>\n<ul>\n<li>Factor de forma: Pizarra<\/li>\n<li>Color del producto: Gris<\/li>\n<li>Nombre del color: Dark Grey<\/li>\n<li>Tipo de dispositivo: Tableta de tama\u00f1o completo<\/li>\n<li>C\u00f3digo IP (International Protection): IP52<\/li>\n<\/ul>\n<p><strong>Gr\u00e1ficos<\/strong><\/p>\n<ul>\n<li>Adaptador gr\u00e1fico: PowerVR GE8320<\/li>\n<\/ul>\n<p><strong>Desempe\u00f1o<\/strong><\/p>\n<ul>\n<li>GPS: S\u00ed<\/li>\n<li>Funci\u00f3n de GPS asistida (A-GPS): S\u00ed<\/li>\n<li>Aceler\u00f3metro: S\u00ed<\/li>\n<li>Sensor de luz ambiental: S\u00ed<\/li>\n<li>Giroscopio: S\u00ed<\/li>\n<li>Sensor de proximidad: S\u00ed<\/li>\n<li>Br\u00fajula electr\u00f3nica: S\u00ed<\/li>\n<\/ul>\n<p><strong>Conexi\u00f3n<\/strong><\/p>\n<ul>\n<li>Conexi\u00f3n a red m\u00f3vil: No<\/li>\n<li>Est\u00e1ndar Wi-Fi: Wi-Fi 5 (802.11ac)<\/li>\n<li>Wi-Fi est\u00e1ndares: 802.11a, 802.11b, 802.11g, Wi-Fi 4 (802.11n), Wi-Fi 5 (802.11ac)<\/li>\n<li>Wi-Fi Direct: S\u00ed<\/li>\n<\/ul>\n<\/div>\n","protected":false},"excerpt":{"rendered":"<p>Procesador Fabricante de procesador: MediaTek Familia de procesador: Mediatek Modelo del procesador: MT8768E Frecuencia del procesador: 2 GHz N\u00famero de<\/p>\n","protected":false},"featured_media":208280,"comment_status":"open","ping_status":"closed","template":"","meta":{"_joinchat":[]},"product_cat":[5856,795,5857],"product_tag":[],"class_list":{"0":"post-208277","1":"product","2":"type-product","3":"status-publish","4":"has-post-thumbnail","6":"product_cat-tablets-electronica","7":"product_cat-electronica","8":"product_cat-android-tablets-electronica","10":"first","11":"instock","12":"sale","13":"taxable","14":"shipping-taxable","15":"purchasable","16":"product-type-simple"},"_links":{"self":[{"href":"https:\/\/desdropi.com\/elparque\/wp-json\/wp\/v2\/product\/208277"}],"collection":[{"href":"https:\/\/desdropi.com\/elparque\/wp-json\/wp\/v2\/product"}],"about":[{"href":"https:\/\/desdropi.com\/elparque\/wp-json\/wp\/v2\/types\/product"}],"replies":[{"embeddable":true,"href":"https:\/\/desdropi.com\/elparque\/wp-json\/wp\/v2\/comments?post=208277"}],"version-history":[{"count":0,"href":"https:\/\/desdropi.com\/elparque\/wp-json\/wp\/v2\/product\/208277\/revisions"}],"wp:featuredmedia":[{"embeddable":true,"href":"https:\/\/desdropi.com\/elparque\/wp-json\/wp\/v2\/media\/208280"}],"wp:attachment":[{"href":"https:\/\/desdropi.com\/elparque\/wp-json\/wp\/v2\/media?parent=208277"}],"wp:term":[{"taxonomy":"product_cat","embeddable":true,"href":"https:\/\/desdropi.com\/elparque\/wp-json\/wp\/v2\/product_cat?post=208277"},{"taxonomy":"product_tag","embeddable":true,"href":"https:\/\/desdropi.com\/elparque\/wp-json\/wp\/v2\/product_tag?post=208277"}],"curies":[{"name":"wp","href":"https:\/\/api.w.org\/{rel}","templated":true}]}}