{"id":208285,"date":"2023-11-10T19:26:59","date_gmt":"2023-11-10T18:26:59","guid":{"rendered":"https:\/\/desdropi.com\/elparque\/?post_type=product&#038;p=208285"},"modified":"2024-05-17T13:01:38","modified_gmt":"2024-05-17T11:01:38","slug":"tablet-realme-pad-4-64-104-grey","status":"publish","type":"product","link":"https:\/\/desdropi.com\/elparque\/tablet-realme-pad-4-64-104-grey\/","title":{"rendered":"TABLET REALME PAD 4\/64 10,4&#8243; GREY"},"content":{"rendered":"<div class=\"descripcion-tab\"><strong>Procesador<\/strong><\/p>\n<ul>\n<li>Fabricante de procesador: MediaTek<\/li>\n<li>Familia de procesador: Mediatek<\/li>\n<li>N\u00famero de n\u00facleos de procesador: 8<\/li>\n<li>Frecuencia del procesador: 1.8 GHz<\/li>\n<li>Modelo del procesador: Helio G80<\/li>\n<\/ul>\n<p><strong>Memoria<\/strong><\/p>\n<ul>\n<li>Memoria RAM: 4 GB<\/li>\n<\/ul>\n<p><strong>Exhibici\u00f3n<\/strong><\/p>\n<ul>\n<li>Diagonal de la pantalla: 10.4&#8243;<\/li>\n<li>Resoluci\u00f3n de la pantalla: 2000 x 1200<\/li>\n<li>Tipo HD: WUXGA+<\/li>\n<li>N\u00famero de colores de la pantalla: 16.78 millones de colores<\/li>\n<li>Tecnolog\u00eda del panel: LCD<\/li>\n<li>Brillo de pantalla: 360<\/li>\n<\/ul>\n<p><strong>Audio<\/strong><\/p>\n<ul>\n<li>Sistema de audio: Dolby Atmos<\/li>\n<li>N\u00famero de altavoces incorporados: 4<\/li>\n<li>N\u00famero de micr\u00f3fonos: 2<\/li>\n<\/ul>\n<p><strong>Puertos e Interfaces<\/strong><\/p>\n<ul>\n<li>Cantidad de puertos USB 2.0: 1<\/li>\n<li>Auriculares: 3.5 mm<\/li>\n<\/ul>\n<p><strong>Peso y dimensiones<\/strong><\/p>\n<ul>\n<li>Ancho: 155.9 mm<\/li>\n<li>Profundidad: 246.1 mm<\/li>\n<li>Altura: 6.9 mm<\/li>\n<li>Peso: 440 g<\/li>\n<\/ul>\n<p><strong>Control de energ\u00eda<\/strong><\/p>\n<ul>\n<li>Potencia de adaptador AC: 18 W<\/li>\n<\/ul>\n<p><strong>Medios de almacenaje<\/strong><\/p>\n<ul>\n<li>Memoria interna: 64 GB<\/li>\n<li>Tama\u00f1o m\u00e1ximo de tarjeta de memoria: 1000 GB<\/li>\n<li>Tarjeta de lectura integrada: S\u00ed<\/li>\n<li>Tarjetas de memoria compatibles: MicroSD (TransFlash)<\/li>\n<\/ul>\n<p><strong>Software<\/strong><\/p>\n<ul>\n<li>Plataforma: Android<\/li>\n<li>Sistema operativo instalado: Android 11<\/li>\n<li>Software incluido: Realme UI 2.0<\/li>\n<\/ul>\n<p><strong>C\u00e1mara fotogr\u00e1fica<\/strong><\/p>\n<ul>\n<li>Tipo de c\u00e1mara trasera: C\u00e1mara \u00fanica<\/li>\n<li>Resoluci\u00f3n de la c\u00e1mara trasera (num\u00e9rica): 8 MP<\/li>\n<li>C\u00e1mara frontal: S\u00ed<\/li>\n<li>Resoluci\u00f3n de la c\u00e1mara frontal (num\u00e9rica): 8 MP<\/li>\n<li>\u00c1ngulo del campo de visi\u00f3n (FOV) de la c\u00e1mara trasera: 105\u00b0<\/li>\n<\/ul>\n<p><strong>Contenido del embalaje<\/strong><\/p>\n<ul>\n<li>Adaptador AC incluido: S\u00ed<\/li>\n<\/ul>\n<p><strong>Bater\u00eda<\/strong><\/p>\n<ul>\n<li>Capacidad de bater\u00eda: 7100 mAh<\/li>\n<li>Autonom\u00eda: 15 h<\/li>\n<li>Tiempo de reposo: 50 h<\/li>\n<\/ul>\n<p><strong>Dise\u00f1o<\/strong><\/p>\n<ul>\n<li>Tipo de dispositivo: Tableta de tama\u00f1o completo<\/li>\n<li>Color del producto: Gris<\/li>\n<li>Factor de forma: Pizarra<\/li>\n<li>Material de la carcasa: Aluminio<\/li>\n<\/ul>\n<p><strong>Gr\u00e1ficos<\/strong><\/p>\n<ul>\n<li>Graphics chipset: ARM<\/li>\n<li>Adaptador gr\u00e1fico: Mali-G52<\/li>\n<\/ul>\n<p><strong>Desempe\u00f1o<\/strong><\/p>\n<ul>\n<li>Sensor de luz ambiental: S\u00ed<\/li>\n<li>Giroscopio: S\u00ed<\/li>\n<li>Funci\u00f3n de GPS asistida (A-GPS): S\u00ed<\/li>\n<li>GPS: S\u00ed<\/li>\n<li>GLONASS: S\u00ed<\/li>\n<li>BeiDou: S\u00ed<\/li>\n<li>GPS (sat\u00e9lite): S\u00ed<\/li>\n<\/ul>\n<p><strong>Gesti\u00f3n de la informaci\u00f3n personal<\/strong><\/p>\n<ul>\n<li>Aplicaciones: Calculadora, Calendario<\/li>\n<\/ul>\n<p><strong>Conexi\u00f3n<\/strong><\/p>\n<ul>\n<li>Conexi\u00f3n a red m\u00f3vil: No<\/li>\n<li>Bluetooth: S\u00ed<\/li>\n<li>Versi\u00f3n de Bluetooth: 5.0<\/li>\n<li>Est\u00e1ndar Wi-Fi: Wi-Fi 5 (802.11ac)<\/li>\n<li>Wi-Fi est\u00e1ndares: 802.11a, 802.11b, 802.11g, Wi-Fi 4 (802.11n), Wi-Fi 5 (802.11ac)<\/li>\n<\/ul>\n<\/div>\n","protected":false},"excerpt":{"rendered":"<p>Procesador Fabricante de procesador: MediaTek Familia de procesador: Mediatek N\u00famero de n\u00facleos de procesador: 8 Frecuencia del procesador: 1.8 GHz<\/p>\n","protected":false},"featured_media":208291,"comment_status":"open","ping_status":"closed","template":"","meta":{"_joinchat":[]},"product_cat":[5856,795,5857],"product_tag":[],"class_list":{"0":"post-208285","1":"product","2":"type-product","3":"status-publish","4":"has-post-thumbnail","6":"product_cat-tablets-electronica","7":"product_cat-electronica","8":"product_cat-android-tablets-electronica","10":"first","11":"instock","12":"taxable","13":"shipping-taxable","14":"purchasable","15":"product-type-simple"},"_links":{"self":[{"href":"https:\/\/desdropi.com\/elparque\/wp-json\/wp\/v2\/product\/208285"}],"collection":[{"href":"https:\/\/desdropi.com\/elparque\/wp-json\/wp\/v2\/product"}],"about":[{"href":"https:\/\/desdropi.com\/elparque\/wp-json\/wp\/v2\/types\/product"}],"replies":[{"embeddable":true,"href":"https:\/\/desdropi.com\/elparque\/wp-json\/wp\/v2\/comments?post=208285"}],"version-history":[{"count":0,"href":"https:\/\/desdropi.com\/elparque\/wp-json\/wp\/v2\/product\/208285\/revisions"}],"wp:featuredmedia":[{"embeddable":true,"href":"https:\/\/desdropi.com\/elparque\/wp-json\/wp\/v2\/media\/208291"}],"wp:attachment":[{"href":"https:\/\/desdropi.com\/elparque\/wp-json\/wp\/v2\/media?parent=208285"}],"wp:term":[{"taxonomy":"product_cat","embeddable":true,"href":"https:\/\/desdropi.com\/elparque\/wp-json\/wp\/v2\/product_cat?post=208285"},{"taxonomy":"product_tag","embeddable":true,"href":"https:\/\/desdropi.com\/elparque\/wp-json\/wp\/v2\/product_tag?post=208285"}],"curies":[{"name":"wp","href":"https:\/\/api.w.org\/{rel}","templated":true}]}}