{"id":208380,"date":"2023-11-13T23:58:02","date_gmt":"2023-11-13T22:58:02","guid":{"rendered":"https:\/\/desdropi.com\/elparque\/lavadora-cecotec-02335-6kg-1000rpm-desscode\/"},"modified":"2024-05-18T23:56:26","modified_gmt":"2024-05-18T21:56:26","slug":"lavadora-cecotec-02335-6kg-1000rpm-desscode","status":"publish","type":"product","link":"https:\/\/desdropi.com\/elparque\/lavadora-cecotec-02335-6kg-1000rpm-desscode\/","title":{"rendered":"lavadora cecotec 02335 6kg 1000rpm desscode"},"content":{"rendered":"<div class=\"descripcion-tab\">\n<p><strong>Descripci\u00f3n<\/strong><\/p>\n<ul>\n<li>Capacidad de carga 6 kg.<\/li>\n<li>Revoluciones programables: m\u00e1x 1000 rpm. Elige las revoluciones que mejor se adapten a tus preferencias.<\/li>\n<li>23 programas: Sint\u00e9tico, Lavado fr\u00edo, Algod\u00f3n, Intensivo algod\u00f3n, (Aclarado, Desaguar, Centrifugado, Limpieza de tambor), Delicado, Mixto e InstantWash (15\u2019, 30\u2019, 45\u2019), con<\/li>\n<li>temperaturas regulables. Elige el programa, y la temperatura, que mejor se adapte a tus tejidos y gustos.<\/li>\n<li>Panel de control con display LED. Maneja y lleva el control de tiempos del programa de lavado.<\/li>\n<li>DelayStart. Programa la lavadora entre 0 y 24 h antes, con el inicio en diferido. Puedes elegir la hora de inicio del programa de la lavadora para ajustarse a tus horarios.<\/li>\n<li>Aclarado extra. La colada efectuar\u00e1 un segundo enjuague una vez terminado el ciclo. Si tienes la ropa muy sucia, podr\u00e1s darle una vuelta m\u00e1s de aclarado para que termine de aclararse.<\/li>\n<li>KidLock. Bloqueo de seguridad para ni\u00f1os. Bloquea todos los botones de la lavadora, excepto el de parado para que los ni\u00f1os no puedan controlarlos.<\/li>\n<li>Funci\u00f3n silence. Silencia la lavadora, tanto ruidos de funcionamiento como el de fin de lavado. Si prefieres que la lavadora no te moleste con un pitido cuando termine, porque est\u00e1s descansando, puedes seleccionar este modo y no har\u00e1 ruido.<\/li>\n<\/ul>\n<p><strong>Composici\u00f3n<\/strong><\/p>\n<ul>\n<li>Lavadora.<\/li>\n<li>Manguera suministro agua.<\/li>\n<li>Manual.<\/li>\n<li>Patas de transporte.<\/li>\n<\/ul>\n<\/div>\n","protected":false},"excerpt":{"rendered":"<p><a href=\"https:\/\/media.cecotec.cloud\/02335\/energy_information\/lavadora-bolero-dresscode-6000n.jpg\"><img decoding=\"async\" class=\"alignnone wp-image-205462 size-full\" src=\"https:\/\/desdropi.com\/elparque\/wp-content\/uploads\/eficiencia-E.png\" alt=\"\" width=\"56\" height=\"33\" \/><\/a>\u00a0<u><a href=\"https:\/\/cdn.cecotec.cloud\/media\/files\/lavadora-bolero-dresscode-6000n_productenergyinformation-0-spec_url_es.pdf\" target=\"_blank\" rel=\"noopener\">Ficha de informaci\u00f3n de producto<\/a><\/u><\/p>\n","protected":false},"featured_media":208381,"comment_status":"open","ping_status":"closed","template":"","meta":{"_joinchat":[]},"product_cat":[6444,6443,780],"product_tag":[],"class_list":{"0":"post-208380","1":"product","2":"type-product","3":"status-publish","4":"has-post-thumbnail","6":"product_cat-carga-frontal-lavadoras","7":"product_cat-lavadoras","8":"product_cat-gran-electrodomestico","9":"pa_marca-cecotec-g-blanca","11":"first","12":"instock","13":"taxable","14":"shipping-taxable","15":"purchasable","16":"product-type-simple"},"_links":{"self":[{"href":"https:\/\/desdropi.com\/elparque\/wp-json\/wp\/v2\/product\/208380"}],"collection":[{"href":"https:\/\/desdropi.com\/elparque\/wp-json\/wp\/v2\/product"}],"about":[{"href":"https:\/\/desdropi.com\/elparque\/wp-json\/wp\/v2\/types\/product"}],"replies":[{"embeddable":true,"href":"https:\/\/desdropi.com\/elparque\/wp-json\/wp\/v2\/comments?post=208380"}],"version-history":[{"count":0,"href":"https:\/\/desdropi.com\/elparque\/wp-json\/wp\/v2\/product\/208380\/revisions"}],"wp:featuredmedia":[{"embeddable":true,"href":"https:\/\/desdropi.com\/elparque\/wp-json\/wp\/v2\/media\/208381"}],"wp:attachment":[{"href":"https:\/\/desdropi.com\/elparque\/wp-json\/wp\/v2\/media?parent=208380"}],"wp:term":[{"taxonomy":"product_cat","embeddable":true,"href":"https:\/\/desdropi.com\/elparque\/wp-json\/wp\/v2\/product_cat?post=208380"},{"taxonomy":"product_tag","embeddable":true,"href":"https:\/\/desdropi.com\/elparque\/wp-json\/wp\/v2\/product_tag?post=208380"}],"curies":[{"name":"wp","href":"https:\/\/api.w.org\/{rel}","templated":true}]}}