{"id":208397,"date":"2023-11-13T23:58:02","date_gmt":"2023-11-13T22:58:02","guid":{"rendered":"https:\/\/desdropi.com\/elparque\/frigo-combi-cecotec-02432-colmarket-185x60-negro\/"},"modified":"2025-04-14T09:30:19","modified_gmt":"2025-04-14T07:30:19","slug":"frigo-combi-cecotec-02432-coolmarket-185x60-negro","status":"publish","type":"product","link":"https:\/\/desdropi.com\/elparque\/frigo-combi-cecotec-02432-coolmarket-185x60-negro\/","title":{"rendered":"frigo.combi cecotec 02432 coolmarket 185&#215;60 negro"},"content":{"rendered":"<div class=\"descripcion-tab\"><strong>Descripci\u00f3n<\/strong><\/p>\n<ul>\n<li>Frigor\u00edfico combi de 2 metros de alto y 60 cm de ancho, clase D, con sistema Metal Cooling, total No frost y caj\u00f3n para los productos frescos, adapt\u00e1ndose a todas sus necesidades.<\/li>\n<li>Multi AirFlow: Temperatura \u00f3ptima en todo el compartimento.<\/li>\n<li>Total no Frost: Sistema que evita la formaci\u00f3n de hielo en los alimentos y frigor\u00edfico.<\/li>\n<li>Maxi Fresh: Alarga la vida de los productos frescos, mantiene la humedad y evita los malos olores, al incorporar un filtro de carb\u00f3n activo que elimina el gas etilenos generado por frutas y verduras.<\/li>\n<li>Multi Cooling: Circuito de aire independiente para la nevera y para el congelador. Mantiene la temperatura y la humedad adecuada en cada zona, prolongando la conservaci\u00f3n y propiedades de los alimentos, reduciendo el consumo de energ\u00eda, evitando que se mezclen olores.<\/li>\n<li>Clase D: Clasificaci\u00f3n energ\u00e9tica \u00f3ptima para un frigor\u00edfico.<\/li>\n<li>Metal Cooling: Mejor distribuci\u00f3n del fr\u00edo en todo el compartimento.<\/li>\n<li>Fresh Box: Caj\u00f3n especial para mantener la temperatura de carne y pescado entre 0\u00baC y 3\u00baC .<\/li>\n<li>Crisper Box: Caj\u00f3n con humedad regulable para la \u00f3ptima conservaci\u00f3n de frutas y verduras.<\/li>\n<li>LED: LED interior.<\/li>\n<li>Modo Vacaciones: Optimiza el consumo de energ\u00eda cuando no vas a estar durante un largo periodo de tiempo. La temperatura del frigor\u00edfico cambia a 15 grados y la del congelador a -18 grados.<\/li>\n<li>Puerta reversible: No te preocupes por el sitio en el que pongas el frigo, ya que la puerta se podr\u00e1 poner en la orientaci\u00f3n que m\u00e1s se adapte a ti.<\/li>\n<li>Alarma de puerta: Alarma que te avisa cuando el frigor\u00edfico lleva un tiempo abierto y empieza a perder temperatura.<\/li>\n<\/ul>\n<p><strong>Composici\u00f3n<\/strong><\/p>\n<ul>\n<li>Frigor\u00edfico.<\/li>\n<li>Manual de instrucciones.<\/li>\n<\/ul>\n<\/div>\n","protected":false},"excerpt":{"rendered":"<p>Descripci\u00f3n Frigor\u00edfico combi de 2 metros de alto y 60 cm de ancho, clase D, con sistema Metal Cooling, total<\/p>\n","protected":false},"featured_media":208398,"comment_status":"open","ping_status":"closed","template":"","meta":{"_joinchat":[]},"product_cat":[6442,6441,780],"product_tag":[],"class_list":{"0":"post-208397","1":"product","2":"type-product","3":"status-publish","4":"has-post-thumbnail","6":"product_cat-combis-frigorificos","7":"product_cat-frigorificos","8":"product_cat-gran-electrodomestico","9":"pa_marca-cecotec","10":"pa_nofrost-si","12":"first","13":"instock","14":"taxable","15":"shipping-taxable","16":"purchasable","17":"product-type-simple"},"_links":{"self":[{"href":"https:\/\/desdropi.com\/elparque\/wp-json\/wp\/v2\/product\/208397"}],"collection":[{"href":"https:\/\/desdropi.com\/elparque\/wp-json\/wp\/v2\/product"}],"about":[{"href":"https:\/\/desdropi.com\/elparque\/wp-json\/wp\/v2\/types\/product"}],"replies":[{"embeddable":true,"href":"https:\/\/desdropi.com\/elparque\/wp-json\/wp\/v2\/comments?post=208397"}],"version-history":[{"count":1,"href":"https:\/\/desdropi.com\/elparque\/wp-json\/wp\/v2\/product\/208397\/revisions"}],"predecessor-version":[{"id":224936,"href":"https:\/\/desdropi.com\/elparque\/wp-json\/wp\/v2\/product\/208397\/revisions\/224936"}],"wp:featuredmedia":[{"embeddable":true,"href":"https:\/\/desdropi.com\/elparque\/wp-json\/wp\/v2\/media\/208398"}],"wp:attachment":[{"href":"https:\/\/desdropi.com\/elparque\/wp-json\/wp\/v2\/media?parent=208397"}],"wp:term":[{"taxonomy":"product_cat","embeddable":true,"href":"https:\/\/desdropi.com\/elparque\/wp-json\/wp\/v2\/product_cat?post=208397"},{"taxonomy":"product_tag","embeddable":true,"href":"https:\/\/desdropi.com\/elparque\/wp-json\/wp\/v2\/product_tag?post=208397"}],"curies":[{"name":"wp","href":"https:\/\/api.w.org\/{rel}","templated":true}]}}