{"id":208403,"date":"2023-11-13T23:58:02","date_gmt":"2023-11-13T22:58:02","guid":{"rendered":"https:\/\/desdropi.com\/elparque\/frigo-combi-cecotec-02726-coolmarket-cristal-gris-185x60\/"},"modified":"2025-04-14T09:30:21","modified_gmt":"2025-04-14T07:30:21","slug":"frigo-combi-cecotec-02726-coolmarket-cristal-gris-185x60","status":"publish","type":"product","link":"https:\/\/desdropi.com\/elparque\/frigo-combi-cecotec-02726-coolmarket-cristal-gris-185x60\/","title":{"rendered":"frigo.combi cecotec 02726 coolmarket cristal gris 185&#215;60"},"content":{"rendered":"<div class=\"descripcion-tab\"><strong>Descripci\u00f3n<\/strong><\/p>\n<ul>\n<li>Multi Airflow: temperatura \u00f3ptima con una distribuci\u00f3n uniforme de aire fr\u00edo que mantiene la vida \u00f3ptima de los alimentos por m\u00e1s tiempo.<\/li>\n<li>Clase D: clasificaci\u00f3n energ\u00e9tica \u00f3ptima para un frigor\u00edfico.<\/li>\n<li>Crisper Box: caj\u00f3n ideal para conservar carne y pescado.<\/li>\n<li>Modo Vacaciones: optimiza el consumo de energ\u00eda cuando no vas a estar durante un largo periodo de tiempo. La temperatura del frigor\u00edfico cambia a 15 grados y la del congelador a -18 grados.<\/li>\n<li>Puerta reversible. No te preocupes por el sitio en el que pongas el frigo, ya que la puerta se podr\u00e1 poner en la orientaci\u00f3n que m\u00e1s se adapte a ti.<\/li>\n<li>Fast Freezing: congelado de manera ultrarr\u00e1pida.<\/li>\n<li>Controla la temperatura deseada de tu frigor\u00edfico.<\/li>\n<li>Fast Cooling: mayor rapidez en la refrigeraci\u00f3n de los alimentos.<\/li>\n<li>Alarma de puerta que te avisa cuando el frigor\u00edfico lleva un tiempo abierto y empieza a perder temperatura.<\/li>\n<li>Modo Eco: optimiza el consumo de energ\u00eda consiguiendo de esta manera, ahorrar en tu factura.<\/li>\n<li>LED interior: facilita la visi\u00f3n de todo el interior del frigor\u00edfico.<\/li>\n<li>Humidity Box: caj\u00f3n con humedad regulable para la \u00f3ptima conservaci\u00f3n de frutas y verduras.<\/li>\n<li>Total No Frost: sistema que evita la formaci\u00f3n de hielo en los alimentos y frigor\u00edfico. Mantiene los alimentos y nutrientes durante un mayor periodo de tiempo, gracias a una mejor circulaci\u00f3n del aire fr\u00edo.<\/li>\n<\/ul>\n<p><strong>Composici\u00f3n<\/strong><\/p>\n<ul>\n<li>Frigor\u00edfico.<\/li>\n<li>Manual de instrucciones.<\/li>\n<\/ul>\n<\/div>\n","protected":false},"excerpt":{"rendered":"<p>Descripci\u00f3n Multi Airflow: temperatura \u00f3ptima con una distribuci\u00f3n uniforme de aire fr\u00edo que mantiene la vida \u00f3ptima de los alimentos<\/p>\n","protected":false},"featured_media":208404,"comment_status":"open","ping_status":"closed","template":"","meta":{"_joinchat":[]},"product_cat":[6442,6441,780],"product_tag":[],"class_list":{"0":"post-208403","1":"product","2":"type-product","3":"status-publish","4":"has-post-thumbnail","6":"product_cat-combis-frigorificos","7":"product_cat-frigorificos","8":"product_cat-gran-electrodomestico","9":"pa_marca-cecotec-g-blanca","11":"first","12":"instock","13":"taxable","14":"shipping-taxable","15":"purchasable","16":"product-type-simple"},"_links":{"self":[{"href":"https:\/\/desdropi.com\/elparque\/wp-json\/wp\/v2\/product\/208403"}],"collection":[{"href":"https:\/\/desdropi.com\/elparque\/wp-json\/wp\/v2\/product"}],"about":[{"href":"https:\/\/desdropi.com\/elparque\/wp-json\/wp\/v2\/types\/product"}],"replies":[{"embeddable":true,"href":"https:\/\/desdropi.com\/elparque\/wp-json\/wp\/v2\/comments?post=208403"}],"version-history":[{"count":1,"href":"https:\/\/desdropi.com\/elparque\/wp-json\/wp\/v2\/product\/208403\/revisions"}],"predecessor-version":[{"id":224937,"href":"https:\/\/desdropi.com\/elparque\/wp-json\/wp\/v2\/product\/208403\/revisions\/224937"}],"wp:featuredmedia":[{"embeddable":true,"href":"https:\/\/desdropi.com\/elparque\/wp-json\/wp\/v2\/media\/208404"}],"wp:attachment":[{"href":"https:\/\/desdropi.com\/elparque\/wp-json\/wp\/v2\/media?parent=208403"}],"wp:term":[{"taxonomy":"product_cat","embeddable":true,"href":"https:\/\/desdropi.com\/elparque\/wp-json\/wp\/v2\/product_cat?post=208403"},{"taxonomy":"product_tag","embeddable":true,"href":"https:\/\/desdropi.com\/elparque\/wp-json\/wp\/v2\/product_tag?post=208403"}],"curies":[{"name":"wp","href":"https:\/\/api.w.org\/{rel}","templated":true}]}}