{"id":208435,"date":"2023-11-14T10:30:26","date_gmt":"2023-11-14T09:30:26","guid":{"rendered":"https:\/\/desdropi.com\/elparque\/?post_type=product&#038;p=208435"},"modified":"2025-04-13T23:33:11","modified_gmt":"2025-04-13T21:33:11","slug":"cafetera-de-capsulas-krups-kp1a3bcl-piccolo-xs-gris-negra","status":"publish","type":"product","link":"https:\/\/desdropi.com\/elparque\/cafetera-de-capsulas-krups-kp1a3bcl-piccolo-xs-gris-negra\/","title":{"rendered":"Cafetera de C\u00e1psulas KRUPS KP1A3BCL Piccolo XS GRIS\/NEGRA"},"content":{"rendered":"<div class=\"descripcion-tab\">\n<p><strong>Peso y dimensiones<\/strong><\/p>\n<ul>\n<li>Profundidad: 262 mm<\/li>\n<li>Ancho: 136 mm<\/li>\n<li>Altura: 275 mm<\/li>\n<li>Peso: 2 kg<\/li>\n<\/ul>\n<p><strong>Control de energ\u00eda<\/strong><\/p>\n<ul>\n<li>Voltaje de entrada AC: 220 &#8211; 240 V<\/li>\n<li>Potencia: 1600 W<\/li>\n<li>Frecuencia de entrada AC: 50 &#8211; 60 Hz<\/li>\n<\/ul>\n<p><strong>Empaquetado<\/strong><\/p>\n<ul>\n<li>Profundidad del paquete: 286 mm<\/li>\n<li>Ancho del paquete: 176 mm<\/li>\n<li>Altura del paquete: 301 mm<\/li>\n<li>Peso del paquete: 3.05 kg<\/li>\n<\/ul>\n<p><strong>Ergonom\u00eda<\/strong><\/p>\n<ul>\n<li>Tipo de control: Botones<\/li>\n<li>Pantalla incorporada: No<\/li>\n<li>Color del producto: Negro<\/li>\n<\/ul>\n<p><strong>Desempe\u00f1o<\/strong><\/p>\n<ul>\n<li>Intensidad del caf\u00e9 ajustable: S\u00ed<\/li>\n<li>Hot water system: S\u00ed<\/li>\n<li>Capacidad de reservorio de agua: 0.8 L<\/li>\n<li>Molinillo integrado: No<\/li>\n<li>Capacidad en tazas: 1<\/li>\n<li>Dep\u00f3sito para caf\u00e9 preparado: Taza<\/li>\n<li>Caf\u00e9 tipo de entrada: C\u00e1psula de caf\u00e9<\/li>\n<li>M\u00e1quina de caf\u00e9: Manual<\/li>\n<li>Tipo de cafetera: C\u00e1psulas<\/li>\n<li>Appliance placement: Encimera<\/li>\n<li>Pa\u00eds de origen: Indonesia<\/li>\n<li>Coffee capsule\/pod system: Dolce Gusto<\/li>\n<li>Presi\u00f3n m\u00e1xima funcionamiento (bares): 15<\/li>\n<\/ul>\n<p><strong>Datos log\u00edsticos<\/strong><\/p>\n<ul>\n<li>Cantidad por contenedor (20ft): 1380<\/li>\n<li>Cantidad por contenedor (40ft): 2808<\/li>\n<li>Cantidad por contenedor intermodal (40ft, HC): 3276<\/li>\n<\/ul>\n<p><strong>Funciones y programas de cocina<\/strong><\/p>\n<ul>\n<li>Preparaci\u00f3n de caf\u00e9: S\u00ed<\/li>\n<li>Preparaci\u00f3n de bebidas calientes y fr\u00edas: S\u00ed<\/li>\n<li>Preparaci\u00f3n de espresso: S\u00ed<\/li>\n<li>Preparaci\u00f3n de caf\u00e9 largo: S\u00ed<\/li>\n<li>Preparaci\u00f3n de ristretto: S\u00ed<\/li>\n<li>Preparaci\u00f3n de cappuccino: S\u00ed<\/li>\n<li>Preparaci\u00f3n de latte macchiato: S\u00ed<\/li>\n<li>Preparaci\u00f3n de chocolate caliente: S\u00ed<\/li>\n<li>Preparaci\u00f3n de t\u00e9: S\u00ed<\/li>\n<\/ul>\n<\/div>\n","protected":false},"excerpt":{"rendered":"<p><span style=\"color: #ff0000;\"><strong>\u00a1\u00daLTIMAS UNIDADES!<\/strong><\/span><\/p>\n","protected":false},"featured_media":208438,"comment_status":"open","ping_status":"closed","template":"","meta":{"_joinchat":[]},"product_cat":[],"product_tag":[],"class_list":{"0":"post-208435","1":"product","2":"type-product","3":"status-publish","4":"has-post-thumbnail","6":"pa_marca-krups","8":"first","9":"instock","10":"taxable","11":"shipping-taxable","12":"purchasable","13":"product-type-simple"},"_links":{"self":[{"href":"https:\/\/desdropi.com\/elparque\/wp-json\/wp\/v2\/product\/208435"}],"collection":[{"href":"https:\/\/desdropi.com\/elparque\/wp-json\/wp\/v2\/product"}],"about":[{"href":"https:\/\/desdropi.com\/elparque\/wp-json\/wp\/v2\/types\/product"}],"replies":[{"embeddable":true,"href":"https:\/\/desdropi.com\/elparque\/wp-json\/wp\/v2\/comments?post=208435"}],"version-history":[{"count":1,"href":"https:\/\/desdropi.com\/elparque\/wp-json\/wp\/v2\/product\/208435\/revisions"}],"predecessor-version":[{"id":224711,"href":"https:\/\/desdropi.com\/elparque\/wp-json\/wp\/v2\/product\/208435\/revisions\/224711"}],"wp:featuredmedia":[{"embeddable":true,"href":"https:\/\/desdropi.com\/elparque\/wp-json\/wp\/v2\/media\/208438"}],"wp:attachment":[{"href":"https:\/\/desdropi.com\/elparque\/wp-json\/wp\/v2\/media?parent=208435"}],"wp:term":[{"taxonomy":"product_cat","embeddable":true,"href":"https:\/\/desdropi.com\/elparque\/wp-json\/wp\/v2\/product_cat?post=208435"},{"taxonomy":"product_tag","embeddable":true,"href":"https:\/\/desdropi.com\/elparque\/wp-json\/wp\/v2\/product_tag?post=208435"}],"curies":[{"name":"wp","href":"https:\/\/api.w.org\/{rel}","templated":true}]}}