{"id":208601,"date":"2023-11-15T12:58:24","date_gmt":"2023-11-15T11:58:24","guid":{"rendered":"https:\/\/desdropi.com\/elparque\/?post_type=product&#038;p=208601"},"modified":"2024-05-17T13:01:39","modified_gmt":"2024-05-17T11:01:39","slug":"smartphone-tcl-40se-t610k-4-128-675-dark-gray","status":"publish","type":"product","link":"https:\/\/desdropi.com\/elparque\/smartphone-tcl-40se-t610k-4-128-675-dark-gray\/","title":{"rendered":"Smartphone TCL 40SE T610K 4\/128 6,75&#8243; DARK GRAY"},"content":{"rendered":"<div class=\"descripcion-tab\">\n<strong>Procesador<\/strong><\/p>\n<ul>\n<li>Familia de procesador: MediaTek<\/li>\n<li>Modelo del procesador: Helio G37<\/li>\n<li>Arquitectura del procesador: ARM Cortex-A53<\/li>\n<li>Coprocesador: S\u00ed<\/li>\n<li>N\u00famero de n\u00facleos de procesador: 8<\/li>\n<li>Frecuencia del procesador: 2.3 GHz<\/li>\n<\/ul>\n<p><strong>Exhibici\u00f3n<\/strong><\/p>\n<ul>\n<li>Resoluci\u00f3n de la pantalla: 720 x 1600<\/li>\n<li>Forma de la pantalla: Plana<\/li>\n<li>Tipo de visualizador: IPS<\/li>\n<li>Raz\u00f3n de contraste (t\u00edpica): 1500:1<\/li>\n<li>Relaci\u00f3n de aspecto nativa: 20:9<\/li>\n<li>Brillo de pantalla: 450 nits<\/li>\n<li>M\u00e1xima velocidad de actualizaci\u00f3n: 90 Hz<\/li>\n<li>Tipo de pantalla t\u00e1ctil: Capacitiva<\/li>\n<li>Densidad del pixel: 260 ppi<\/li>\n<li>Anti-huellas: S\u00ed<\/li>\n<li>Pantalla con esquinas redondeadas: S\u00ed<\/li>\n<li>Tama\u00f1o de la pantalla: 6.75&#8243;<\/li>\n<\/ul>\n<p><strong>Puertos e Interfaces<\/strong><\/p>\n<ul>\n<li>Puerto USB: S\u00ed<\/li>\n<li>Conector USB: USB Tipo C<\/li>\n<li>Versi\u00f3n USB: 2.0<\/li>\n<li>Auriculares: 3.5 mm<\/li>\n<\/ul>\n<p><strong>Peso y dimensiones<\/strong><\/p>\n<ul>\n<li>Peso: 190 g<\/li>\n<li>Ancho: 76.5 mm<\/li>\n<li>Profundidad: 8.45 mm<\/li>\n<li>Altura: 167.9 mm<\/li>\n<li>Ancho del paquete: 172 mm<\/li>\n<li>Peso del paquete: 313 g<\/li>\n<li>Profundidad del paquete: 91 mm<\/li>\n<li>Altura del paquete: 35 mm<\/li>\n<\/ul>\n<p><strong>Medios de almacenaje<\/strong><\/p>\n<ul>\n<li>RAM interna: 4 GB<\/li>\n<li>Memoria interna: 128 GB<\/li>\n<li>Memoria del usuario: 106 GB<\/li>\n<li>Tarjetas de memoria compatibles: MicroSD (TransFlash), MicroSDHC, MicroSDXC<\/li>\n<li>Tama\u00f1o m\u00e1ximo de tarjeta de memoria: 1000 GB<\/li>\n<li>Tarjeta de memoria de intercambio en caliente: S\u00ed<\/li>\n<li>Tipo de ranura para tarjeta de memoria: Ranura dedicada<\/li>\n<\/ul>\n<p><strong>Navegaci\u00f3n<\/strong><\/p>\n<ul>\n<li>GPS: S\u00ed<\/li>\n<li>GPS (sat\u00e9lite): S\u00ed<\/li>\n<li>GLONASS: S\u00ed<\/li>\n<li>Galileo: S\u00ed<\/li>\n<li>Br\u00fajula electr\u00f3nica: No<\/li>\n<li>BeiDou: S\u00ed<\/li>\n<\/ul>\n<p><strong>Aprobaciones reguladoras<\/strong><\/p>\n<ul>\n<li>Certificaci\u00f3n: RoHS, REACH, SVHC-XVII-17, WEEE, UL94<\/li>\n<\/ul>\n<p><strong>Software<\/strong><\/p>\n<ul>\n<li>Plataforma: Android<\/li>\n<li>Sistema operativo instalado: Android 13<\/li>\n<\/ul>\n<p><strong>C\u00e1mara fotogr\u00e1fica<\/strong><\/p>\n<ul>\n<li>Tipo de c\u00e1mara trasera: Triple c\u00e1mara<\/li>\n<li>Tama\u00f1o del sensor de la c\u00e1mara trasera: 1\/2.55&#8243;<\/li>\n<li>Resoluci\u00f3n de la c\u00e1mara trasera (num\u00e9rica): 50 MP<\/li>\n<li>Resoluci\u00f3n de la c\u00e1mara con objetivo macro (num\u00e9rica): 2 MP<\/li>\n<li>Resoluci\u00f3n de la c\u00e1mara de profundidad (num\u00e9rica): 2 MP<\/li>\n<li>N\u00famero de apertura de la c\u00e1mara trasera: 1.8<\/li>\n<li>N\u00famero de apertura de la segunda c\u00e1mara trasera: 2.4<\/li>\n<li>N\u00famero de diafragma de la tercera c\u00e1mara trasera: 2.4<\/li>\n<li>Tama\u00f1o de los p\u00edxeles de la c\u00e1mara trasera: 0.7 \u00b5m<\/li>\n<li>Tama\u00f1o de los p\u00edxeles de la segunda c\u00e1mara trasera: 1.75 \u00b5m<\/li>\n<li>Tama\u00f1o de p\u00edxel de la tercera c\u00e1mara trasera: 1.75 \u00b5m<\/li>\n<li>\u00c1ngulo del campo de visi\u00f3n (FOV) de la c\u00e1mara trasera: 79.4\u00b0<\/li>\n<li>\u00c1ngulo del campo de visi\u00f3n (FOV) de la segunda c\u00e1mara trasera: 88.8\u00b0<\/li>\n<li>Third rear camera field of view (FOV) angle: 88.8\u00b0<\/li>\n<li>Elementos de la lente de la c\u00e1mara trasera: Lente de 5 elementos<\/li>\n<li>Elementos de la lente de la segunda c\u00e1mara trasera: Lente de 5 elementos<\/li>\n<li>Elementos de la lente de la tercera c\u00e1mara trasera: Lente de 3 elementos<\/li>\n<li>Elementos de la lente de la c\u00e1mara delantera: Lente de 4 elementos<\/li>\n<li>Tipo de c\u00e1mara frontal: C\u00e1mara \u00fanica<\/li>\n<li>Tama\u00f1o del sensor de la c\u00e1mara frontal: 1\/4&#8243;<\/li>\n<li>Resoluci\u00f3n de la c\u00e1mara frontal (num\u00e9rica): 8 MP<\/li>\n<li>N\u00famero de apertura de la c\u00e1mara frontal: 2<\/li>\n<li>Tama\u00f1o de los p\u00edxeles de la c\u00e1mara frontal: 1.12 \u00b5m<\/li>\n<li>\u00c1ngulo del campo de visi\u00f3n (FOV) de la c\u00e1mara frontal: 80.2\u00b0<\/li>\n<li>Flash en c\u00e1mara trasera: S\u00ed<\/li>\n<li>Tama\u00f1o del sensor de la c\u00e1mara con objetivo macro: 5.08<\/li>\n<li>Tama\u00f1o del sensor de la c\u00e1mara de profundidad: 5.08<\/li>\n<li>Resoluci\u00f3n de captura de video: 1920 x 1080<\/li>\n<li>Velocidad m\u00e1xima de cuadro: 30<\/li>\n<li>Autoenfoque: S\u00ed<\/li>\n<li>Detector de rostro: S\u00ed<\/li>\n<li>Estabilizador de imagen: S\u00ed<\/li>\n<li>Tipo de estabilizador de imagen: Electronic Image Stabilization (EIS)<\/li>\n<li>Panor\u00e1mica: S\u00ed<\/li>\n<li>AI scene recognition: S\u00ed<\/li>\n<li>C\u00e1mara trasera de profundidad 3D: S\u00ed<\/li>\n<li>C\u00e1mara frontal de profundidad 3D: No<\/li>\n<\/ul>\n<p><strong>Contenido del Embalaje<\/strong><\/p>\n<ul>\n<li>Gu\u00eda de configuraci\u00f3n r\u00e1pida: S\u00ed<\/li>\n<li>Protector de pantalla: S\u00ed<\/li>\n<li>Cables incluidos: USB Tipo C<\/li>\n<li>Ejection pin: S\u00ed<\/li>\n<\/ul>\n<p><strong>Sensores<\/strong><\/p>\n<ul>\n<li>Sensor de proximidad: S\u00ed<\/li>\n<li>Aceler\u00f3metro: S\u00ed<\/li>\n<li>Sensor de luz ambiental: S\u00ed<\/li>\n<li>Giroscopio: No<\/li>\n<li>Sensor magnet\u00f3metro: No<\/li>\n<\/ul>\n<p><strong>Bater\u00eda<\/strong><\/p>\n<ul>\n<li>Voltaje de la pila: 9 V<\/li>\n<li>Tiempo de recarga de la bater\u00eda: 2 horas<\/li>\n<li>Tiempo de hablado (WCDMA): 38 horas<\/li>\n<li>Tiempo en conversaci\u00f3n (4G): 41 horas<\/li>\n<li>Tiempo de suspensi\u00f3n (WCDMA): 876 horas<\/li>\n<li>Tiempo en espera (4G): 899 horas<\/li>\n<li>Tecnolog\u00eda de bater\u00eda: Pol\u00edmero de litio<\/li>\n<li>Capacidad de bater\u00eda: 5010 mAh<\/li>\n<\/ul>\n<p><strong>Dise\u00f1o<\/strong><\/p>\n<ul>\n<li>Nombre del color: Dark gray<\/li>\n<li>Factor de forma: Barra<\/li>\n<li>C\u00f3digo IP (International Protection): IP51<\/li>\n<li>Material de la carcasa: Policarbonato (PC), Polimetilmetacrilato (PMMA)<\/li>\n<li>Color del tel\u00e9fono: Gris<\/li>\n<\/ul>\n<p><strong>Desempe\u00f1o<\/strong><\/p>\n<ul>\n<li>Adaptador gr\u00e1fico: IMG GE8320<\/li>\n<li>Lector de huella digital: S\u00ed<\/li>\n<li>Reconocimiento de cara: S\u00ed<\/li>\n<li>USB On-The-Go soportado: S\u00ed<\/li>\n<li>Carga r\u00e1pida: S\u00ed<\/li>\n<li>Pa\u00eds de origen: China<\/li>\n<\/ul>\n<p><strong>Multimedia<\/strong><\/p>\n<ul>\n<li>Altavoces: Est\u00e9reo<\/li>\n<li>Formatos de audio soportados: APE, MP3, AAC, AWB, AAC+, WAV, HE-AAC, HE-AAC v2, OGG, OPUS, PCM, eAAC+, FLAC, MIDI, AMR<\/li>\n<li>Formatos de v\u00eddeo compatibles: VP8, H.264, VP9, MPEG2, H.265, MPEG4, H.263<\/li>\n<li>Potencia de altavoz: 1<\/li>\n<\/ul>\n<p><strong>Suscripci\u00f3n<\/strong><\/p>\n<ul>\n<li>Tipo de suscripci\u00f3n: Sin suscripci\u00f3n<\/li>\n<\/ul>\n<p><strong>Conexi\u00f3n<\/strong><\/p>\n<ul>\n<li>Capacidad de la tarjeta SIM: SIM doble<\/li>\n<li>Mobile network generation: 4G<\/li>\n<li>Tipo de tarjeta SIM: NanoSIM<\/li>\n<li>Tarjeta SIM de intercambio en caliente: S\u00ed<\/li>\n<li>Est\u00e1ndares 3G: HSPA+<\/li>\n<li>Est\u00e1ndar 5G: No compatible<\/li>\n<li>Voces superpuestas LTE (VoLTE) compatibles: S\u00ed<\/li>\n<li>Wifi: S\u00ed<\/li>\n<li>Wi-Fi est\u00e1ndares: 802.11a, 802.11g, Wi-Fi 5 (802.11ac), 802.11b, Wi-Fi 4 (802.11n)<\/li>\n<li>Bluetooth: S\u00ed<\/li>\n<li>Versi\u00f3n de Bluetooth: 5.1<\/li>\n<li>Banda de frecuencia: Doble banda<\/li>\n<li>Wi-Fi Direct: S\u00ed<\/li>\n<li>NFC: S\u00ed<\/li>\n<\/ul>\n<\/div>\n","protected":false},"excerpt":{"rendered":"<p>Procesador Familia de procesador: MediaTek Modelo del procesador: Helio G37 Arquitectura del procesador: ARM Cortex-A53 Coprocesador: S\u00ed N\u00famero de n\u00facleos<\/p>\n","protected":false},"featured_media":208611,"comment_status":"open","ping_status":"closed","template":"","meta":{"_joinchat":[]},"product_cat":[6479,6480,6476,795],"product_tag":[],"class_list":{"0":"post-208601","1":"product","2":"type-product","3":"status-publish","4":"has-post-thumbnail","6":"product_cat-smartphones-telefonos","7":"product_cat-android-smartphones-telefonos","8":"product_cat-telefonos","9":"product_cat-electronica","11":"first","12":"instock","13":"taxable","14":"shipping-taxable","15":"purchasable","16":"product-type-simple"},"_links":{"self":[{"href":"https:\/\/desdropi.com\/elparque\/wp-json\/wp\/v2\/product\/208601"}],"collection":[{"href":"https:\/\/desdropi.com\/elparque\/wp-json\/wp\/v2\/product"}],"about":[{"href":"https:\/\/desdropi.com\/elparque\/wp-json\/wp\/v2\/types\/product"}],"replies":[{"embeddable":true,"href":"https:\/\/desdropi.com\/elparque\/wp-json\/wp\/v2\/comments?post=208601"}],"version-history":[{"count":0,"href":"https:\/\/desdropi.com\/elparque\/wp-json\/wp\/v2\/product\/208601\/revisions"}],"wp:featuredmedia":[{"embeddable":true,"href":"https:\/\/desdropi.com\/elparque\/wp-json\/wp\/v2\/media\/208611"}],"wp:attachment":[{"href":"https:\/\/desdropi.com\/elparque\/wp-json\/wp\/v2\/media?parent=208601"}],"wp:term":[{"taxonomy":"product_cat","embeddable":true,"href":"https:\/\/desdropi.com\/elparque\/wp-json\/wp\/v2\/product_cat?post=208601"},{"taxonomy":"product_tag","embeddable":true,"href":"https:\/\/desdropi.com\/elparque\/wp-json\/wp\/v2\/product_tag?post=208601"}],"curies":[{"name":"wp","href":"https:\/\/api.w.org\/{rel}","templated":true}]}}