{"id":208613,"date":"2023-11-15T13:14:15","date_gmt":"2023-11-15T12:14:15","guid":{"rendered":"https:\/\/desdropi.com\/elparque\/?post_type=product&#038;p=208613"},"modified":"2024-05-17T13:01:39","modified_gmt":"2024-05-17T11:01:39","slug":"smartphone-tcl-40se-t610k-6-256-675-dark-gray","status":"publish","type":"product","link":"https:\/\/desdropi.com\/elparque\/smartphone-tcl-40se-t610k-6-256-675-dark-gray\/","title":{"rendered":"Smartphone TCL 40SE T610K 6\/256 6,75&#8243; TWILIGHT PURPLE"},"content":{"rendered":"<div class=\"descripcion-tab\"><strong>Procesador<\/strong><\/p>\n<ul>\n<li>Familia de procesador: MediaTek<\/li>\n<li>Modelo del procesador: Helio G37<\/li>\n<li>Arquitectura del procesador: ARM Cortex-A53<\/li>\n<li>Coprocesador: S\u00ed<\/li>\n<li>Arquitectura del Coprocesador: ARM Cortex-A53<\/li>\n<li>N\u00famero de n\u00facleos de procesador: 8<\/li>\n<li>Frecuencia del procesador: 2.3 GHz<\/li>\n<li>Frecuencia del coprocesador: 1.8 GHz<\/li>\n<\/ul>\n<p><strong>Exhibici\u00f3n<\/strong><\/p>\n<ul>\n<li>Resoluci\u00f3n de la pantalla: 720 x 1600<\/li>\n<li>Pantalla t\u00e1ctil: S\u00ed<\/li>\n<li>Forma de la pantalla: Plana<\/li>\n<li>Raz\u00f3n de contraste (t\u00edpica): 1500:1<\/li>\n<li>Relaci\u00f3n de aspecto nativa: 20:9<\/li>\n<li>Brillo de pantalla: 450 nits<\/li>\n<li>M\u00e1xima velocidad de actualizaci\u00f3n: 90 Hz<\/li>\n<li>Tipo de pantalla t\u00e1ctil: Capacitiva<\/li>\n<li>Densidad del p\u00edxel: 260 ppi<\/li>\n<li>Pantalla con esquinas redondeadas: S\u00ed<\/li>\n<li>Tama\u00f1o de la pantalla: 6.75&#8243;<\/li>\n<\/ul>\n<p><strong>Puertos e Interfaces<\/strong><\/p>\n<ul>\n<li>Puerto USB: S\u00ed<\/li>\n<li>Conector USB: USB Tipo C<\/li>\n<li>Versi\u00f3n USB: 2.0<\/li>\n<li>Auriculares: 3.5 mm<\/li>\n<\/ul>\n<p><strong>Peso y Dimensiones<\/strong><\/p>\n<ul>\n<li>Peso: 190 g<\/li>\n<li>Ancho: 76.5 mm<\/li>\n<li>Profundidad: 8.45 mm<\/li>\n<li>Altura: 167.91 mm<\/li>\n<\/ul>\n<p><strong>Medios de Almacenaje<\/strong><\/p>\n<ul>\n<li>RAM interna: 6 GB<\/li>\n<li>Memoria interna: 256 GB<\/li>\n<li>Tarjetas de memoria compatibles: MicroSD (TransFlash)<\/li>\n<li>Tama\u00f1o m\u00e1ximo de tarjeta de memoria: 1 TB<\/li>\n<li>Almacenamiento masivo USB: S\u00ed<\/li>\n<\/ul>\n<p><strong>Mensajer\u00eda<\/strong><\/p>\n<ul>\n<li>Servicios de mensajes cortos (SMS): S\u00ed<\/li>\n<li>Sistema de mensajer\u00eda multimedia (MMS): S\u00ed<\/li>\n<li>Correo electr\u00f3nico: S\u00ed<\/li>\n<\/ul>\n<p><strong>Navegaci\u00f3n<\/strong><\/p>\n<ul>\n<li>GPS: S\u00ed<\/li>\n<li>GPS (sat\u00e9lite): S\u00ed<\/li>\n<li>GLONASS: S\u00ed<\/li>\n<li>Galileo: S\u00ed<\/li>\n<li>Br\u00fajula electr\u00f3nica: S\u00ed<\/li>\n<\/ul>\n<p><strong>Aprobaciones Regulatorias<\/strong><\/p>\n<ul>\n<li>(No hay informaci\u00f3n en los resultados de b\u00fasqueda)<\/li>\n<\/ul>\n<p><strong>Software<\/strong><\/p>\n<ul>\n<li>Plataforma: Android<\/li>\n<li>Sistema operativo instalado: Android 13<\/li>\n<\/ul>\n<p><strong>C\u00e1mara Fotogr\u00e1fica<\/strong><\/p>\n<ul>\n<li>(La informaci\u00f3n ya ha sido proporcionada en respuestas anteriores)<\/li>\n<\/ul>\n<p><strong>Contenido del Embalaje<\/strong><\/p>\n<ul>\n<li>Adaptador AC incluido: S\u00ed<\/li>\n<li>Gu\u00eda de configuraci\u00f3n r\u00e1pida: S\u00ed<\/li>\n<li>Cables incluidos: USB Tipo C<\/li>\n<li>Ejection pin: S\u00ed<\/li>\n<\/ul>\n<p><strong>Sensores<\/strong><\/p>\n<ul>\n<li>Sensor de proximidad: S\u00ed<\/li>\n<li>Aceler\u00f3metro: S\u00ed<\/li>\n<li>Sensor de luz ambiental: S\u00ed<\/li>\n<\/ul>\n<p><strong>Bater\u00eda<\/strong><\/p>\n<ul>\n<li>Capacidad de bater\u00eda: 5010 mAh<\/li>\n<\/ul>\n<p><strong>Dise\u00f1o<\/strong><\/p>\n<ul>\n<li>Nombre del color: Dark Gray<\/li>\n<li>Factor de forma: Barra<\/li>\n<li>Color del tel\u00e9fono: Gris<\/li>\n<\/ul>\n<p><strong>Desempe\u00f1o<\/strong><\/p>\n<ul>\n<li>Video llamada: S\u00ed<\/li>\n<li>Lector de huella digital: S\u00ed<\/li>\n<li>Alerta vibratoria: S\u00ed<\/li>\n<\/ul>\n<p><strong>Multimedia<\/strong><\/p>\n<ul>\n<li>Radio FM: S\u00ed<\/li>\n<li>Altavoces: Est\u00e9reo<\/li>\n<li>Formatos de audio soportados: AAC, HE-AAC v1, HE-AAC v2, AMR, AWB, MIDI, MP3, OGG VORBIS, WAV (Alaw\/Ulaw), WAV(Raw), FLAC, OPUS<\/li>\n<li>Formatos de v\u00eddeo compatibles: MPEG2, H.263, H.264 AVC, H.265 HEVC, VP8, VP9, MPEG-4<\/li>\n<\/ul>\n<p><strong>Suscripci\u00f3n<\/strong><\/p>\n<ul>\n<li>Tipo de suscripci\u00f3n: Sin suscripci\u00f3n<\/li>\n<\/ul>\n<p><strong>Conexi\u00f3n<\/strong><\/p>\n<ul>\n<li>Capacidad de la tarjeta SIM: SIM doble<\/li>\n<li>Mobile network generation: 4G<\/li>\n<li>Tipo de tarjeta SIM: NanoSIM<\/li>\n<li>Voces superpuestas LTE (VoLTE) compatibles: S\u00ed<\/li>\n<li>Wifi: S\u00ed<\/li>\n<li>Wi-Fi est\u00e1ndares: 802.11 a\/b\/g\/n\/ac<\/li>\n<li>Bluetooth: S\u00ed<\/li>\n<li>Versi\u00f3n de Bluetooth: 5.1<\/li>\n<li>Wi-Fi Direct: S\u00ed<\/li>\n<\/ul>\n<\/div>\n","protected":false},"excerpt":{"rendered":"<p>Procesador Familia de procesador: MediaTek Modelo del procesador: Helio G37 Arquitectura del procesador: ARM Cortex-A53 Coprocesador: S\u00ed Arquitectura del Coprocesador:<\/p>\n","protected":false},"featured_media":208617,"comment_status":"open","ping_status":"closed","template":"","meta":{"_joinchat":[]},"product_cat":[795,6480,6476,7133],"product_tag":[],"class_list":{"0":"post-208613","1":"product","2":"type-product","3":"status-publish","4":"has-post-thumbnail","6":"product_cat-electronica","7":"product_cat-android-smartphones-telefonos","8":"product_cat-telefonos","9":"product_cat-ofertas-smartphones","11":"first","12":"instock","13":"taxable","14":"shipping-taxable","15":"purchasable","16":"product-type-simple"},"_links":{"self":[{"href":"https:\/\/desdropi.com\/elparque\/wp-json\/wp\/v2\/product\/208613"}],"collection":[{"href":"https:\/\/desdropi.com\/elparque\/wp-json\/wp\/v2\/product"}],"about":[{"href":"https:\/\/desdropi.com\/elparque\/wp-json\/wp\/v2\/types\/product"}],"replies":[{"embeddable":true,"href":"https:\/\/desdropi.com\/elparque\/wp-json\/wp\/v2\/comments?post=208613"}],"version-history":[{"count":0,"href":"https:\/\/desdropi.com\/elparque\/wp-json\/wp\/v2\/product\/208613\/revisions"}],"wp:featuredmedia":[{"embeddable":true,"href":"https:\/\/desdropi.com\/elparque\/wp-json\/wp\/v2\/media\/208617"}],"wp:attachment":[{"href":"https:\/\/desdropi.com\/elparque\/wp-json\/wp\/v2\/media?parent=208613"}],"wp:term":[{"taxonomy":"product_cat","embeddable":true,"href":"https:\/\/desdropi.com\/elparque\/wp-json\/wp\/v2\/product_cat?post=208613"},{"taxonomy":"product_tag","embeddable":true,"href":"https:\/\/desdropi.com\/elparque\/wp-json\/wp\/v2\/product_tag?post=208613"}],"curies":[{"name":"wp","href":"https:\/\/api.w.org\/{rel}","templated":true}]}}