{"id":208645,"date":"2023-11-15T18:58:04","date_gmt":"2023-11-15T17:58:04","guid":{"rendered":"https:\/\/desdropi.com\/elparque\/?post_type=product&#038;p=208645"},"modified":"2024-05-17T13:01:39","modified_gmt":"2024-05-17T11:01:39","slug":"consola-nintendo-switch-nintendo-switch-sports-cinta-suscripcion-a-nso-de-3-meses","status":"publish","type":"product","link":"https:\/\/desdropi.com\/elparque\/consola-nintendo-switch-nintendo-switch-sports-cinta-suscripcion-a-nso-de-3-meses\/","title":{"rendered":"Consola Nintendo Switch + Nintendo Switch Sports + Cinta + Suscripci\u00f3n a NSO de 3 meses"},"content":{"rendered":"<div class=\"descripcion-tab\">\n<strong>Puertos e Interfaces<\/strong><\/p>\n<ul>\n<li>Enchufe de entrada de CC: S\u00ed<\/li>\n<li>Conector USB: USB tipo A, USB Tipo C<\/li>\n<li>Auriculares: 3,5 mm<\/li>\n<li>Salidas para auriculares: 1<\/li>\n<li>Puerto USB: S\u00ed<\/li>\n<li>HDMI: S\u00ed<\/li>\n<\/ul>\n<p><strong>Dise\u00f1o<\/strong><\/p>\n<ul>\n<li>Botones del hombro: S\u00ed<\/li>\n<li>Juegos de llaves de control de funci\u00f3n: Cruceta, Bot\u00f3n de inicio, Bot\u00f3n men\u00fa<\/li>\n<li>Tecnolog\u00eda de control para juegos: Anal\u00f3gico\/Digital<\/li>\n<li>Color del producto: Azul, Gris, Rojo<\/li>\n<li>Joystick anal\u00f3gico: S\u00ed<\/li>\n<\/ul>\n<p><strong>Control de Energ\u00eda<\/strong><\/p>\n<ul>\n<li>Autonom\u00eda: 9 horas<\/li>\n<li>Tiempo de carga: 3 horas<\/li>\n<li>Capacidad de bater\u00eda: 4310 mAh<\/li>\n<li>Tecnolog\u00eda de bater\u00eda: I\u00f3n de litio<\/li>\n<\/ul>\n<p><strong>Condiciones Ambientales<\/strong><\/p>\n<ul>\n<li>Intervalo de temperatura operativa: 5 &#8211; 35 \u00b0C<\/li>\n<li>Intervalo de humedad relativa para funcionamiento: 20 &#8211; 80%<\/li>\n<\/ul>\n<p><strong>Desempe\u00f1o<\/strong><\/p>\n<ul>\n<li>Giroscopio: S\u00ed<\/li>\n<li>Aceler\u00f3metro: S\u00ed<\/li>\n<li>Plataforma: Nintendo Switch<\/li>\n<li>Sensor de movimiento: S\u00ed<\/li>\n<li>Frecuencia del procesador: 768 MHz<\/li>\n<li>N\u00famero de n\u00facleos de procesador: 8<\/li>\n<li>Memoria interna: 4000 MB<\/li>\n<li>Control parental: S\u00ed<\/li>\n<\/ul>\n<p><strong>Peso y Dimensiones<\/strong><\/p>\n<ul>\n<li>Profundidad: 102 mm<\/li>\n<li>Peso: 300 g<\/li>\n<li>Altura: 14 mm<\/li>\n<li>Ancho: 239 mm<\/li>\n<\/ul>\n<p><strong>Exhibici\u00f3n<\/strong><\/p>\n<ul>\n<li>Tecnolog\u00eda t\u00e1ctil: Multi-touch<\/li>\n<li>Pantalla: LCD<\/li>\n<li>Pantalla t\u00e1ctil: S\u00ed<\/li>\n<li>Diagonal de la pantalla: 15,8&#8243;<\/li>\n<li>Resoluci\u00f3n de la pantalla: 1280 x 720<\/li>\n<li>Segunda pantalla: No<\/li>\n<li>Tipo de pantalla t\u00e1ctil: Capacitiva<\/li>\n<\/ul>\n<p><strong>Contenido del Embalaje<\/strong><\/p>\n<ul>\n<li>Juegos incluidos: Switch Sports, 3 Months Nintendo Switch Online<\/li>\n<li>Adaptador AC incluido: S\u00ed<\/li>\n<li>Cables incluidos: HDMI<\/li>\n<li>Manual de usuario: S\u00ed<\/li>\n<li>Juego de video incluido: S\u00ed<\/li>\n<\/ul>\n<p><strong>Empaquetado<\/strong><\/p>\n<ul>\n<li>Profundidad del paquete: 260 mm<\/li>\n<li>Altura del paquete: 101 mm<\/li>\n<li>Peso del paquete: 1.6 kg<\/li>\n<li>Ancho del paquete: 210 mm<\/li>\n<\/ul>\n<p><strong>Datos Log\u00edsticos<\/strong><\/p>\n<ul>\n<li>Pa\u00eds de origen: Alemania<\/li>\n<\/ul>\n<p><strong>Detalles T\u00e9cnicos<\/strong><\/p>\n<ul>\n<li>Cumplimiento de sostenibilidad: S\u00ed<\/li>\n<li>Certificados de sostenibilidad: CE, UKCA<\/li>\n<\/ul>\n<p><strong>Multimedia<\/strong><\/p>\n<ul>\n<li>N\u00famero de altavoces incorporados: 2<\/li>\n<li>C\u00e1mara incorporada: S\u00ed<\/li>\n<li>Micr\u00f3fono incorporado: S\u00ed<\/li>\n<\/ul>\n<p><strong>Medios de Almacenaje<\/strong><\/p>\n<ul>\n<li>Tarjeta de lectura integrada: S\u00ed<\/li>\n<li>Capacidad de memoria interna: 32 GB<\/li>\n<li>Tarjetas de memoria compatibles: MicroSD (TransFlash), MicroSDHC, MicroSDXC<\/li>\n<li>Tama\u00f1o m\u00e1ximo de tarjeta de memoria: 2 GB<\/li>\n<li>Unidad \u00f3ptica integrada: No<\/li>\n<\/ul>\n<p><strong>Conexi\u00f3n<\/strong><\/p>\n<ul>\n<li>Wifi: S\u00ed<\/li>\n<li>Bluetooth: S\u00ed<\/li>\n<li>Versi\u00f3n de Bluetooth: 4.1<\/li>\n<li>Frecuencia de banda: 2.4\/5 GHz<\/li>\n<li>Wi-Fi est\u00e1ndares: 802.11a, 802.11b, 802.11g, Wi-Fi 4 (802.11n), Wi-Fi 5 (802.11ac)<\/li>\n<\/ul>\n<\/div>\n","protected":false},"excerpt":{"rendered":"<p>Puertos e Interfaces Enchufe de entrada de CC: S\u00ed Conector USB: USB tipo A, USB Tipo C Auriculares: 3,5 mm<\/p>\n","protected":false},"featured_media":208650,"comment_status":"open","ping_status":"closed","template":"","meta":{"_joinchat":[]},"product_cat":[6536,6544,6545],"product_tag":[],"class_list":{"0":"post-208645","1":"product","2":"type-product","3":"status-publish","4":"has-post-thumbnail","6":"product_cat-informatica-y-ocio","7":"product_cat-consolas-informatica-y-gaming","8":"product_cat-videoconsolas","10":"first","11":"instock","12":"sale","13":"taxable","14":"shipping-taxable","15":"purchasable","16":"product-type-simple"},"_links":{"self":[{"href":"https:\/\/desdropi.com\/elparque\/wp-json\/wp\/v2\/product\/208645"}],"collection":[{"href":"https:\/\/desdropi.com\/elparque\/wp-json\/wp\/v2\/product"}],"about":[{"href":"https:\/\/desdropi.com\/elparque\/wp-json\/wp\/v2\/types\/product"}],"replies":[{"embeddable":true,"href":"https:\/\/desdropi.com\/elparque\/wp-json\/wp\/v2\/comments?post=208645"}],"version-history":[{"count":0,"href":"https:\/\/desdropi.com\/elparque\/wp-json\/wp\/v2\/product\/208645\/revisions"}],"wp:featuredmedia":[{"embeddable":true,"href":"https:\/\/desdropi.com\/elparque\/wp-json\/wp\/v2\/media\/208650"}],"wp:attachment":[{"href":"https:\/\/desdropi.com\/elparque\/wp-json\/wp\/v2\/media?parent=208645"}],"wp:term":[{"taxonomy":"product_cat","embeddable":true,"href":"https:\/\/desdropi.com\/elparque\/wp-json\/wp\/v2\/product_cat?post=208645"},{"taxonomy":"product_tag","embeddable":true,"href":"https:\/\/desdropi.com\/elparque\/wp-json\/wp\/v2\/product_tag?post=208645"}],"curies":[{"name":"wp","href":"https:\/\/api.w.org\/{rel}","templated":true}]}}