{"id":208691,"date":"2023-11-15T23:58:02","date_gmt":"2023-11-15T22:58:02","guid":{"rendered":"https:\/\/desdropi.com\/elparque\/aspirador-robot-cecotec-08607-conga-2299-ultra-home-auto-vaciado\/"},"modified":"2024-05-18T23:56:59","modified_gmt":"2024-05-18T21:56:59","slug":"aspirador-robot-cecotec-08607-conga-2299-ultra-home-auto-vaciado","status":"publish","type":"product","link":"https:\/\/desdropi.com\/elparque\/aspirador-robot-cecotec-08607-conga-2299-ultra-home-auto-vaciado\/","title":{"rendered":"aspirador robot cecotec 08607 conga 2299 ultra home auto\/vaciado"},"content":{"rendered":"<div class=\"descripcion-tab\">\n<strong>Descripci\u00f3n<\/strong><\/p>\n<ul>\n<li><strong>iTech SmartGyro 4.0:<\/strong> navegaci\u00f3n gyro para una limpieza ordenada de todas las estancias en un tiempo moderado.<\/li>\n<li><strong>4 IN 1:<\/strong> robot aspirador que barre, aspira, pasa la mopa y friega.<\/li>\n<li><strong>Base de autovaciado:<\/strong> el robot vac\u00eda su dep\u00f3sito en la base de forma autom\u00e1tica para que te olvides del polvo durante semanas.<\/li>\n<li><strong>Battery 2600 mAh:<\/strong> autonom\u00eda de hasta 160 minutos y tecnolog\u00eda Total Surface que lleva al robot a su base cuando no le queda bater\u00eda para recargarse y retomar la limpieza en el punto donde se qued\u00f3.<\/li>\n<li><strong>Force Clean 2100 Pa:<\/strong> gran potencia de succi\u00f3n.<\/li>\n<li><strong>Brush Pro:<\/strong> cepillo multifunci\u00f3n ideal para alfombras. Dise\u00f1ado con dos materiales, cuenta con cerdas y silicona de goma para desincrustar todo tipo de suciedad.<\/li>\n<li><strong>Turbo Clean Carpet:<\/strong> modo Turbo para una limpieza profunda en alfombras.<\/li>\n<li><strong>Dos cepillos laterales:<\/strong> aumenta el alcance de aspirado para una limpieza m\u00e1s eficaz.<\/li>\n<li><strong>Dust free:<\/strong> capacidad de la bolsa de 3 L.<\/li>\n<li><strong>6 modos de limpieza:<\/strong> auto, aleatorio, fregado, espiral, bordes y manual.<\/li>\n<li><strong>BagDetect:<\/strong> el sistema detecta si dispone de bolsa y en su defecto, te avisa. Bolsas higi\u00e9nicas para no mancharte ni entrar en contacto directo con el polvo y la suciedad.<\/li>\n<li><strong>APP Control:<\/strong> controla desde tu smartphone programas, potencia, fregado, historial\u2026<\/li>\n<\/ul>\n<p><strong>Composici\u00f3n<\/strong><\/p>\n<ul>\n<li>2 Mopas<\/li>\n<li>2 cepillos laterales<\/li>\n<li>Base de autovaciado<\/li>\n<li>Bolsa higi\u00e9nica de 3 L<\/li>\n<li>Cepillo de autolimpieza<\/li>\n<li>Dep\u00f3sito mixto<\/li>\n<li>Filtro de alta eficiencia<\/li>\n<li>Manual de instrucciones<\/li>\n<li>Robot aspirador<\/li>\n<\/ul>\n<\/div>\n","protected":false},"excerpt":{"rendered":"<p>Descripci\u00f3n iTech SmartGyro 4.0: navegaci\u00f3n gyro para una limpieza ordenada de todas las estancias en un tiempo moderado. 4 IN<\/p>\n","protected":false},"featured_media":208692,"comment_status":"open","ping_status":"closed","template":"","meta":{"_joinchat":[]},"product_cat":[6513,6515,825],"product_tag":[],"class_list":{"0":"post-208691","1":"product","2":"type-product","3":"status-publish","4":"has-post-thumbnail","6":"product_cat-aspiracion-y-limpieza","7":"product_cat-robots-aspiradores","8":"product_cat-pequeno-electrodomestico","9":"pa_marca-cecotec","11":"first","12":"instock","13":"taxable","14":"shipping-taxable","15":"purchasable","16":"product-type-simple"},"_links":{"self":[{"href":"https:\/\/desdropi.com\/elparque\/wp-json\/wp\/v2\/product\/208691"}],"collection":[{"href":"https:\/\/desdropi.com\/elparque\/wp-json\/wp\/v2\/product"}],"about":[{"href":"https:\/\/desdropi.com\/elparque\/wp-json\/wp\/v2\/types\/product"}],"replies":[{"embeddable":true,"href":"https:\/\/desdropi.com\/elparque\/wp-json\/wp\/v2\/comments?post=208691"}],"version-history":[{"count":0,"href":"https:\/\/desdropi.com\/elparque\/wp-json\/wp\/v2\/product\/208691\/revisions"}],"wp:featuredmedia":[{"embeddable":true,"href":"https:\/\/desdropi.com\/elparque\/wp-json\/wp\/v2\/media\/208692"}],"wp:attachment":[{"href":"https:\/\/desdropi.com\/elparque\/wp-json\/wp\/v2\/media?parent=208691"}],"wp:term":[{"taxonomy":"product_cat","embeddable":true,"href":"https:\/\/desdropi.com\/elparque\/wp-json\/wp\/v2\/product_cat?post=208691"},{"taxonomy":"product_tag","embeddable":true,"href":"https:\/\/desdropi.com\/elparque\/wp-json\/wp\/v2\/product_tag?post=208691"}],"curies":[{"name":"wp","href":"https:\/\/api.w.org\/{rel}","templated":true}]}}