{"id":208856,"date":"2023-11-17T00:00:04","date_gmt":"2023-11-16T23:00:04","guid":{"rendered":"https:\/\/desdropi.com\/elparque\/freidora-aire-cecotec-03315-55-litros-pro-inox\/"},"modified":"2024-05-18T23:57:03","modified_gmt":"2024-05-18T21:57:03","slug":"freidora-aire-cecotec-03315-55-litros-pro-inox","status":"publish","type":"product","link":"https:\/\/desdropi.com\/elparque\/freidora-aire-cecotec-03315-55-litros-pro-inox\/","title":{"rendered":"freidora aire cecotec 03315 5,5 litros pro inox"},"content":{"rendered":"<div class=\"descripcion-tab\">\n<p><strong>Descripci\u00f3n<\/strong><\/p>\n<p>La freidora diet\u00e9tica Cecofry Full Inox 5500 cocina con una sola cucharada de aceite. Introduce los alimentos en el cestillo y selecciona uno de los 8 modos preconfigurados. Consigue resultados excepcionales en menos tiempo gracias a una potencia de 1700 W y la tecnolog\u00eda PerfectCook.<\/p>\n<ul>\n<li>Freidora diet\u00e9tica que permite cocinar con una sola cucharada de aceite, consiguiendo unos resultados m\u00e1s sanos.<\/li>\n<li>Cubeta con un \u00e1rea de cocinado de 5,5 L para poder cocinar grandes cantidades de alimentos.<\/li>\n<li>Potencia de 1700 W para cocinar m\u00e1s r\u00e1pido, pero con un consumo m\u00e1s reducido.<\/li>\n<li>Resultados excepcionales en todas las recetas gracias a la tecnolog\u00eda PerfectCook de aire caliente.<\/li>\n<li>Freidora de dise\u00f1o elegante y con acabados en acero inoxidable, para una mayor resistencia y durabilidad.<\/li>\n<li>Dise\u00f1o moderno y compacto con un panel de control t\u00e1ctil multifunci\u00f3n para controlar el funcionamiento.<\/li>\n<li>8 modos preconfigurados que establecen el tiempo y la temperatura necesarios para cocinar distintos tipos de alimentos.<\/li>\n<li>Dispone de termostato para regular la temperatura desde 80 \u00baC hasta 200 \u00baC.<\/li>\n<li>Tiempo ajustable de 0 a 60 minutos.<\/li>\n<li>Con protecci\u00f3n contra sobrecalentamiento.<\/li>\n<li>Luz indicadora de funcionamiento.<\/li>\n<li>Base antideslizante para favorecer su apoyo durante el funcionamiento.<\/li>\n<\/ul>\n<p><strong>Composici\u00f3n<\/strong><\/p>\n<ul>\n<li>Freidora sin aceite.<\/li>\n<li>Cubeta.<\/li>\n<li>Manual de instrucciones.<\/li>\n<\/ul>\n<\/div>\n","protected":false},"excerpt":{"rendered":"<p>Descripci\u00f3n La freidora diet\u00e9tica Cecofry Full Inox 5500 cocina con una sola cucharada de aceite. Introduce los alimentos en el<\/p>\n","protected":false},"featured_media":208857,"comment_status":"open","ping_status":"closed","template":"","meta":{"_joinchat":[]},"product_cat":[6436,825,831,844],"product_tag":[],"class_list":{"0":"post-208856","1":"product","2":"type-product","3":"status-publish","4":"has-post-thumbnail","6":"product_cat-freidoras-de-aire-freidoras","7":"product_cat-pequeno-electrodomestico","8":"product_cat-accesorios-de-cocina","9":"product_cat-freidoras","10":"pa_marca-cecotec","12":"first","13":"instock","14":"sale","15":"taxable","16":"shipping-taxable","17":"purchasable","18":"product-type-simple"},"_links":{"self":[{"href":"https:\/\/desdropi.com\/elparque\/wp-json\/wp\/v2\/product\/208856"}],"collection":[{"href":"https:\/\/desdropi.com\/elparque\/wp-json\/wp\/v2\/product"}],"about":[{"href":"https:\/\/desdropi.com\/elparque\/wp-json\/wp\/v2\/types\/product"}],"replies":[{"embeddable":true,"href":"https:\/\/desdropi.com\/elparque\/wp-json\/wp\/v2\/comments?post=208856"}],"version-history":[{"count":0,"href":"https:\/\/desdropi.com\/elparque\/wp-json\/wp\/v2\/product\/208856\/revisions"}],"wp:featuredmedia":[{"embeddable":true,"href":"https:\/\/desdropi.com\/elparque\/wp-json\/wp\/v2\/media\/208857"}],"wp:attachment":[{"href":"https:\/\/desdropi.com\/elparque\/wp-json\/wp\/v2\/media?parent=208856"}],"wp:term":[{"taxonomy":"product_cat","embeddable":true,"href":"https:\/\/desdropi.com\/elparque\/wp-json\/wp\/v2\/product_cat?post=208856"},{"taxonomy":"product_tag","embeddable":true,"href":"https:\/\/desdropi.com\/elparque\/wp-json\/wp\/v2\/product_tag?post=208856"}],"curies":[{"name":"wp","href":"https:\/\/api.w.org\/{rel}","templated":true}]}}