{"id":208918,"date":"2023-11-20T13:46:06","date_gmt":"2023-11-20T12:46:06","guid":{"rendered":"https:\/\/desdropi.com\/elparque\/?post_type=product&#038;p=208918"},"modified":"2025-04-14T01:56:53","modified_gmt":"2025-04-13T23:56:53","slug":"cafetera-express-ufesa-ce7244-850w-20bar-15l","status":"publish","type":"product","link":"https:\/\/desdropi.com\/elparque\/cafetera-express-ufesa-ce7244-850w-20bar-15l\/","title":{"rendered":"Cafetera EXPRESS UFESA CE7244 850W 20BAR 1,5L"},"content":{"rendered":"<div class=\"descripcion-tab\">\n<ul>\n<li>POTENCIA Y PRESI\u00d3N. Cafetera Expresso con bomba de presi\u00f3n de 20 bares y 850W de potencia para caf\u00e9, capuccinos e infusiones<\/li>\n<li>DOBLE OPCI\u00d3N DE PREPARADO DEL CAF\u00c9. Sistema tradicional de caf\u00e9 molido o con monodosis. Portafiltro met\u00e1lico con filtro para poder preparar 1 o 2 caf\u00e9s a la vez y filtro especial monodosis de papel; tiene un dep\u00f3sito de agua de 1.5L<\/li>\n<li>VAPORIZADOR. Con vaporizador orientable para espumar leche y calentar agua para infusiones<\/li>\n<li>USO F\u00c1CIL E INTUITIVO. Indicador de temperatura y botones con indicadores luminosos para encendido y apagado, caf\u00e9, agua y vaporizador &#8211; con apagado autom\u00e1tico.<\/li>\n<li>ACABADOS Y ACCESORIOS. Con bandeja calienta tazas en la parte superior para calentar tus tazas previo al uso y disfrutar de un caf\u00e9 caliente reci\u00e9n hecho. La bandeja recoge gotas es estra\u00edble para una mejor limpieza.<\/li>\n<\/ul>\n<\/div>\n","protected":false},"excerpt":{"rendered":"<p>POTENCIA Y PRESI\u00d3N. Cafetera Expresso con bomba de presi\u00f3n de 20 bares y 850W de potencia para caf\u00e9, capuccinos e<\/p>\n","protected":false},"featured_media":208920,"comment_status":"open","ping_status":"closed","template":"","meta":{"_joinchat":[]},"product_cat":[825,6516,6906],"product_tag":[],"class_list":{"0":"post-208918","1":"product","2":"type-product","3":"status-publish","4":"has-post-thumbnail","6":"product_cat-pequeno-electrodomestico","7":"product_cat-cafeteras-pequeno-electrodomestico","8":"product_cat-de-brazo-express","9":"pa_marca-ufesa","11":"first","12":"instock","13":"taxable","14":"shipping-taxable","15":"purchasable","16":"product-type-simple"},"_links":{"self":[{"href":"https:\/\/desdropi.com\/elparque\/wp-json\/wp\/v2\/product\/208918"}],"collection":[{"href":"https:\/\/desdropi.com\/elparque\/wp-json\/wp\/v2\/product"}],"about":[{"href":"https:\/\/desdropi.com\/elparque\/wp-json\/wp\/v2\/types\/product"}],"replies":[{"embeddable":true,"href":"https:\/\/desdropi.com\/elparque\/wp-json\/wp\/v2\/comments?post=208918"}],"version-history":[{"count":1,"href":"https:\/\/desdropi.com\/elparque\/wp-json\/wp\/v2\/product\/208918\/revisions"}],"predecessor-version":[{"id":224903,"href":"https:\/\/desdropi.com\/elparque\/wp-json\/wp\/v2\/product\/208918\/revisions\/224903"}],"wp:featuredmedia":[{"embeddable":true,"href":"https:\/\/desdropi.com\/elparque\/wp-json\/wp\/v2\/media\/208920"}],"wp:attachment":[{"href":"https:\/\/desdropi.com\/elparque\/wp-json\/wp\/v2\/media?parent=208918"}],"wp:term":[{"taxonomy":"product_cat","embeddable":true,"href":"https:\/\/desdropi.com\/elparque\/wp-json\/wp\/v2\/product_cat?post=208918"},{"taxonomy":"product_tag","embeddable":true,"href":"https:\/\/desdropi.com\/elparque\/wp-json\/wp\/v2\/product_tag?post=208918"}],"curies":[{"name":"wp","href":"https:\/\/api.w.org\/{rel}","templated":true}]}}