{"id":209008,"date":"2023-11-21T11:30:08","date_gmt":"2023-11-21T10:30:08","guid":{"rendered":"https:\/\/desdropi.com\/elparque\/?post_type=product&#038;p=209008"},"modified":"2024-04-30T20:20:35","modified_gmt":"2024-04-30T18:20:35","slug":"televisor-samsung-65-tq65q80c-qled-uhd-fullarray-120hz","status":"publish","type":"product","link":"https:\/\/desdropi.com\/elparque\/televisor-samsung-65-tq65q80c-qled-uhd-fullarray-120hz\/","title":{"rendered":"Televisor SAMSUNG 65&#8243; TQ65Q80C QLED UHD FULLARRAY 120HZ"},"content":{"rendered":"<div class=\"descripcion-tab\">\n<strong>Exhibici\u00f3n<\/strong><\/p>\n<ul>\n<li>Pulgadas: 65&#8243;<\/li>\n<li>Resoluci\u00f3n: 4K Ultra HD (3840 x 2160)<\/li>\n<li>Tecnolog\u00eda del Panel: QLED<\/li>\n<li>Retroiluminaci\u00f3n LED: S\u00ed<\/li>\n<li>Relaci\u00f3n de Aspecto Nativa: 16:9<\/li>\n<li>Tecnolog\u00eda de Interpolaci\u00f3n de Movimiento: Motion Xcelerator Turbo+<\/li>\n<li>Frecuencia Nativa de Refresco: 100 Hz<\/li>\n<li>Diagonal de Pantalla: 163&#8243;<\/li>\n<li>Pantalla Antirreflectante: S\u00ed<\/li>\n<li>Forma de la Pantalla: Plana<\/li>\n<\/ul>\n<p><strong>Audio<\/strong><\/p>\n<ul>\n<li>N\u00famero de Altavoces: 2<\/li>\n<li>Potencia Estimada RMS: 40W<\/li>\n<li>Canales de Salida de Audio: 2.2<\/li>\n<li>Subwoofer Incorporado: S\u00ed<\/li>\n<li>Decodificadores Incorporados: Dolby Atmos<\/li>\n<li>Q-Symphony: S\u00ed<\/li>\n<li>Active Voice Amplifier (AVA): S\u00ed<\/li>\n<li>Adaptive Sound+: S\u00ed<\/li>\n<li>Enhanced Audio Return Channel (eARC): S\u00ed<\/li>\n<li>Control de Sonido Adaptativo (ASC): S\u00ed<\/li>\n<\/ul>\n<p><strong>Puertos e Interfaces<\/strong><\/p>\n<ul>\n<li>N\u00famero de Puertos HDMI: 4<\/li>\n<li>Versi\u00f3n HDMI: 2.1<\/li>\n<li>Canal de Retorno de Audio (ARC): S\u00ed<\/li>\n<li>Ethernet LAN (RJ-45): 1<\/li>\n<li>Cantidad de Puertos USB: 2<\/li>\n<li>Audio Digital, Salida \u00d3ptica: 1<\/li>\n<li>N\u00famero de Puertos RF: 4<\/li>\n<li>Interfaz Com\u00fan (CI): S\u00ed<\/li>\n<li>Interfaz Com\u00fan Plus (CI+): S\u00ed<\/li>\n<li>Control de Electr\u00f3nica de Consumo (CEC): Anynet+<\/li>\n<\/ul>\n<p><strong>Peso y Dimensiones<\/strong><\/p>\n<ul>\n<li>Ancho del Dispositivo (con Soporte): 1446.5mm<\/li>\n<li>Ancho (sin Base): 144.7mm<\/li>\n<li>Altura del Dispositivo (con Soporte): 891.3mm<\/li>\n<li>Profundidad del Dispositivo (con Soporte): 285.7mm<\/li>\n<li>Altura (sin Base): 82.9mm<\/li>\n<li>Profundidad (sin Base): 4.63mm<\/li>\n<li>Peso (con Soporte): 22.9kg<\/li>\n<li>Peso (sin Base): 26.1kg<\/li>\n<li>Ancho del Soporte: 39mm<\/li>\n<li>Profundidad del Soporte: 28.6mm<\/li>\n<\/ul>\n<p><strong>Control de Energ\u00eda<\/strong><\/p>\n<ul>\n<li>Eficiencia Energ\u00e9tica (SDR): G<\/li>\n<li>Eficiencia Energ\u00e9tica (HDR): G<\/li>\n<li>Consumo Energ\u00e9tico (SDR) por 1000 Horas: 112<\/li>\n<li>Consumo Energ\u00e9tico (HDR) por 1000 Horas: 292<\/li>\n<li>Consumo Energ\u00e9tico: 112W<\/li>\n<li>Consumo de Energ\u00eda (M\u00e1x): 295W<\/li>\n<li>Consumo de Energ\u00eda (Inactivo): 0.5W<\/li>\n<li>Voltaje de Entrada AC: 220-240V<\/li>\n<li>Frecuencia de Entrada AC: 50-60Hz<\/li>\n<li>Modo de Ahorro de Energ\u00eda: S\u00ed<\/li>\n<\/ul>\n<p><strong>Detalles T\u00e9cnicos<\/strong><\/p>\n<ul>\n<li>\u00cdndice de Reparabilidad: 8.2<\/li>\n<\/ul>\n<p><strong>Empaquetado<\/strong><\/p>\n<ul>\n<li>Soporte de Sobremesa: S\u00ed<\/li>\n<li>Cables Incluidos: Corriente alterna<\/li>\n<li>Mando a Distancia Incluido: S\u00ed<\/li>\n<li>Tipo de Control Remoto: TM2360<\/li>\n<li>Manual Electr\u00f3nico: S\u00ed<\/li>\n<li>Ancho del Paquete: 1622mm<\/li>\n<li>Altura del Paquete: 935mm<\/li>\n<li>Profundidad del Paquete: 185mm<\/li>\n<li>Peso del Paquete: 33.5kg<\/li>\n<li>Tipo de Embalaje: Caja<\/li>\n<\/ul>\n<p><strong>Sintonizador de la TV<\/strong><\/p>\n<ul>\n<li>Tipo de Sintonizador: Anal\u00f3gico y digital<\/li>\n<li>N\u00famero de Sintonizadores: 1<\/li>\n<li>Autob\u00fasqueda de Canal: S\u00ed<\/li>\n<li>Formato de Se\u00f1al Digital: DVB-C, DVB-S2, DVB-T2<\/li>\n<\/ul>\n<p><strong>Caracter\u00edsticas de Administraci\u00f3n<\/strong><\/p>\n<ul>\n<li>Control por Voz: S\u00ed<\/li>\n<li>Voice Guide: S\u00ed<\/li>\n<li>Gu\u00eda Electr\u00f3nica de Programaci\u00f3n: S\u00ed<\/li>\n<li>Exhibici\u00f3n en Pantalla (OSD): S\u00ed<\/li>\n<li>N\u00famero de Lenguajes OSD: 29<\/li>\n<li>Imagen en Imagen: S\u00ed<\/li>\n<li>Modo ECO: S\u00ed<\/li>\n<li>Apagado Autom\u00e1tico: S\u00ed<\/li>\n<li>Funciona con Amazon Alexa: S\u00ed<\/li>\n<li>Funciona con el Asistente de Google: S\u00ed<\/li>\n<li>Funciona con Samsung Bixby: S\u00ed<\/li>\n<\/ul>\n<p><strong>Dise\u00f1o<\/strong><\/p>\n<ul>\n<li>Color del Producto: Plata<\/li>\n<li>Nombre del Color: Carbon Silver<\/li>\n<li>Montaje VESA: S\u00ed<\/li>\n<li>Interfaz de Panel de Montaje: 400 x 300<\/li>\n<li>Bezel Type: 3 Bezel-less<\/li>\n<li>Tipo de Soporte: Soporte central<\/li>\n<\/ul>\n<p><strong>Desempe\u00f1o<\/strong><\/p>\n<ul>\n<li>Alto Rango Din\u00e1mico (HDR): S\u00ed<\/li>\n<li>Tecnolog\u00eda de Procesamiento de Imagen: Procesador Neural Quantum 4K<\/li>\n<li>AMD FreeSync: S\u00ed<\/li>\n<li>Tipo de FreeSync de AMD: FreeSync Premium Pro<\/li>\n<\/ul>\n<p><strong>Smart TV<\/strong><\/p>\n<ul>\n<li>Wifi: S\u00ed<\/li>\n<li>Ethernet: S\u00ed<\/li>\n<li>Wi-Fi Est\u00e1ndares: Wi-Fi<\/li>\n<\/ul>\n<\/div>\n","protected":false},"excerpt":{"rendered":"<p>Exhibici\u00f3n Pulgadas: 65&#8243; Resoluci\u00f3n: 4K Ultra HD (3840 x 2160) Tecnolog\u00eda del Panel: QLED Retroiluminaci\u00f3n LED: S\u00ed Relaci\u00f3n de Aspecto<\/p>\n","protected":false},"featured_media":209012,"comment_status":"open","ping_status":"closed","template":"","meta":{"_joinchat":[]},"product_cat":[6464,7069,795],"product_tag":[],"class_list":{"0":"post-209008","1":"product","2":"type-product","3":"status-publish","4":"has-post-thumbnail","6":"product_cat-televisores-electronica","7":"product_cat-tv-60-79","8":"product_cat-electronica","10":"first","11":"instock","12":"sale","13":"taxable","14":"shipping-taxable","15":"purchasable","16":"product-type-simple"},"_links":{"self":[{"href":"https:\/\/desdropi.com\/elparque\/wp-json\/wp\/v2\/product\/209008"}],"collection":[{"href":"https:\/\/desdropi.com\/elparque\/wp-json\/wp\/v2\/product"}],"about":[{"href":"https:\/\/desdropi.com\/elparque\/wp-json\/wp\/v2\/types\/product"}],"replies":[{"embeddable":true,"href":"https:\/\/desdropi.com\/elparque\/wp-json\/wp\/v2\/comments?post=209008"}],"version-history":[{"count":0,"href":"https:\/\/desdropi.com\/elparque\/wp-json\/wp\/v2\/product\/209008\/revisions"}],"wp:featuredmedia":[{"embeddable":true,"href":"https:\/\/desdropi.com\/elparque\/wp-json\/wp\/v2\/media\/209012"}],"wp:attachment":[{"href":"https:\/\/desdropi.com\/elparque\/wp-json\/wp\/v2\/media?parent=209008"}],"wp:term":[{"taxonomy":"product_cat","embeddable":true,"href":"https:\/\/desdropi.com\/elparque\/wp-json\/wp\/v2\/product_cat?post=209008"},{"taxonomy":"product_tag","embeddable":true,"href":"https:\/\/desdropi.com\/elparque\/wp-json\/wp\/v2\/product_tag?post=209008"}],"curies":[{"name":"wp","href":"https:\/\/api.w.org\/{rel}","templated":true}]}}