{"id":209093,"date":"2023-11-21T18:05:44","date_gmt":"2023-11-21T17:05:44","guid":{"rendered":"https:\/\/desdropi.com\/elparque\/?post_type=product&#038;p=209093"},"modified":"2024-05-17T13:01:40","modified_gmt":"2024-05-17T11:01:40","slug":"televisor-lg-55-55c34la-uhd-oled-alfa9-dolbyatmos","status":"publish","type":"product","link":"https:\/\/desdropi.com\/elparque\/televisor-lg-55-55c34la-uhd-oled-alfa9-dolbyatmos\/","title":{"rendered":"Televisor LG 55&#8243; 55C34LA UHD OLED ALFA9 DOLBYATMOS"},"content":{"rendered":"<div class=\"descripcion-tab\">\n<strong>Exhibici\u00f3n<\/strong><\/p>\n<ul>\n<li>Relaci\u00f3n de aspecto nativa: 16:9<\/li>\n<li>Formato de pantalla, ajustes: 4:3, 16:9, Acercar<\/li>\n<li>Tiempo de respuesta: 0,14<\/li>\n<li>Tecnolog\u00eda de interpolaci\u00f3n de movimiento: OLED Motion<\/li>\n<li>Frecuencia nativa de refresco: 120<\/li>\n<li>\u00c1ngulo de visi\u00f3n, horizontal: 180<\/li>\n<li>Diagonal de pantalla: 139,7<\/li>\n<li>Tipo de matriz: OLED<\/li>\n<li>Retroiluminaci\u00f3n del panel: OLED<\/li>\n<li>Pulgadas: 55&#8243;<\/li>\n<li>Resoluci\u00f3n: 4K Ultra HD<\/li>\n<li>Resoluci\u00f3n de la pantalla: 3840 x 2160<\/li>\n<li>Escaneado progresivo: S\u00ed<\/li>\n<li>Tecnolog\u00eda del panel: OLED<\/li>\n<li>Forma de la pantalla: Plana<\/li>\n<\/ul>\n<p><strong>Audio<\/strong><\/p>\n<ul>\n<li>N\u00famero de altavoces: 4<\/li>\n<li>Potencia estimada RMS: 40<\/li>\n<li>Subwoofer incorporado: S\u00ed<\/li>\n<li>Decodificadores incorporados: Dolby Atmos, Dolby Digital<\/li>\n<li>Modos de sonido: AI Sound Pro<\/li>\n<li>Nivelador autom\u00e1tico de volumen: S\u00ed<\/li>\n<li>Adaptive sound: S\u00ed<\/li>\n<li>Object Tracking Sound+ (OTS+): No<\/li>\n<li>Enhanced Audio Return Channel (eARC) (Canal de retorno de audio mejorado): S\u00ed<\/li>\n<li>Control de sonido adaptativo (ASC, Adaptive Sound Control): S\u00ed<\/li>\n<\/ul>\n<p><strong>Puertos e Interfaces<\/strong><\/p>\n<ul>\n<li>N\u00famero de puertos HDMI: 4<\/li>\n<li>PC (D-Sub): No<\/li>\n<li>Versi\u00f3n HDMI: 2.1<\/li>\n<li>Canal de retorno de audio (ARC): S\u00ed<\/li>\n<li>Enlace de alta definici\u00f3n m\u00f3vil (MHL): No<\/li>\n<li>HDCP: S\u00ed<\/li>\n<li>Puerto DVI: No<\/li>\n<li>Ethernet LAN (RJ-45) cantidad de puertos: 1<\/li>\n<li>Cantidad de puertos USB 2.0: 3<\/li>\n<li>Entrada de audio para PC: No<\/li>\n<li>Audio digital, salida \u00f3ptica: 1<\/li>\n<li>N\u00famero de puertos RF: 1<\/li>\n<li>Tipo de conector RF: F, IEC<\/li>\n<li>Interfaz com\u00fan: S\u00ed<\/li>\n<li>Interfaz com\u00fan Plus (CI+): S\u00ed<\/li>\n<li>Control de electr\u00f3nica de consumo (CEC): SimpLink<\/li>\n<li>Wireless Display de Intel\u00ae (Intel\u00ae WiDi): No<\/li>\n<li>Entrada de CA: S\u00ed<\/li>\n<\/ul>\n<p><strong>Peso y Dimensiones<\/strong><\/p>\n<ul>\n<li>Ancho del dispositivo (con soporte): 1222<\/li>\n<li>Profundidad del dispositivo (con soporte): 230<\/li>\n<li>Altura del dispositivo (con soporte): 757<\/li>\n<li>Peso (con soporte): 16<\/li>\n<li>Ancho (sin base): 122,2<\/li>\n<li>Profundidad (sin base): 4,51<\/li>\n<li>Altura (sin base): 70,3<\/li>\n<li>Peso (sin base): 14,1<\/li>\n<li>Ancho del soporte: 47<\/li>\n<\/ul>\n<p><strong>Control de Energ\u00eda<\/strong><\/p>\n<ul>\n<li>Clase de eficiencia energ\u00e9tica (SDR): G<\/li>\n<li>Clase de eficiencia energ\u00e9tica (HDR): G<\/li>\n<li>Consumo de energ\u00eda (HDR) por 1000 horas: 143<\/li>\n<li>Consumo de energ\u00eda (inactivo): 0,5<\/li>\n<li>Voltaje de entrada AC: 100 &#8211; 240<\/li>\n<li>Frecuencia de entrada AC: 50\/60<\/li>\n<li>Escala de eficiencia energ\u00e9tica: De la A a la G<\/li>\n<li>Modo de ahorro de energ\u00eda: S\u00ed<\/li>\n<\/ul>\n<p><strong>Empaquetado<\/strong><\/p>\n<ul>\n<li>Soporte de sobremesa: S\u00ed<\/li>\n<li>Incluye mando a distancia Smart Remote: S\u00ed<\/li>\n<li>Manual electr\u00f3nico: S\u00ed<\/li>\n<li>Ancho del paquete: 1360<\/li>\n<li>Profundidad del paquete: 187<\/li>\n<li>Altura del paquete: 810<\/li>\n<li>Peso del paquete: 21,3<\/li>\n<li>Tipo de embalaje: Caja<\/li>\n<\/ul>\n<p><strong>Sintonizador de la TV<\/strong><\/p>\n<ul>\n<li>Tipo de sintonizador: Digital<\/li>\n<li>Se\u00f1al anal\u00f3gica: No compatible<\/li>\n<li>N\u00famero de sintonizadores: 1<\/li>\n<li>B\u00fasqueda autom\u00e1tica de canales: S\u00ed<\/li>\n<li>Formato de se\u00f1al digital: DVB-S2, DVB-T2<\/li>\n<\/ul>\n<p><strong>Otras caracter\u00edsticas<\/strong><\/p>\n<ul>\n<li>Frecuencia de escaneo de pantalla: 100\/120 Hz<\/li>\n<\/ul>\n<p><strong>Caracter\u00edsticas de administraci\u00f3n<\/strong><\/p>\n<ul>\n<li>Control por voz: S\u00ed<\/li>\n<li>Gu\u00eda electr\u00f3nica de programaci\u00f3n: S\u00ed<\/li>\n<li>Exhibici\u00f3n en pantalla (OSD): S\u00ed<\/li>\n<li>N\u00famero de lenguajes OSD: 37<\/li>\n<li>Imagen en imagen: S\u00ed<\/li>\n<li>Modo hotel: S\u00ed<\/li>\n<li>Modo ECO: S\u00ed<\/li>\n<li>Firmware actualizable: S\u00ed<\/li>\n<li>Apagado autom\u00e1tico: S\u00ed<\/li>\n<li>Temporizador de apagado: S\u00ed<\/li>\n<li>Temporizador Encendido\/Apagado: S\u00ed<\/li>\n<li>Funciona con Amazon Alexa: S\u00ed<\/li>\n<\/ul>\n<p><strong>Dise\u00f1o<\/strong><\/p>\n<ul>\n<li>Color del producto: Plata<\/li>\n<li>Nombre del color: Dark Titan Silver<\/li>\n<li>Montaje VESA: S\u00ed<\/li>\n<li>Interfaz de panel de montaje: 300 x 200<\/li>\n<\/ul>\n<p><strong>Desempe\u00f1o<\/strong><\/p>\n<ul>\n<li>Control parental: S\u00ed<\/li>\n<li>Soporte remoto inteligente: S\u00ed<\/li>\n<li>Grabaci\u00f3n USB: No<\/li>\n<li>Alto Rango Din\u00e1mico (HDR): S\u00ed<\/li>\n<li>Tecnolog\u00eda HDR: Dolby Vision, Filmmaker Mode, HDR10, Hybrid Log-Gamma (HLG)<\/li>\n<li>Modo de juego: S\u00ed<\/li>\n<li>Funciones de teletexto: S\u00ed<\/li>\n<li>Teletexto: 2000<\/li>\n<li>Est\u00e1ndares de teletexto: Texto superior<\/li>\n<li>Funci\u00f3n de subt\u00edtulos: S\u00ed<\/li>\n<li>Formatos de v\u00eddeo compatibles: HEVC, VP9<\/li>\n<li>Formatos de audio soportados: AAC, AC3, AC4, EAC3, HE-AAC, MP2, MP3, PCM, WMA, apt-X<\/li>\n<li>Formatos de compresi\u00f3n de video: H.265, HEVC, MPEG2, MPEG4, VP9<\/li>\n<li>Formatos de subt\u00edtulos soportados: DVB<\/li>\n<li>Sensor de luz ambiental: S\u00ed<\/li>\n<li>Oscurecimiento local: No<\/li>\n<li>Tecnolog\u00eda de procesamiento de imagen: LG AI Picture Pro<\/li>\n<li>Reducci\u00f3n de ruido: S\u00ed<\/li>\n<li>AMD FreeSync: S\u00ed<\/li>\n<li>Tipo de FreeSync de AMD: FreeSync Premium<\/li>\n<li>NVIDIA G-SYNC: S\u00ed<\/li>\n<li>Funciones de juego: Modo autom\u00e1tico de baja latencia (ALLM), Game Dashboard, Game Optimizer, Frecuencia de actualizaci\u00f3n variable (VRR)<\/li>\n<li>4K upscaler: S\u00ed<\/li>\n<li>Ampliaci\u00f3n de la escala de video: S\u00ed<\/li>\n<\/ul>\n<p><strong>Smart TV<\/strong><\/p>\n<ul>\n<li>Versi\u00f3n de sistema operativo: webOS 23<\/li>\n<li>Duplicaci\u00f3n de pantalla: S\u00ed<\/li>\n<li>V\u00eddeo a la carta de apoyo (VOD): S\u00ed<\/li>\n<li>Apple AirPlay 2 support: S\u00ed<\/li>\n<li>HbbTV: S\u00ed<\/li>\n<li>Modos inteligentes: Cine, Modo director, Deportes, Est\u00e1ndar, Vivo<\/li>\n<li>Aplicaciones de v\u00eddeo: Amazon Prime Video, Apple TV, DAZN, Disney+, NOW TV, Netflix, RaiPlay, Rakuten TV, YouTube<\/li>\n<li>Aplicaciones de m\u00fasica: Spotify<\/li>\n<li>Aplicaciones de deportes: DAZN, Sports Alerts<\/li>\n<li>Aplicaciones de estilo de vida: Sedition Art<\/li>\n<li>TV por Internet: S\u00ed<\/li>\n<li>Smart TV: S\u00ed<\/li>\n<li>Sistema operativo instalado: Web OS<\/li>\n<\/ul>\n<p><strong>Conexi\u00f3n<\/strong><\/p>\n<ul>\n<li>Wifi: S\u00ed<\/li>\n<li>Ethernet: S\u00ed<\/li>\n<li>Wi-Fi est\u00e1ndares: 802.11a, 802.11b, 802.11g, Wi-Fi 4 (802.11n), Wi-Fi 5 (802.11ac)<\/li>\n<li>Bluetooth: S\u00ed<\/li>\n<li>Versi\u00f3n de Bluetooth: 5.0<\/li>\n<li>Bluetooth Low Energy (BLE): S\u00ed<\/li>\n<li>Miracast: S\u00ed<\/li>\n<li>Navegaci\u00f3n: S\u00ed<\/li>\n<li>Navegador web: S\u00ed<\/li>\n<\/ul>\n<\/div>\n","protected":false},"excerpt":{"rendered":"<p>Exhibici\u00f3n Relaci\u00f3n de aspecto nativa: 16:9 Formato de pantalla, ajustes: 4:3, 16:9, Acercar Tiempo de respuesta: 0,14 Tecnolog\u00eda de interpolaci\u00f3n<\/p>\n","protected":false},"featured_media":0,"comment_status":"open","ping_status":"closed","template":"","meta":{"_joinchat":[]},"product_cat":[6464,7068,795],"product_tag":[],"class_list":{"0":"post-209093","1":"product","2":"type-product","3":"status-publish","5":"product_cat-televisores-electronica","6":"product_cat-tv-40-59","7":"product_cat-electronica","9":"first","10":"instock","11":"sale","12":"taxable","13":"shipping-taxable","14":"purchasable","15":"product-type-simple"},"_links":{"self":[{"href":"https:\/\/desdropi.com\/elparque\/wp-json\/wp\/v2\/product\/209093"}],"collection":[{"href":"https:\/\/desdropi.com\/elparque\/wp-json\/wp\/v2\/product"}],"about":[{"href":"https:\/\/desdropi.com\/elparque\/wp-json\/wp\/v2\/types\/product"}],"replies":[{"embeddable":true,"href":"https:\/\/desdropi.com\/elparque\/wp-json\/wp\/v2\/comments?post=209093"}],"version-history":[{"count":0,"href":"https:\/\/desdropi.com\/elparque\/wp-json\/wp\/v2\/product\/209093\/revisions"}],"wp:attachment":[{"href":"https:\/\/desdropi.com\/elparque\/wp-json\/wp\/v2\/media?parent=209093"}],"wp:term":[{"taxonomy":"product_cat","embeddable":true,"href":"https:\/\/desdropi.com\/elparque\/wp-json\/wp\/v2\/product_cat?post=209093"},{"taxonomy":"product_tag","embeddable":true,"href":"https:\/\/desdropi.com\/elparque\/wp-json\/wp\/v2\/product_tag?post=209093"}],"curies":[{"name":"wp","href":"https:\/\/api.w.org\/{rel}","templated":true}]}}