{"id":209112,"date":"2023-11-21T19:39:36","date_gmt":"2023-11-21T18:39:36","guid":{"rendered":"https:\/\/desdropi.com\/elparque\/?post_type=product&#038;p=209112"},"modified":"2024-06-05T11:33:56","modified_gmt":"2024-06-05T09:33:56","slug":"televisores-lg-75-75nano766qa-uhd-nanocell-alfa5-aithinq","status":"publish","type":"product","link":"https:\/\/desdropi.com\/elparque\/televisores-lg-75-75nano766qa-uhd-nanocell-alfa5-aithinq\/","title":{"rendered":"Televisores LG 75&#8243; 75NANO766QA UHD NANOCELL ALFA5 AITHINQ"},"content":{"rendered":"<div class=\"descripcion-tab\">\n<p><strong>Caracter\u00edsticas<\/strong><\/p>\n<ul>\n<li>Pulgadas: 75&#8243;<\/li>\n<li>Resoluci\u00f3n de la pantalla: 3840 x 2160<\/li>\n<li>Tecnolog\u00eda del panel: NanoCell<\/li>\n<li>Forma de la pantalla: Plana<\/li>\n<li>Formato de se\u00f1al digital: DVB-C, DVB-S2, DVB-T2<\/li>\n<li>Smart TV: S\u00ed<\/li>\n<li>Sistema operativo instalado: Web OS<\/li>\n<li>Potencia estimada RMS: 20<\/li>\n<li>Wifi: S\u00ed<\/li>\n<li>Miracast: S\u00ed<\/li>\n<li>AMD FreeSync: S\u00ed<\/li>\n<li>Tipo de matriz: IPS<\/li>\n<li>Retroiluminaci\u00f3n del panel: Direct LED<\/li>\n<li>Resoluci\u00f3n: 4K Ultra HD<\/li>\n<\/ul>\n<p><strong>Exhibici\u00f3n<\/strong><\/p>\n<ul>\n<li>Pulgadas: 75&#8243;<\/li>\n<li>Resoluci\u00f3n de la pantalla: 3840 x 2160<\/li>\n<li>Tecnolog\u00eda del panel: NanoCell<\/li>\n<li>Relaci\u00f3n de aspecto nativa: 16:9<\/li>\n<li>Frecuencia nativa de refresco: 60<\/li>\n<li>Diagonal de pantalla: 190,5<\/li>\n<li>Resoluci\u00f3n: 4K Ultra HD<\/li>\n<li>Tipo de matriz: IPS<\/li>\n<li>Retroiluminaci\u00f3n del panel: Direct LED<\/li>\n<li>Forma de la pantalla: Plana<\/li>\n<\/ul>\n<p><strong>Audio<\/strong><\/p>\n<ul>\n<li>N\u00famero de altavoces: 2<\/li>\n<li>Potencia estimada RMS: 20<\/li>\n<li>Decodificadores incorporados: Dolby Atmos<\/li>\n<li>Modos de sonido: AI Sound Pro, Clear Voice Pro<\/li>\n<\/ul>\n<p><strong>Puertos e Interfaces<\/strong><\/p>\n<ul>\n<li>PC (D-Sub): No<\/li>\n<li>N\u00famero de puertos HDMI: 3<\/li>\n<li>Versi\u00f3n HDMI: 2.0<\/li>\n<li>Ethernet LAN (RJ-45) cantidad de puertos: 1<\/li>\n<li>Cantidad de puertos USB 2.0: 2<\/li>\n<li>Audio digital, salida \u00f3ptica: 1<\/li>\n<li>N\u00famero de puertos RF: 1<\/li>\n<li>Interfaz com\u00fan: S\u00ed<\/li>\n<li>Interfaz com\u00fan Plus (CI+): S\u00ed<\/li>\n<li>Wireless Display de Intel\u00ae (Intel\u00ae WiDi): S\u00ed<\/li>\n<\/ul>\n<p><strong>Peso y dimensiones<\/strong><\/p>\n<ul>\n<li>Ancho del dispositivo (con soporte): 1678<\/li>\n<li>Ancho (sin base): 167,8<\/li>\n<li>Profundidad del dispositivo (con soporte): 378<\/li>\n<li>Altura del dispositivo (con soporte): 1045<\/li>\n<li>Peso (con soporte): 34,6<\/li>\n<li>Profundidad (sin base): 5,99<\/li>\n<li>Altura (sin base): 96,4<\/li>\n<li>Peso (sin base): 31,4<\/li>\n<\/ul>\n<p><strong>Control de energ\u00eda<\/strong><\/p>\n<ul>\n<li>Clase de eficiencia energ\u00e9tica (SDR): G<\/li>\n<li>Clase de eficiencia energ\u00e9tica (HDR): G<\/li>\n<li>Consumo de energ\u00eda (SDR) por 1000 horas: 138<\/li>\n<li>Consumo de energ\u00eda (HDR) por 1000 horas: 201<\/li>\n<li>Consumo de energ\u00eda (inactivo): 0,5<\/li>\n<li>Voltaje de entrada AC: 100 &#8211; 240<\/li>\n<li>Frecuencia de entrada AC: 50\/60<\/li>\n<li>Escala de eficiencia energ\u00e9tica: De la A a la G<\/li>\n<\/ul>\n<p><strong>Empaquetado<\/strong><\/p>\n<ul>\n<li>Soporte de sobremesa: S\u00ed<\/li>\n<li>Mando a distancia incluido: S\u00ed<\/li>\n<\/ul>\n<p><strong>Sintonizador de la TV<\/strong><\/p>\n<ul>\n<li>Tipo de sintonizador: Anal\u00f3gico y digital<\/li>\n<li>Formato de se\u00f1al digital: DVB-C, DVB-S2, DVB-T2<\/li>\n<\/ul>\n<p><strong>Caracter\u00edsticas de administraci\u00f3n<\/strong><\/p>\n<ul>\n<li>Control por voz: S\u00ed<\/li>\n<\/ul>\n<p><strong>Dise\u00f1o<\/strong><\/p>\n<ul>\n<li>Color del producto: Azul<\/li>\n<li>Montaje VESA: S\u00ed<\/li>\n<li>Interfaz de panel de montaje: 400 x 400<\/li>\n<li>Dise\u00f1o sin marco: S\u00ed<\/li>\n<li>A\u00f1o del modelo: 2022<\/li>\n<li>Tipo de soporte: Soporte central<\/li>\n<li>Color del soporte: Negro<\/li>\n<\/ul>\n<p><strong>Desempe\u00f1o<\/strong><\/p>\n<ul>\n<li>Alto Rango Din\u00e1mico (HDR): S\u00ed<\/li>\n<li>Tecnolog\u00eda HDR: High Dynamic Range 10 Pro (HDR10 Pro), Hybrid Log-Gamma (HLG)<\/li>\n<li>Modo de juego: S\u00ed<\/li>\n<li>Funciones de teletexto: S\u00ed<\/li>\n<li>Teletexto: 2000<\/li>\n<li>Reducci\u00f3n de ruido: No<\/li>\n<li>Tecnolog\u00eda de procesamiento de imagen: LG True Color Accuracy<\/li>\n<li>AMD FreeSync: S\u00ed<\/li>\n<li>4K upscaler: S\u00ed<\/li>\n<li>Grabaci\u00f3n USB: S\u00ed<\/li>\n<\/ul>\n<p><strong>Smart TV<\/strong><\/p>\n<ul>\n<li>TV por Internet: S\u00ed<\/li>\n<li>Grabaci\u00f3n diferida (timeshift): S\u00ed<\/li>\n<li>Apple AirPlay 2 support: S\u00ed<\/li>\n<li>Smart TV: S\u00ed<\/li>\n<li>Sistema operativo instalado: Web OS<\/li>\n<\/ul>\n<p><strong>Conexi\u00f3n<\/strong><\/p>\n<ul>\n<li>Wifi: S\u00ed<\/li>\n<li>Ethernet: S\u00ed<\/li>\n<li>Wi-Fi est\u00e1ndares: Wi-Fi 5 (802.11ac)<\/li>\n<li>Bluetooth: S\u00ed<\/li>\n<li>Versi\u00f3n de Bluetooth: 5.0<\/li>\n<li>Miracast: S\u00ed<\/li>\n<li>Navegaci\u00f3n: S\u00ed<\/li>\n<li>Navegador web: S\u00ed<\/li>\n<\/ul>\n<\/div>\n","protected":false},"excerpt":{"rendered":"<p>Caracter\u00edsticas Pulgadas: 75&#8243; Resoluci\u00f3n de la pantalla: 3840 x 2160 Tecnolog\u00eda del panel: NanoCell Forma de la pantalla: Plana Formato<\/p>\n","protected":false},"featured_media":209115,"comment_status":"open","ping_status":"closed","template":"","meta":{"_joinchat":[]},"product_cat":[6464,7069,795],"product_tag":[],"class_list":{"0":"post-209112","1":"product","2":"type-product","3":"status-publish","4":"has-post-thumbnail","6":"product_cat-televisores-electronica","7":"product_cat-tv-60-79","8":"product_cat-electronica","10":"first","11":"instock","12":"taxable","13":"shipping-taxable","14":"purchasable","15":"product-type-simple"},"_links":{"self":[{"href":"https:\/\/desdropi.com\/elparque\/wp-json\/wp\/v2\/product\/209112"}],"collection":[{"href":"https:\/\/desdropi.com\/elparque\/wp-json\/wp\/v2\/product"}],"about":[{"href":"https:\/\/desdropi.com\/elparque\/wp-json\/wp\/v2\/types\/product"}],"replies":[{"embeddable":true,"href":"https:\/\/desdropi.com\/elparque\/wp-json\/wp\/v2\/comments?post=209112"}],"version-history":[{"count":0,"href":"https:\/\/desdropi.com\/elparque\/wp-json\/wp\/v2\/product\/209112\/revisions"}],"wp:featuredmedia":[{"embeddable":true,"href":"https:\/\/desdropi.com\/elparque\/wp-json\/wp\/v2\/media\/209115"}],"wp:attachment":[{"href":"https:\/\/desdropi.com\/elparque\/wp-json\/wp\/v2\/media?parent=209112"}],"wp:term":[{"taxonomy":"product_cat","embeddable":true,"href":"https:\/\/desdropi.com\/elparque\/wp-json\/wp\/v2\/product_cat?post=209112"},{"taxonomy":"product_tag","embeddable":true,"href":"https:\/\/desdropi.com\/elparque\/wp-json\/wp\/v2\/product_tag?post=209112"}],"curies":[{"name":"wp","href":"https:\/\/api.w.org\/{rel}","templated":true}]}}