{"id":209202,"date":"2023-11-22T20:54:09","date_gmt":"2023-11-22T19:54:09","guid":{"rendered":"https:\/\/desdropi.com\/elparque\/?post_type=product&#038;p=209202"},"modified":"2024-06-05T11:33:56","modified_gmt":"2024-06-05T09:33:56","slug":"auriculares-samsung-buds-fe-white","status":"publish","type":"product","link":"https:\/\/desdropi.com\/elparque\/auriculares-samsung-buds-fe-white\/","title":{"rendered":"Auriculares SAMSUNG BUDS FE WHITE"},"content":{"rendered":"<div class=\"descripcion-tab\">\n<strong>Puertos e Interfaces<\/strong><\/p>\n<ul>\n<li>Tecnolog\u00eda de conectividad: Inal\u00e1mbrico<\/li>\n<li>Conector de 3,5 mm: No<\/li>\n<li>Conexi\u00f3n USB: No<\/li>\n<li>Bluetooth: S\u00ed<\/li>\n<li>Versi\u00f3n de Bluetooth: 5.2<\/li>\n<\/ul>\n<p><strong>Peso y dimensiones<\/strong><\/p>\n<ul>\n<li>Ancho: 17,1 mm<\/li>\n<li>Profundidad: 19,2 mm<\/li>\n<li>Altura: 22,2 mm<\/li>\n<li>Peso del auricular izquierdo: 5 g<\/li>\n<li>Peso del auricular derecho: 5 g<\/li>\n<\/ul>\n<p><strong>Micr\u00f3fono<\/strong><\/p>\n<ul>\n<li>Tipo de micr\u00f3fono: Integrado<\/li>\n<li>N\u00famero de micr\u00f3fonos: 3<\/li>\n<\/ul>\n<p><strong>Auriculares<\/strong><\/p>\n<ul>\n<li>Aud\u00edfonos: Intraaural<\/li>\n<\/ul>\n<p><strong>Contenido del embalaje<\/strong><\/p>\n<ul>\n<li>Capacidad del estuche de carga: 505 mAh<\/li>\n<li>Tipo de estuche de carga: Al\u00e1mbrico<\/li>\n<li>Tipo de conector del estuche de carga: USB Tipo C<\/li>\n<li>Gu\u00eda de configuraci\u00f3n r\u00e1pida: S\u00ed<\/li>\n<\/ul>\n<p><strong>Bater\u00eda<\/strong><\/p>\n<ul>\n<li>Capacidad de bater\u00eda del auricular derecho: 60 mAh<\/li>\n<li>Capacidad de bater\u00eda del auricular izquierdo: 60 mAh<\/li>\n<li>Tiempo continuo de reproducci\u00f3n de audio: 8,5 horas<\/li>\n<li>Autonom\u00eda en reproducci\u00f3n continua de audio (con estuche de carga): 30 horas<\/li>\n<li>Capacidad de la bater\u00eda (estuche de carga): 505 mAh<\/li>\n<\/ul>\n<p><strong>Desempe\u00f1o<\/strong><\/p>\n<ul>\n<li>Tipo de producto: Auriculares<\/li>\n<li>Estilo de uso: Dentro de o\u00eddo<\/li>\n<li>Uso recomendado: Llamadas y m\u00fasica<\/li>\n<li>Tipo de auricular: Binaural<\/li>\n<li>Color del producto: Blanco<\/li>\n<li>Nombre del color: White<\/li>\n<li>Teclas de funcionamiento: Tecla m\u00faltiple<\/li>\n<li>Tipo de control: Tocar<\/li>\n<li>Funciones de protecci\u00f3n: A prueba de salpicaduras, Resistente al agua<\/li>\n<\/ul>\n<\/div>\n","protected":false},"excerpt":{"rendered":"<p>Puertos e Interfaces Tecnolog\u00eda de conectividad: Inal\u00e1mbrico Conector de 3,5 mm: No Conexi\u00f3n USB: No Bluetooth: S\u00ed Versi\u00f3n de Bluetooth:<\/p>\n","protected":false},"featured_media":209203,"comment_status":"open","ping_status":"closed","template":"","meta":{"_joinchat":[]},"product_cat":[1022,6536,6988,3383],"product_tag":[],"class_list":{"0":"post-209202","1":"product","2":"type-product","3":"status-publish","4":"has-post-thumbnail","6":"product_cat-sonido","7":"product_cat-informatica-y-ocio","8":"product_cat-auriculares-gaming-informatica-y-gaming","9":"product_cat-auriculares","11":"first","12":"instock","13":"taxable","14":"shipping-taxable","15":"purchasable","16":"product-type-simple"},"_links":{"self":[{"href":"https:\/\/desdropi.com\/elparque\/wp-json\/wp\/v2\/product\/209202"}],"collection":[{"href":"https:\/\/desdropi.com\/elparque\/wp-json\/wp\/v2\/product"}],"about":[{"href":"https:\/\/desdropi.com\/elparque\/wp-json\/wp\/v2\/types\/product"}],"replies":[{"embeddable":true,"href":"https:\/\/desdropi.com\/elparque\/wp-json\/wp\/v2\/comments?post=209202"}],"version-history":[{"count":0,"href":"https:\/\/desdropi.com\/elparque\/wp-json\/wp\/v2\/product\/209202\/revisions"}],"wp:featuredmedia":[{"embeddable":true,"href":"https:\/\/desdropi.com\/elparque\/wp-json\/wp\/v2\/media\/209203"}],"wp:attachment":[{"href":"https:\/\/desdropi.com\/elparque\/wp-json\/wp\/v2\/media?parent=209202"}],"wp:term":[{"taxonomy":"product_cat","embeddable":true,"href":"https:\/\/desdropi.com\/elparque\/wp-json\/wp\/v2\/product_cat?post=209202"},{"taxonomy":"product_tag","embeddable":true,"href":"https:\/\/desdropi.com\/elparque\/wp-json\/wp\/v2\/product_tag?post=209202"}],"curies":[{"name":"wp","href":"https:\/\/api.w.org\/{rel}","templated":true}]}}